{"id":8725,"date":"2023-08-03T10:14:23","date_gmt":"2023-08-03T10:14:23","guid":{"rendered":"https:\/\/magniflex.al\/?post_type=product&#038;p=8725"},"modified":"2025-10-27T22:25:33","modified_gmt":"2025-10-27T22:25:33","slug":"massagio-deluxe-2","status":"publish","type":"product","link":"https:\/\/magniflex.al\/en\/product\/massagio-deluxe-2\/","title":{"rendered":"Massaggio Deluxe Medium 25 cm"},"content":{"rendered":"<div data-elementor-type=\"wp-post\" data-elementor-id=\"8725\" class=\"elementor elementor-8725\">\n\t\t\t\t\t\t<section class=\"elementor-section elementor-top-section elementor-element elementor-element-d7e1391 elementor-section-full_width elementor-section-height-min-height elementor-section-items-stretch elementor-section-content-middle elementor-section-stretched elementor-section-height-default wpr-particle-no wpr-jarallax-no wpr-parallax-no wpr-sticky-section-no\" data-id=\"d7e1391\" data-element_type=\"section\" data-settings=\"{&quot;stretch_section&quot;:&quot;section-stretched&quot;}\">\n\t\t\t\t\t\t<div class=\"elementor-container elementor-column-gap-no\">\n\t\t\t\t\t<div class=\"elementor-column elementor-col-33 elementor-top-column elementor-element elementor-element-618004e\" data-id=\"618004e\" data-element_type=\"column\" data-settings=\"{&quot;background_background&quot;:&quot;classic&quot;}\">\n\t\t\t<div class=\"elementor-widget-wrap\">\n\t\t\t\t\t\t\t<\/div>\n\t\t<\/div>\n\t\t\t\t<div class=\"elementor-column elementor-col-66 elementor-top-column elementor-element elementor-element-6f3942f\" data-id=\"6f3942f\" data-element_type=\"column\">\n\t\t\t<div class=\"elementor-widget-wrap elementor-element-populated\">\n\t\t\t\t\t\t<section class=\"elementor-section elementor-inner-section elementor-element elementor-element-a60f543 elementor-section-boxed elementor-section-height-default elementor-section-height-default wpr-particle-no wpr-jarallax-no wpr-parallax-no wpr-sticky-section-no\" data-id=\"a60f543\" data-element_type=\"section\" data-settings=\"{&quot;background_background&quot;:&quot;classic&quot;}\">\n\t\t\t\t\t\t<div class=\"elementor-container elementor-column-gap-default\">\n\t\t\t\t\t<div class=\"elementor-column elementor-col-50 elementor-inner-column elementor-element elementor-element-7fa5276\" data-id=\"7fa5276\" data-element_type=\"column\">\n\t\t\t<div class=\"elementor-widget-wrap elementor-element-populated\">\n\t\t\t\t\t\t<div class=\"elementor-element elementor-element-71bb7b5 elementor-widget__width-initial elementor-widget elementor-widget-text-editor\" data-id=\"71bb7b5\" data-element_type=\"widget\" data-widget_type=\"text-editor.default\">\n\t\t\t\t<div class=\"elementor-widget-container\">\n\t\t\t\t\t\t\t<h4><span class=\"product-tabs tab-pane letter\" style=\"color: #003366;\">A&#8212;&#8212;&#8212;&#8212;&#8212;&#8212;&#8212;&#8212;<\/span><\/h4><h3 class=\"h3\"><strong><span style=\"color: #003366;\">Cover<\/span><\/strong><\/h3><p class=\" translation-block\">Soft-touch Viscose fabric.<br>\n\nHighly breathable 3D fabric\n<br>\nThe mattress cover is removable and easy to wash.<\/p>\t\t\t\t\t\t<\/div>\n\t\t\t\t<\/div>\n\t\t\t\t\t<\/div>\n\t\t<\/div>\n\t\t\t\t<div class=\"elementor-column elementor-col-50 elementor-inner-column elementor-element elementor-element-0fb08e0\" data-id=\"0fb08e0\" data-element_type=\"column\">\n\t\t\t<div class=\"elementor-widget-wrap elementor-element-populated\">\n\t\t\t\t\t\t<div class=\"elementor-element elementor-element-e9e33f2 elementor-widget__width-initial elementor-widget elementor-widget-text-editor\" data-id=\"e9e33f2\" data-element_type=\"widget\" data-widget_type=\"text-editor.default\">\n\t\t\t\t<div class=\"elementor-widget-container\">\n\t\t\t\t\t\t\t<h4><span class=\"product-tabs tab-pane letter\" style=\"color: #003366;\">B&#8212;&#8212;&#8212;&#8212;&#8212;&#8212;&#8212;&#8212;<\/span><\/h4><h3 class=\"h3\"><strong><span style=\"color: #003366;\">The padding<\/span><\/strong><\/h3><p class=\" translation-block\">Two different materials:<\/p><ul><li class=\" translation-block\">Memoform is an anatomical material that molds itself perfectly to the contours of the body. The built-in massaging system regenerates the skin's microcirculation and provides a pleasant feeling of well-being.<\/li><li class=\" translation-block\">The Anti-allergenic, Breathable Fibre provides extra comfort and hygiene during sleep.<\/li><\/ul>\t\t\t\t\t\t<\/div>\n\t\t\t\t<\/div>\n\t\t\t\t\t<\/div>\n\t\t<\/div>\n\t\t\t\t\t<\/div>\n\t\t<\/section>\n\t\t\t\t<section class=\"elementor-section elementor-inner-section elementor-element elementor-element-c2488a4 elementor-section-boxed elementor-section-height-default elementor-section-height-default wpr-particle-no wpr-jarallax-no wpr-parallax-no wpr-sticky-section-no\" data-id=\"c2488a4\" data-element_type=\"section\" data-settings=\"{&quot;background_background&quot;:&quot;classic&quot;}\">\n\t\t\t\t\t\t<div class=\"elementor-container elementor-column-gap-default\">\n\t\t\t\t\t<div class=\"elementor-column elementor-col-50 elementor-inner-column elementor-element elementor-element-1c1b2c6\" data-id=\"1c1b2c6\" data-element_type=\"column\">\n\t\t\t<div class=\"elementor-widget-wrap elementor-element-populated\">\n\t\t\t\t\t\t<div class=\"elementor-element elementor-element-e7b46a7 elementor-widget elementor-widget-text-editor\" data-id=\"e7b46a7\" data-element_type=\"widget\" data-widget_type=\"text-editor.default\">\n\t\t\t\t<div class=\"elementor-widget-container\">\n\t\t\t\t\t\t\t<h4><span style=\"color: #003366;\"><span class=\"product-tabs tab-pane letter\">C<\/span><span class=\"product-tabs tab-pane letter\">&#8212;&#8212;&#8212;&#8212;&#8212;&#8212;&#8212;&#8212;<\/span><\/span><\/h4><h3 class=\"h3\"><strong><span style=\"color: #003366;\">Level of comfort<\/span><\/strong><\/h3><p class=\" translation-block\">The layer in Memoform with a thickness of 2 cm reacts to the body weight, molding itself perfectly to each silhouette and offering cozy comfort and anatomical support to the entire body.<\/p>\t\t\t\t\t\t<\/div>\n\t\t\t\t<\/div>\n\t\t\t\t\t<\/div>\n\t\t<\/div>\n\t\t\t\t<div class=\"elementor-column elementor-col-50 elementor-inner-column elementor-element elementor-element-35f4659\" data-id=\"35f4659\" data-element_type=\"column\">\n\t\t\t<div class=\"elementor-widget-wrap elementor-element-populated\">\n\t\t\t\t\t\t<div class=\"elementor-element elementor-element-2669e7e elementor-widget elementor-widget-text-editor\" data-id=\"2669e7e\" data-element_type=\"widget\" data-widget_type=\"text-editor.default\">\n\t\t\t\t<div class=\"elementor-widget-container\">\n\t\t\t\t\t\t\t<h4><span style=\"color: #003366;\"><span class=\"product-tabs tab-pane letter\">D<\/span><span class=\"product-tabs tab-pane letter\">&#8212;&#8212;&#8212;&#8212;&#8212;&#8212;&#8212;&#8212;<\/span><\/span><\/h4><h3 class=\"h3\"><strong><span style=\"color: #003366;\">Base layer<\/span><\/strong><\/h3><p class=\" translation-block\">The 19 cm thick Elioform layer ensures optimal and firm back support.<\/p>\t\t\t\t\t\t<\/div>\n\t\t\t\t<\/div>\n\t\t\t\t\t<\/div>\n\t\t<\/div>\n\t\t\t\t\t<\/div>\n\t\t<\/section>\n\t\t\t\t\t<\/div>\n\t\t<\/div>\n\t\t\t\t\t<\/div>\n\t\t<\/section>\n\t\t\t\t<\/div>","protected":false},"excerpt":{"rendered":"<p>A&#8212;&#8212;&#8212;&#8212;&#8212;&#8212;&#8212;&#8212; Mbulesa P\u00eblhur\u00eb viskoze me prekje t\u00eb but\u00eb, q\u00eb ofron ndjesi elegance dhe komoditeti.Pjesa an\u00ebsore dhe e poshtme \u00ebsht\u00eb e realizuar me material 3D shum\u00eb t\u00eb frym\u00ebmarrsh\u00ebm, q\u00eb siguron ajrosje maksimale gjat\u00eb gjith\u00eb nat\u00ebs.Mbulesa e dyshekut \u00ebsht\u00eb e heqshme dhe e leht\u00eb p\u00ebr t\u2019u lar\u00eb, duke garantuar prakticitet dhe higjien\u00eb t\u00eb plot\u00eb. B&#8212;&#8212;&#8212;&#8212;&#8212;&#8212;&#8212;&#8212; Mbushja E p\u00ebrb\u00ebr\u00eb nga dy materiale t\u00eb avancuara, q\u00eb kombinojn\u00eb mir\u00ebqenie, higjien\u00eb dhe rehati: Memoform, material anatomik q\u00eb p\u00ebrshtatet n\u00eb m\u00ebnyr\u00eb perfekte me format e trupit. Sistemi i integruar i mikromasazhit ndihmon n\u00eb rigjenerimin e mikrocirkulacionit t\u00eb l\u00ebkur\u00ebs dhe ofron nj\u00eb ndjesi \u00e7lodhjeje dhe mir\u00ebqenieje. Fibr\u00eb anti-alergjike dhe e frym\u00ebmarrshme, q\u00eb siguron rehati shtes\u00eb dhe higjien\u00eb t\u00eb q\u00ebndrueshme gjat\u00eb gjumit. C&#8212;&#8212;&#8212;&#8212;&#8212;&#8212;&#8212;&#8212; Niveli i rehatis\u00eb Shtresa n\u00eb Memoform (trash\u00ebsi 2 cm) reagon ndaj pesh\u00ebs s\u00eb trupit, duke u p\u00ebrshtatur n\u00eb m\u00ebnyr\u00eb ergonomike me \u00e7do siluet\u00eb dhe duke ofruar komfort t\u00eb but\u00eb dhe mb\u00ebshtetje anatomike p\u00ebr gjith\u00eb trupin. D&#8212;&#8212;&#8212;&#8212;&#8212;&#8212;&#8212;&#8212; Shtresa baz\u00eb Shtresa n\u00eb Elioform (trash\u00ebsi 19 cm) garanton mb\u00ebshtetje optimale dhe t\u00eb q\u00ebndrueshme p\u00ebr shpin\u00ebn, duke ruajtur pozicionin natyral t\u00eb shtyll\u00ebs kurrizore.<\/p>","protected":false},"featured_media":8726,"template":"","meta":{"_monsterinsights_skip_tracking":false,"_monsterinsights_sitenote_active":false,"_monsterinsights_sitenote_note":"","_monsterinsights_sitenote_category":0,"site-sidebar-layout":"default","site-content-layout":"","ast-site-content-layout":"default","site-content-style":"default","site-sidebar-style":"default","ast-global-header-display":"","ast-banner-title-visibility":"","ast-main-header-display":"","ast-hfb-above-header-display":"","ast-hfb-below-header-display":"","ast-hfb-mobile-header-display":"","site-post-title":"","ast-breadcrumbs-content":"","ast-featured-img":"","footer-sml-layout":"","theme-transparent-header-meta":"","adv-header-id-meta":"","stick-header-meta":"","header-above-stick-meta":"","header-main-stick-meta":"","header-below-stick-meta":"","astra-migrate-meta-layouts":"default","ast-page-background-enabled":"default","ast-page-background-meta":{"desktop":{"background-color":"var(--ast-global-color-5)","background-image":"","background-repeat":"repeat","background-position":"center center","background-size":"auto","background-attachment":"scroll","background-type":"","background-media":"","overlay-type":"","overlay-color":"","overlay-opacity":"","overlay-gradient":""},"tablet":{"background-color":"","background-image":"","background-repeat":"repeat","background-position":"center center","background-size":"auto","background-attachment":"scroll","background-type":"","background-media":"","overlay-type":"","overlay-color":"","overlay-opacity":"","overlay-gradient":""},"mobile":{"background-color":"","background-image":"","background-repeat":"repeat","background-position":"center center","background-size":"auto","background-attachment":"scroll","background-type":"","background-media":"","overlay-type":"","overlay-color":"","overlay-opacity":"","overlay-gradient":""}},"ast-content-background-meta":{"desktop":{"background-color":"var(--ast-global-color-4)","background-image":"","background-repeat":"repeat","background-position":"center center","background-size":"auto","background-attachment":"scroll","background-type":"","background-media":"","overlay-type":"","overlay-color":"","overlay-opacity":"","overlay-gradient":""},"tablet":{"background-color":"var(--ast-global-color-4)","background-image":"","background-repeat":"repeat","background-position":"center center","background-size":"auto","background-attachment":"scroll","background-type":"","background-media":"","overlay-type":"","overlay-color":"","overlay-opacity":"","overlay-gradient":""},"mobile":{"background-color":"var(--ast-global-color-4)","background-image":"","background-repeat":"repeat","background-position":"center center","background-size":"auto","background-attachment":"scroll","background-type":"","background-media":"","overlay-type":"","overlay-color":"","overlay-opacity":"","overlay-gradient":""}}},"product_cat":[153,257],"product_tag":[],"class_list":{"0":"post-8725","1":"product","2":"type-product","3":"status-publish","4":"has-post-thumbnail","6":"product_cat-dysheke","7":"product_cat-massagio","8":"desktop-align-left","9":"tablet-align-left","10":"mobile-align-left","12":"first","13":"instock","14":"shipping-taxable","15":"purchasable","16":"product-type-variable"},"_links":{"self":[{"href":"https:\/\/magniflex.al\/en\/wp-json\/wp\/v2\/product\/8725","targetHints":{"allow":["GET"]}}],"collection":[{"href":"https:\/\/magniflex.al\/en\/wp-json\/wp\/v2\/product"}],"about":[{"href":"https:\/\/magniflex.al\/en\/wp-json\/wp\/v2\/types\/product"}],"version-history":[{"count":39,"href":"https:\/\/magniflex.al\/en\/wp-json\/wp\/v2\/product\/8725\/revisions"}],"predecessor-version":[{"id":21062,"href":"https:\/\/magniflex.al\/en\/wp-json\/wp\/v2\/product\/8725\/revisions\/21062"}],"wp:featuredmedia":[{"embeddable":true,"href":"https:\/\/magniflex.al\/en\/wp-json\/wp\/v2\/media\/8726"}],"wp:attachment":[{"href":"https:\/\/magniflex.al\/en\/wp-json\/wp\/v2\/media?parent=8725"}],"wp:term":[{"taxonomy":"product_cat","embeddable":true,"href":"https:\/\/magniflex.al\/en\/wp-json\/wp\/v2\/product_cat?post=8725"},{"taxonomy":"product_tag","embeddable":true,"href":"https:\/\/magniflex.al\/en\/wp-json\/wp\/v2\/product_tag?post=8725"}],"curies":[{"name":"wp","href":"https:\/\/api.w.org\/{rel}","templated":true}]}}