{"id":20956,"date":"2025-10-22T14:09:20","date_gmt":"2025-10-22T14:09:20","guid":{"rendered":"https:\/\/magniflex.al\/?post_type=product&#038;p=20956"},"modified":"2026-03-27T11:10:30","modified_gmt":"2026-03-27T11:10:30","slug":"jastek-magnistretch-m","status":"publish","type":"product","link":"https:\/\/magniflex.al\/en\/product\/jastek-magnistretch-m\/","title":{"rendered":"Magnistretch\u00ae M pillow"},"content":{"rendered":"<div data-elementor-type=\"wp-post\" data-elementor-id=\"20956\" class=\"elementor elementor-20956\">\n\t\t\t\t\t\t<section class=\"elementor-section elementor-top-section elementor-element elementor-element-64b93fa elementor-section-full_width elementor-section-height-min-height elementor-section-items-stretch elementor-section-content-middle elementor-section-stretched elementor-section-height-default wpr-particle-no wpr-jarallax-no wpr-parallax-no wpr-sticky-section-no\" data-id=\"64b93fa\" data-element_type=\"section\" data-settings=\"{&quot;stretch_section&quot;:&quot;section-stretched&quot;}\">\n\t\t\t\t\t\t<div class=\"elementor-container elementor-column-gap-no\">\n\t\t\t\t\t<div class=\"elementor-column elementor-col-33 elementor-top-column elementor-element elementor-element-b978255\" data-id=\"b978255\" data-element_type=\"column\" data-settings=\"{&quot;background_background&quot;:&quot;classic&quot;}\">\n\t\t\t<div class=\"elementor-widget-wrap\">\n\t\t\t\t\t\t\t<\/div>\n\t\t<\/div>\n\t\t\t\t<div class=\"elementor-column elementor-col-66 elementor-top-column elementor-element elementor-element-5e2b0d4\" data-id=\"5e2b0d4\" data-element_type=\"column\">\n\t\t\t<div class=\"elementor-widget-wrap elementor-element-populated\">\n\t\t\t\t\t\t<section class=\"elementor-section elementor-inner-section elementor-element elementor-element-ea1cffa elementor-section-boxed elementor-section-height-default elementor-section-height-default wpr-particle-no wpr-jarallax-no wpr-parallax-no wpr-sticky-section-no\" data-id=\"ea1cffa\" data-element_type=\"section\" data-settings=\"{&quot;background_background&quot;:&quot;classic&quot;}\">\n\t\t\t\t\t\t<div class=\"elementor-container elementor-column-gap-default\">\n\t\t\t\t\t<div class=\"elementor-column elementor-col-50 elementor-inner-column elementor-element elementor-element-ee10a2b\" data-id=\"ee10a2b\" data-element_type=\"column\">\n\t\t\t<div class=\"elementor-widget-wrap elementor-element-populated\">\n\t\t\t\t\t\t<div class=\"elementor-element elementor-element-920ddb2 elementor-widget__width-initial elementor-widget elementor-widget-text-editor\" data-id=\"920ddb2\" data-element_type=\"widget\" data-widget_type=\"text-editor.default\">\n\t\t\t\t<div class=\"elementor-widget-container\">\n\t\t\t\t\t\t\t<h3><span style=\"color: #003366;\"><strong><span class=\"product-tabs tab-pane letter\">A&#8212;&#8212;&#8212;&#8212;&#8212;&#8212;&#8212;&#8212;<\/span><\/strong><\/span><\/h3><h3 class=\"h3\"><span style=\"color: #003366;\"><strong>Cover\u00a0<\/strong><\/span><\/h3><p class=\" translation-block\">The Magnicool 3D lining, fresh, thermoregulatory and extremely breathable, has a greater ability to dissipate perspiration, favoring the perspiration of the pillow. In addition, it is easily removable and washable.<\/p>\t\t\t\t\t\t<\/div>\n\t\t\t\t<\/div>\n\t\t\t\t\t<\/div>\n\t\t<\/div>\n\t\t\t\t<div class=\"elementor-column elementor-col-50 elementor-inner-column elementor-element elementor-element-60065e3\" data-id=\"60065e3\" data-element_type=\"column\">\n\t\t\t<div class=\"elementor-widget-wrap elementor-element-populated\">\n\t\t\t\t\t\t<div class=\"elementor-element elementor-element-eb68a83 elementor-widget__width-initial elementor-widget elementor-widget-text-editor\" data-id=\"eb68a83\" data-element_type=\"widget\" data-widget_type=\"text-editor.default\">\n\t\t\t\t<div class=\"elementor-widget-container\">\n\t\t\t\t\t\t\t<h3><span style=\"color: #003366;\"><strong><span class=\"product-tabs tab-pane letter\">B&#8212;&#8212;&#8212;&#8212;&#8212;&#8212;&#8212;&#8212;<\/span><\/strong><\/span><\/h3><h3><span style=\"color: #003366;\"><strong>Hygienic protective layer<\/strong><\/span><\/h3><p class=\" translation-block\">Hygienic drape: Protects the internal layer by increasing the level of hygiene of the pillow.<\/p>\t\t\t\t\t\t<\/div>\n\t\t\t\t<\/div>\n\t\t\t\t\t<\/div>\n\t\t<\/div>\n\t\t\t\t\t<\/div>\n\t\t<\/section>\n\t\t\t\t<section class=\"elementor-section elementor-inner-section elementor-element elementor-element-fd3ecae elementor-section-boxed elementor-section-height-default elementor-section-height-default wpr-particle-no wpr-jarallax-no wpr-parallax-no wpr-sticky-section-no\" data-id=\"fd3ecae\" data-element_type=\"section\" data-settings=\"{&quot;background_background&quot;:&quot;classic&quot;}\">\n\t\t\t\t\t\t<div class=\"elementor-container elementor-column-gap-default\">\n\t\t\t\t\t<div class=\"elementor-column elementor-col-50 elementor-inner-column elementor-element elementor-element-b65caf4\" data-id=\"b65caf4\" data-element_type=\"column\">\n\t\t\t<div class=\"elementor-widget-wrap elementor-element-populated\">\n\t\t\t\t\t\t<div class=\"elementor-element elementor-element-b375eaa elementor-widget__width-initial elementor-widget elementor-widget-text-editor\" data-id=\"b375eaa\" data-element_type=\"widget\" data-widget_type=\"text-editor.default\">\n\t\t\t\t<div class=\"elementor-widget-container\">\n\t\t\t\t\t\t\t<h3><span style=\"color: #003366;\"><strong><span class=\"product-tabs tab-pane letter\">C&#8212;&#8212;&#8212;&#8212;&#8212;&#8212;&#8212;&#8212;<\/span><\/strong><\/span><\/h3><h3><span style=\"color: #003366;\"><strong>Inner layer<\/strong><\/span><\/h3><p class=\" translation-block\">The Memoform\u00ae layer is designed to react to the weight of the neck, head and shoulders, offering a pleasant sensation of lightness during rest. The lower Eliosoft\u00ae layer ensures proper cervical support.<\/p>\t\t\t\t\t\t<\/div>\n\t\t\t\t<\/div>\n\t\t\t\t\t<\/div>\n\t\t<\/div>\n\t\t\t\t<div class=\"elementor-column elementor-col-50 elementor-inner-column elementor-element elementor-element-2944759\" data-id=\"2944759\" data-element_type=\"column\">\n\t\t\t<div class=\"elementor-widget-wrap elementor-element-populated\">\n\t\t\t\t\t\t<div class=\"elementor-element elementor-element-3894308 elementor-widget elementor-widget-text-editor\" data-id=\"3894308\" data-element_type=\"widget\" data-widget_type=\"text-editor.default\">\n\t\t\t\t<div class=\"elementor-widget-container\">\n\t\t\t\t\t\t\t<h3><strong><span style=\"color: #003366;\">D &#8212;&#8212;&#8212;&#8212;&#8212;&#8212;&#8212;&#8212;<\/span><\/strong><br \/><strong><span style=\"color: #003366;\">Manufacture<\/span><\/strong><\/h3><p class=\" translation-block\">Thanks to the Magnistretch\u00ae design, the weight of the head activates a system of inclined layers that promotes a gentle cervical stretch, from the shoulders to the nape of the neck, acting in depth.<\/p>\t\t\t\t\t\t<\/div>\n\t\t\t\t<\/div>\n\t\t\t\t\t<\/div>\n\t\t<\/div>\n\t\t\t\t\t<\/div>\n\t\t<\/section>\n\t\t\t\t\t<\/div>\n\t\t<\/div>\n\t\t\t\t\t<\/div>\n\t\t<\/section>\n\t\t\t\t<\/div>","protected":false},"excerpt":{"rendered":"<p>A&#8212;&#8212;&#8212;&#8212;&#8212;&#8212;&#8212;&#8212; Mbulesa\u00a0 Mbulesa Magnicool 3D, e fresk\u00ebt, termorregulluese dhe shum\u00eb e frym\u00ebmarrshme, ka aft\u00ebsi t\u00eb lart\u00eb p\u00ebr shp\u00ebrndarjen e djers\u00ebs, duke favorizuar ajrosjen e jast\u00ebkut. Gjithashtu, mbulesa \u00ebsht\u00eb leht\u00ebsisht e heqshme dhe e lar\u00eb, p\u00ebr higjien\u00eb maksimale. B&#8212;&#8212;&#8212;&#8212;&#8212;&#8212;&#8212;&#8212; Shtresa higjienike mbrojt\u00ebse Mbulesa higjienike mbron shtres\u00ebn e brendshme dhe rrit nivelin e higjien\u00ebs s\u00eb jast\u00ebkut. C&#8212;&#8212;&#8212;&#8212;&#8212;&#8212;&#8212;&#8212; Brend\u00ebsia Shtresa prej Memoform\u00ae \u00ebsht\u00eb projektuar p\u00ebr t\u2019iu p\u00ebrshtatur pesh\u00ebs s\u00eb qaf\u00ebs, kok\u00ebs dhe shpatullave, duke ofruar nj\u00eb ndjesi rehatie dhe leht\u00ebsie gjat\u00eb pushimit. Shtresa e poshtme prej Eliosoft\u00ae siguron mb\u00ebshtetje t\u00eb duhur cervikale, duke ruajtur pozicionin natyral t\u00eb qaf\u00ebs. D &#8212;&#8212;&#8212;&#8212;&#8212;&#8212;&#8212;&#8212; Prodhimi Faleminderit dizajnit Magnistretch\u00ae, pesha e kok\u00ebs aktivizon nj\u00eb sistem shtresash t\u00eb pjerr\u00ebta, q\u00eb ofron nj\u00eb shtrirje t\u00eb but\u00eb cervikale, nga shpatullat deri n\u00eb qaf\u00ebn e pasme, duke vepruar n\u00eb thell\u00ebsi p\u00ebr nj\u00eb relaksim optimal.<\/p>","protected":false},"featured_media":20957,"template":"","meta":{"_monsterinsights_skip_tracking":false,"_monsterinsights_sitenote_active":false,"_monsterinsights_sitenote_note":"","_monsterinsights_sitenote_category":0,"site-sidebar-layout":"default","site-content-layout":"","ast-site-content-layout":"default","site-content-style":"default","site-sidebar-style":"default","ast-global-header-display":"","ast-banner-title-visibility":"","ast-main-header-display":"","ast-hfb-above-header-display":"","ast-hfb-below-header-display":"","ast-hfb-mobile-header-display":"","site-post-title":"","ast-breadcrumbs-content":"","ast-featured-img":"","footer-sml-layout":"","theme-transparent-header-meta":"default","adv-header-id-meta":"","stick-header-meta":"","header-above-stick-meta":"","header-main-stick-meta":"","header-below-stick-meta":"","astra-migrate-meta-layouts":"set","ast-page-background-enabled":"default","ast-page-background-meta":{"desktop":{"background-color":"var(--ast-global-color-5)","background-image":"","background-repeat":"repeat","background-position":"center center","background-size":"auto","background-attachment":"scroll","background-type":"","background-media":"","overlay-type":"","overlay-color":"","overlay-opacity":"","overlay-gradient":""},"tablet":{"background-color":"","background-image":"","background-repeat":"repeat","background-position":"center center","background-size":"auto","background-attachment":"scroll","background-type":"","background-media":"","overlay-type":"","overlay-color":"","overlay-opacity":"","overlay-gradient":""},"mobile":{"background-color":"","background-image":"","background-repeat":"repeat","background-position":"center center","background-size":"auto","background-attachment":"scroll","background-type":"","background-media":"","overlay-type":"","overlay-color":"","overlay-opacity":"","overlay-gradient":""}},"ast-content-background-meta":{"desktop":{"background-color":"var(--ast-global-color-4)","background-image":"","background-repeat":"repeat","background-position":"center center","background-size":"auto","background-attachment":"scroll","background-type":"","background-media":"","overlay-type":"","overlay-color":"","overlay-opacity":"","overlay-gradient":""},"tablet":{"background-color":"var(--ast-global-color-4)","background-image":"","background-repeat":"repeat","background-position":"center center","background-size":"auto","background-attachment":"scroll","background-type":"","background-media":"","overlay-type":"","overlay-color":"","overlay-opacity":"","overlay-gradient":""},"mobile":{"background-color":"var(--ast-global-color-4)","background-image":"","background-repeat":"repeat","background-position":"center center","background-size":"auto","background-attachment":"scroll","background-type":"","background-media":"","overlay-type":"","overlay-color":"","overlay-opacity":"","overlay-gradient":""}}},"product_cat":[277,154],"product_tag":[],"class_list":{"0":"post-20956","1":"product","2":"type-product","3":"status-publish","4":"has-post-thumbnail","6":"product_cat-magnistretch-jasteke","7":"product_cat-jasteke","8":"desktop-align-left","9":"tablet-align-left","10":"mobile-align-left","12":"first","13":"instock","14":"shipping-taxable","15":"purchasable","16":"product-type-simple"},"_links":{"self":[{"href":"https:\/\/magniflex.al\/en\/wp-json\/wp\/v2\/product\/20956","targetHints":{"allow":["GET"]}}],"collection":[{"href":"https:\/\/magniflex.al\/en\/wp-json\/wp\/v2\/product"}],"about":[{"href":"https:\/\/magniflex.al\/en\/wp-json\/wp\/v2\/types\/product"}],"version-history":[{"count":12,"href":"https:\/\/magniflex.al\/en\/wp-json\/wp\/v2\/product\/20956\/revisions"}],"predecessor-version":[{"id":21217,"href":"https:\/\/magniflex.al\/en\/wp-json\/wp\/v2\/product\/20956\/revisions\/21217"}],"wp:featuredmedia":[{"embeddable":true,"href":"https:\/\/magniflex.al\/en\/wp-json\/wp\/v2\/media\/20957"}],"wp:attachment":[{"href":"https:\/\/magniflex.al\/en\/wp-json\/wp\/v2\/media?parent=20956"}],"wp:term":[{"taxonomy":"product_cat","embeddable":true,"href":"https:\/\/magniflex.al\/en\/wp-json\/wp\/v2\/product_cat?post=20956"},{"taxonomy":"product_tag","embeddable":true,"href":"https:\/\/magniflex.al\/en\/wp-json\/wp\/v2\/product_tag?post=20956"}],"curies":[{"name":"wp","href":"https:\/\/api.w.org\/{rel}","templated":true}]}}