{"id":20479,"date":"2025-10-07T21:48:13","date_gmt":"2025-10-07T21:48:13","guid":{"rendered":"https:\/\/magniflex.al\/?post_type=product&#038;p=20479"},"modified":"2025-10-08T16:34:38","modified_gmt":"2025-10-08T16:34:38","slug":"cashmire","status":"publish","type":"product","link":"https:\/\/magniflex.al\/en\/product\/cashmire\/","title":{"rendered":"CASHMIRE"},"content":{"rendered":"<div data-elementor-type=\"product-post\" data-elementor-id=\"20479\" class=\"elementor elementor-20479\">\n\t\t\t\t\t\t<section class=\"elementor-section elementor-top-section elementor-element elementor-element-f45ae3a elementor-section-boxed elementor-section-height-default elementor-section-height-default wpr-particle-no wpr-jarallax-no wpr-parallax-no wpr-sticky-section-no\" data-id=\"f45ae3a\" data-element_type=\"section\">\n\t\t\t\t\t\t<div class=\"elementor-container elementor-column-gap-wider\">\n\t\t\t\t\t<div class=\"elementor-column elementor-col-50 elementor-top-column elementor-element elementor-element-7c95ffa\" data-id=\"7c95ffa\" data-element_type=\"column\">\n\t\t\t<div class=\"elementor-widget-wrap elementor-element-populated\">\n\t\t\t\t\t\t<div class=\"elementor-element elementor-element-d4dbe24 yes elementor-widget elementor-widget-woocommerce-product-images\" data-id=\"d4dbe24\" data-element_type=\"widget\" data-widget_type=\"woocommerce-product-images.default\">\n\t\t\t\t<div class=\"elementor-widget-container\">\n\t\t\t<div class=\"woocommerce-product-gallery woocommerce-product-gallery--with-images woocommerce-product-gallery--columns-4 images\" data-columns=\"4\" style=\"opacity: 0; transition: opacity .25s ease-in-out;\">\n\t<figure class=\"woocommerce-product-gallery__wrapper\">\n\t\t<div data-thumb=\"https:\/\/magniflex.al\/wp-content\/uploads\/2025\/08\/P1218410-100x100.jpg\" data-thumb-alt=\"\" class=\"woocommerce-product-gallery__image\"><a href=\"https:\/\/magniflex.al\/wp-content\/uploads\/2025\/08\/P1218410-scaled.jpg\"><img fetchpriority=\"high\" decoding=\"async\" width=\"840\" height=\"560\" src=\"https:\/\/magniflex.al\/wp-content\/uploads\/2025\/08\/P1218410-840x560.jpg\" class=\"wp-post-image\" alt=\"\" title=\"P1218410\" data-caption=\"\" data-src=\"https:\/\/magniflex.al\/wp-content\/uploads\/2025\/08\/P1218410-scaled.jpg\" data-large_image=\"https:\/\/magniflex.al\/wp-content\/uploads\/2025\/08\/P1218410-scaled.jpg\" data-large_image_width=\"2560\" data-large_image_height=\"1707\" srcset=\"https:\/\/magniflex.al\/wp-content\/uploads\/2025\/08\/P1218410-840x560.jpg 840w, https:\/\/magniflex.al\/wp-content\/uploads\/2025\/08\/P1218410-300x200.jpg 300w, https:\/\/magniflex.al\/wp-content\/uploads\/2025\/08\/P1218410-1024x683.jpg 1024w, https:\/\/magniflex.al\/wp-content\/uploads\/2025\/08\/P1218410-768x512.jpg 768w, https:\/\/magniflex.al\/wp-content\/uploads\/2025\/08\/P1218410-1536x1024.jpg 1536w, https:\/\/magniflex.al\/wp-content\/uploads\/2025\/08\/P1218410-2048x1365.jpg 2048w, https:\/\/magniflex.al\/wp-content\/uploads\/2025\/08\/P1218410-18x12.jpg 18w, https:\/\/magniflex.al\/wp-content\/uploads\/2025\/08\/P1218410-600x400.jpg 600w\" sizes=\"(max-width: 840px) 100vw, 840px\" \/><\/a><\/div><div data-thumb=\"https:\/\/magniflex.al\/wp-content\/uploads\/2025\/08\/P1218423-100x100.jpg\" data-thumb-alt=\"\" class=\"woocommerce-product-gallery__image\"><a href=\"https:\/\/magniflex.al\/wp-content\/uploads\/2025\/08\/P1218423-scaled.jpg\"><img decoding=\"async\" width=\"840\" height=\"560\" src=\"https:\/\/magniflex.al\/wp-content\/uploads\/2025\/08\/P1218423-840x560.jpg\" class=\"\" alt=\"\" title=\"P1218423\" data-caption=\"\" data-src=\"https:\/\/magniflex.al\/wp-content\/uploads\/2025\/08\/P1218423-scaled.jpg\" data-large_image=\"https:\/\/magniflex.al\/wp-content\/uploads\/2025\/08\/P1218423-scaled.jpg\" data-large_image_width=\"2560\" data-large_image_height=\"1707\" srcset=\"https:\/\/magniflex.al\/wp-content\/uploads\/2025\/08\/P1218423-840x560.jpg 840w, https:\/\/magniflex.al\/wp-content\/uploads\/2025\/08\/P1218423-300x200.jpg 300w, https:\/\/magniflex.al\/wp-content\/uploads\/2025\/08\/P1218423-1024x683.jpg 1024w, https:\/\/magniflex.al\/wp-content\/uploads\/2025\/08\/P1218423-768x512.jpg 768w, https:\/\/magniflex.al\/wp-content\/uploads\/2025\/08\/P1218423-1536x1024.jpg 1536w, https:\/\/magniflex.al\/wp-content\/uploads\/2025\/08\/P1218423-2048x1365.jpg 2048w, https:\/\/magniflex.al\/wp-content\/uploads\/2025\/08\/P1218423-18x12.jpg 18w, https:\/\/magniflex.al\/wp-content\/uploads\/2025\/08\/P1218423-600x400.jpg 600w\" sizes=\"(max-width: 840px) 100vw, 840px\" \/><\/a><\/div><div data-thumb=\"https:\/\/magniflex.al\/wp-content\/uploads\/2025\/08\/P1218424-100x100.jpg\" data-thumb-alt=\"\" class=\"woocommerce-product-gallery__image\"><a href=\"https:\/\/magniflex.al\/wp-content\/uploads\/2025\/08\/P1218424-scaled.jpg\"><img decoding=\"async\" width=\"840\" height=\"560\" src=\"https:\/\/magniflex.al\/wp-content\/uploads\/2025\/08\/P1218424-840x560.jpg\" class=\"\" alt=\"\" title=\"P1218424\" data-caption=\"\" data-src=\"https:\/\/magniflex.al\/wp-content\/uploads\/2025\/08\/P1218424-scaled.jpg\" data-large_image=\"https:\/\/magniflex.al\/wp-content\/uploads\/2025\/08\/P1218424-scaled.jpg\" data-large_image_width=\"2560\" data-large_image_height=\"1707\" srcset=\"https:\/\/magniflex.al\/wp-content\/uploads\/2025\/08\/P1218424-840x560.jpg 840w, https:\/\/magniflex.al\/wp-content\/uploads\/2025\/08\/P1218424-300x200.jpg 300w, https:\/\/magniflex.al\/wp-content\/uploads\/2025\/08\/P1218424-1024x683.jpg 1024w, https:\/\/magniflex.al\/wp-content\/uploads\/2025\/08\/P1218424-768x512.jpg 768w, https:\/\/magniflex.al\/wp-content\/uploads\/2025\/08\/P1218424-1536x1024.jpg 1536w, https:\/\/magniflex.al\/wp-content\/uploads\/2025\/08\/P1218424-2048x1365.jpg 2048w, https:\/\/magniflex.al\/wp-content\/uploads\/2025\/08\/P1218424-18x12.jpg 18w, https:\/\/magniflex.al\/wp-content\/uploads\/2025\/08\/P1218424-600x400.jpg 600w\" sizes=\"(max-width: 840px) 100vw, 840px\" \/><\/a><\/div><div data-thumb=\"https:\/\/magniflex.al\/wp-content\/uploads\/2025\/08\/P1218408-100x100.jpg\" data-thumb-alt=\"\" class=\"woocommerce-product-gallery__image\"><a href=\"https:\/\/magniflex.al\/wp-content\/uploads\/2025\/08\/P1218408-scaled.jpg\"><img loading=\"lazy\" decoding=\"async\" width=\"840\" height=\"560\" src=\"https:\/\/magniflex.al\/wp-content\/uploads\/2025\/08\/P1218408-840x560.jpg\" class=\"\" alt=\"\" title=\"P1218408\" data-caption=\"\" data-src=\"https:\/\/magniflex.al\/wp-content\/uploads\/2025\/08\/P1218408-scaled.jpg\" data-large_image=\"https:\/\/magniflex.al\/wp-content\/uploads\/2025\/08\/P1218408-scaled.jpg\" data-large_image_width=\"2560\" data-large_image_height=\"1707\" srcset=\"https:\/\/magniflex.al\/wp-content\/uploads\/2025\/08\/P1218408-840x560.jpg 840w, https:\/\/magniflex.al\/wp-content\/uploads\/2025\/08\/P1218408-300x200.jpg 300w, https:\/\/magniflex.al\/wp-content\/uploads\/2025\/08\/P1218408-1024x683.jpg 1024w, https:\/\/magniflex.al\/wp-content\/uploads\/2025\/08\/P1218408-768x512.jpg 768w, https:\/\/magniflex.al\/wp-content\/uploads\/2025\/08\/P1218408-1536x1024.jpg 1536w, https:\/\/magniflex.al\/wp-content\/uploads\/2025\/08\/P1218408-2048x1365.jpg 2048w, https:\/\/magniflex.al\/wp-content\/uploads\/2025\/08\/P1218408-18x12.jpg 18w, https:\/\/magniflex.al\/wp-content\/uploads\/2025\/08\/P1218408-600x400.jpg 600w\" sizes=\"(max-width: 840px) 100vw, 840px\" \/><\/a><\/div>\t<\/figure>\n<\/div>\n\t\t<\/div>\n\t\t\t\t<\/div>\n\t\t\t\t\t<\/div>\n\t\t<\/div>\n\t\t\t\t<div class=\"elementor-column elementor-col-50 elementor-top-column elementor-element elementor-element-c56bb60\" data-id=\"c56bb60\" data-element_type=\"column\">\n\t\t\t<div class=\"elementor-widget-wrap elementor-element-populated\">\n\t\t\t\t\t\t<div class=\"elementor-element elementor-element-30a7881 elementor-widget elementor-widget-woocommerce-product-title elementor-page-title elementor-widget-heading\" data-id=\"30a7881\" data-element_type=\"widget\" data-widget_type=\"woocommerce-product-title.default\">\n\t\t\t\t<div class=\"elementor-widget-container\">\n\t\t\t<h1 class=\"product_title entry-title elementor-heading-title elementor-size-default\">CASHMIRE<\/h1>\t\t<\/div>\n\t\t\t\t<\/div>\n\t\t\t\t<div class=\"elementor-element elementor-element-6284423 elementor-widget elementor-widget-wpr-product-excerpt\" data-id=\"6284423\" data-element_type=\"widget\" data-widget_type=\"wpr-product-excerpt.default\">\n\t\t\t\t<div class=\"elementor-widget-container\">\n\t\t\t<div class=\"wpr-product-excerpt\"><p class=\" translation-block\">Luks q\u00eb ndjehet n\u00eb \u00e7do centimet\u00ebr. Kuverta Cashmere \u00ebsht\u00eb simbol i sofistikimit klasik \u2014 me fijet e buta e t\u00eb ngrohta q\u00eb krijojn\u00eb nj\u00eb p\u00ebrvoj\u00eb t\u00eb parezistueshme rehatie.<br>\r\nMateriali i \u00e7muar, i njohur p\u00ebr ngroht\u00ebsin\u00eb dhe leht\u00ebsin\u00eb e tij, mb\u00ebshtjell trupin si nj\u00eb re delikate.<br>\r\nNj\u00eb detaj i vog\u00ebl q\u00eb transformon \u00e7do mbr\u00ebmje n\u00eb nj\u00eb moment t\u00eb past\u00ebr k\u00ebnaq\u00ebsie.<\/p>\n<\/div>\t\t<\/div>\n\t\t\t\t<\/div>\n\t\t\t\t\t<\/div>\n\t\t<\/div>\n\t\t\t\t\t<\/div>\n\t\t<\/section>\n\t\t\t\t<\/div>","protected":false},"excerpt":{"rendered":"<p class=\" translation-block\">Luks q\u00eb ndjehet n\u00eb \u00e7do centimet\u00ebr. Kuverta Cashmere \u00ebsht\u00eb simbol i sofistikimit klasik \u2014 me fijet e buta e t\u00eb ngrohta q\u00eb krijojn\u00eb nj\u00eb p\u00ebrvoj\u00eb t\u00eb parezistueshme rehatie.<br>\r\nMateriali i \u00e7muar, i njohur p\u00ebr ngroht\u00ebsin\u00eb dhe leht\u00ebsin\u00eb e tij, mb\u00ebshtjell trupin si nj\u00eb re delikate.<br>\r\nNj\u00eb detaj i vog\u00ebl q\u00eb transformon \u00e7do mbr\u00ebmje n\u00eb nj\u00eb moment t\u00eb past\u00ebr k\u00ebnaq\u00ebsie.<\/p>","protected":false},"featured_media":20410,"template":"elementor_canvas","meta":{"_monsterinsights_skip_tracking":false,"_monsterinsights_sitenote_active":false,"_monsterinsights_sitenote_note":"","_monsterinsights_sitenote_category":0,"site-sidebar-layout":"no-sidebar","site-content-layout":"","ast-site-content-layout":"full-width-container","site-content-style":"default","site-sidebar-style":"default","ast-global-header-display":"","ast-banner-title-visibility":"","ast-main-header-display":"","ast-hfb-above-header-display":"","ast-hfb-below-header-display":"","ast-hfb-mobile-header-display":"","site-post-title":"disabled","ast-breadcrumbs-content":"","ast-featured-img":"disabled","footer-sml-layout":"","theme-transparent-header-meta":"default","adv-header-id-meta":"","stick-header-meta":"","header-above-stick-meta":"","header-main-stick-meta":"","header-below-stick-meta":"","astra-migrate-meta-layouts":"set","ast-page-background-enabled":"default","ast-page-background-meta":{"desktop":{"background-color":"var(--ast-global-color-5)","background-image":"","background-repeat":"repeat","background-position":"center center","background-size":"auto","background-attachment":"scroll","background-type":"","background-media":"","overlay-type":"","overlay-color":"","overlay-opacity":"","overlay-gradient":""},"tablet":{"background-color":"","background-image":"","background-repeat":"repeat","background-position":"center center","background-size":"auto","background-attachment":"scroll","background-type":"","background-media":"","overlay-type":"","overlay-color":"","overlay-opacity":"","overlay-gradient":""},"mobile":{"background-color":"","background-image":"","background-repeat":"repeat","background-position":"center center","background-size":"auto","background-attachment":"scroll","background-type":"","background-media":"","overlay-type":"","overlay-color":"","overlay-opacity":"","overlay-gradient":""}},"ast-content-background-meta":{"desktop":{"background-color":"var(--ast-global-color-4)","background-image":"","background-repeat":"repeat","background-position":"center center","background-size":"auto","background-attachment":"scroll","background-type":"","background-media":"","overlay-type":"","overlay-color":"","overlay-opacity":"","overlay-gradient":""},"tablet":{"background-color":"var(--ast-global-color-4)","background-image":"","background-repeat":"repeat","background-position":"center center","background-size":"auto","background-attachment":"scroll","background-type":"","background-media":"","overlay-type":"","overlay-color":"","overlay-opacity":"","overlay-gradient":""},"mobile":{"background-color":"var(--ast-global-color-4)","background-image":"","background-repeat":"repeat","background-position":"center center","background-size":"auto","background-attachment":"scroll","background-type":"","background-media":"","overlay-type":"","overlay-color":"","overlay-opacity":"","overlay-gradient":""}}},"product_cat":[275],"product_tag":[],"class_list":{"0":"post-20479","1":"product","2":"type-product","3":"status-publish","4":"has-post-thumbnail","6":"product_cat-aksesore","7":"desktop-align-left","8":"tablet-align-left","9":"mobile-align-left","11":"first","12":"instock","13":"shipping-taxable","14":"product-type-simple"},"_links":{"self":[{"href":"https:\/\/magniflex.al\/en\/wp-json\/wp\/v2\/product\/20479","targetHints":{"allow":["GET"]}}],"collection":[{"href":"https:\/\/magniflex.al\/en\/wp-json\/wp\/v2\/product"}],"about":[{"href":"https:\/\/magniflex.al\/en\/wp-json\/wp\/v2\/types\/product"}],"version-history":[{"count":7,"href":"https:\/\/magniflex.al\/en\/wp-json\/wp\/v2\/product\/20479\/revisions"}],"predecessor-version":[{"id":20631,"href":"https:\/\/magniflex.al\/en\/wp-json\/wp\/v2\/product\/20479\/revisions\/20631"}],"wp:featuredmedia":[{"embeddable":true,"href":"https:\/\/magniflex.al\/en\/wp-json\/wp\/v2\/media\/20410"}],"wp:attachment":[{"href":"https:\/\/magniflex.al\/en\/wp-json\/wp\/v2\/media?parent=20479"}],"wp:term":[{"taxonomy":"product_cat","embeddable":true,"href":"https:\/\/magniflex.al\/en\/wp-json\/wp\/v2\/product_cat?post=20479"},{"taxonomy":"product_tag","embeddable":true,"href":"https:\/\/magniflex.al\/en\/wp-json\/wp\/v2\/product_tag?post=20479"}],"curies":[{"name":"wp","href":"https:\/\/api.w.org\/{rel}","templated":true}]}}