{"id":11816,"date":"2023-10-08T17:38:51","date_gmt":"2023-10-08T17:38:51","guid":{"rendered":"https:\/\/magniflex.al\/?post_type=product&#038;p=11816"},"modified":"2025-10-27T23:09:18","modified_gmt":"2025-10-27T23:09:18","slug":"superiore-deluxe-wave","status":"publish","type":"product","link":"https:\/\/magniflex.al\/en\/product\/superiore-deluxe-wave\/","title":{"rendered":"Superiore Deluxe Wave"},"content":{"rendered":"<div data-elementor-type=\"wp-post\" data-elementor-id=\"11816\" class=\"elementor elementor-11816\">\n\t\t\t\t\t\t<section class=\"elementor-section elementor-top-section elementor-element elementor-element-9473542 elementor-section-boxed elementor-section-height-default elementor-section-height-default wpr-particle-no wpr-jarallax-no wpr-parallax-no wpr-sticky-section-no\" data-id=\"9473542\" data-element_type=\"section\">\n\t\t\t\t\t\t<div class=\"elementor-container elementor-column-gap-default\">\n\t\t\t\t\t<div class=\"elementor-column elementor-col-50 elementor-top-column elementor-element elementor-element-0154f7a\" data-id=\"0154f7a\" data-element_type=\"column\">\n\t\t\t<div class=\"elementor-widget-wrap elementor-element-populated\">\n\t\t\t\t\t\t<div class=\"elementor-element elementor-element-baa29c5 elementor-widget elementor-widget-heading\" data-id=\"baa29c5\" data-element_type=\"widget\" data-widget_type=\"heading.default\">\n\t\t\t\t<div class=\"elementor-widget-container\">\n\t\t\t<h2 class=\"elementor-heading-title elementor-size-default\">Superiore deluxe wave<\/h2>\t\t<\/div>\n\t\t\t\t<\/div>\n\t\t\t\t<div class=\"elementor-element elementor-element-b858a80 elementor-widget elementor-widget-image\" data-id=\"b858a80\" data-element_type=\"widget\" data-widget_type=\"image.default\">\n\t\t\t\t<div class=\"elementor-widget-container\">\n\t\t\t\t\t\t\t\t\t\t\t\t\t<img fetchpriority=\"high\" decoding=\"async\" width=\"332\" height=\"240\" src=\"https:\/\/magniflex.al\/wp-content\/uploads\/2023\/10\/AMEMDE0211GIT-332x240-desc-1.jpg\" class=\"attachment-large size-large wp-image-21111\" alt=\"\" srcset=\"https:\/\/magniflex.al\/wp-content\/uploads\/2023\/10\/AMEMDE0211GIT-332x240-desc-1.jpg 332w, https:\/\/magniflex.al\/wp-content\/uploads\/2023\/10\/AMEMDE0211GIT-332x240-desc-1-300x217.jpg 300w, https:\/\/magniflex.al\/wp-content\/uploads\/2023\/10\/AMEMDE0211GIT-332x240-desc-1-18x12.jpg 18w\" sizes=\"(max-width: 332px) 100vw, 332px\" \/>\t\t\t\t\t\t\t\t\t\t\t\t\t<\/div>\n\t\t\t\t<\/div>\n\t\t\t\t\t<\/div>\n\t\t<\/div>\n\t\t\t\t<div class=\"elementor-column elementor-col-50 elementor-top-column elementor-element elementor-element-de3989b\" data-id=\"de3989b\" data-element_type=\"column\">\n\t\t\t<div class=\"elementor-widget-wrap elementor-element-populated\">\n\t\t\t\t\t\t<div class=\"elementor-element elementor-element-d0c7af6 elementor-widget elementor-widget-text-editor\" data-id=\"d0c7af6\" data-element_type=\"widget\" data-widget_type=\"text-editor.default\">\n\t\t\t\t<div class=\"elementor-widget-container\">\n\t\t\t\t\t\t\t<p class=\" translation-block\">Superiore Deluxe Wave of the Superiore line is a pillow shaped as a double wave that provides two different types of comfort. The Outlast\u00ae cover ensures a cool and dry rest.<\/p>\t\t\t\t\t\t<\/div>\n\t\t\t\t<\/div>\n\t\t\t\t\t<\/div>\n\t\t<\/div>\n\t\t\t\t\t<\/div>\n\t\t<\/section>\n\t\t\t\t<section class=\"elementor-section elementor-top-section elementor-element elementor-element-cc70e2f elementor-section-full_width elementor-section-height-min-height elementor-section-items-stretch elementor-section-content-middle elementor-section-stretched elementor-section-height-default wpr-particle-no wpr-jarallax-no wpr-parallax-no wpr-sticky-section-no\" data-id=\"cc70e2f\" data-element_type=\"section\" data-settings=\"{&quot;stretch_section&quot;:&quot;section-stretched&quot;}\">\n\t\t\t\t\t\t<div class=\"elementor-container elementor-column-gap-no\">\n\t\t\t\t\t<div class=\"elementor-column elementor-col-33 elementor-top-column elementor-element elementor-element-51af35c\" data-id=\"51af35c\" data-element_type=\"column\" data-settings=\"{&quot;background_background&quot;:&quot;classic&quot;}\">\n\t\t\t<div class=\"elementor-widget-wrap\">\n\t\t\t\t\t\t\t<\/div>\n\t\t<\/div>\n\t\t\t\t<div class=\"elementor-column elementor-col-66 elementor-top-column elementor-element elementor-element-8bf8caf\" data-id=\"8bf8caf\" data-element_type=\"column\">\n\t\t\t<div class=\"elementor-widget-wrap elementor-element-populated\">\n\t\t\t\t\t\t<section class=\"elementor-section elementor-inner-section elementor-element elementor-element-06af128 elementor-section-boxed elementor-section-height-default elementor-section-height-default wpr-particle-no wpr-jarallax-no wpr-parallax-no wpr-sticky-section-no\" data-id=\"06af128\" data-element_type=\"section\" data-settings=\"{&quot;background_background&quot;:&quot;classic&quot;}\">\n\t\t\t\t\t\t<div class=\"elementor-container elementor-column-gap-default\">\n\t\t\t\t\t<div class=\"elementor-column elementor-col-50 elementor-inner-column elementor-element elementor-element-11283f3\" data-id=\"11283f3\" data-element_type=\"column\">\n\t\t\t<div class=\"elementor-widget-wrap elementor-element-populated\">\n\t\t\t\t\t\t<div class=\"elementor-element elementor-element-3488864 elementor-widget__width-initial elementor-widget elementor-widget-text-editor\" data-id=\"3488864\" data-element_type=\"widget\" data-widget_type=\"text-editor.default\">\n\t\t\t\t<div class=\"elementor-widget-container\">\n\t\t\t\t\t\t\t<h4><span class=\"product-tabs tab-pane letter\" style=\"color: #003366;\">A&#8212;&#8212;&#8212;&#8212;&#8212;&#8212;&#8212;&#8212;<\/span><\/h4><h3 class=\"h3\"><strong><span style=\"color: #003366;\">Cover<\/span><\/strong><\/h3><p class=\" translation-block\">The Outlast\u00ae temperature-regulating fabric creates a perfect microclimate all night long. When your body temperature rises while you are asleep at night, the excess heat is absorbed and when the temperature drops below the melting threshold, the bubbles solidify again and release the built-up heat. It includes a breathable 3D band that you can easily remove and wash.<\/p>\t\t\t\t\t\t<\/div>\n\t\t\t\t<\/div>\n\t\t\t\t\t<\/div>\n\t\t<\/div>\n\t\t\t\t<div class=\"elementor-column elementor-col-50 elementor-inner-column elementor-element elementor-element-0965125\" data-id=\"0965125\" data-element_type=\"column\">\n\t\t\t<div class=\"elementor-widget-wrap elementor-element-populated\">\n\t\t\t\t\t\t<div class=\"elementor-element elementor-element-ec448ba elementor-widget__width-initial elementor-widget elementor-widget-text-editor\" data-id=\"ec448ba\" data-element_type=\"widget\" data-widget_type=\"text-editor.default\">\n\t\t\t\t<div class=\"elementor-widget-container\">\n\t\t\t\t\t\t\t<h4><span class=\"product-tabs tab-pane letter\" style=\"color: #003366;\">B&#8212;&#8212;&#8212;&#8212;&#8212;&#8212;&#8212;&#8212;<\/span><\/h4><h3 class=\"h3\"><span style=\"color: #003366;\">Hygienic drape<\/span><\/h3><p class=\" translation-block\">Protects the inner layer by increasing the pillow\u2019s level of hygiene.<\/p>\t\t\t\t\t\t<\/div>\n\t\t\t\t<\/div>\n\t\t\t\t\t<\/div>\n\t\t<\/div>\n\t\t\t\t\t<\/div>\n\t\t<\/section>\n\t\t\t\t<section class=\"elementor-section elementor-inner-section elementor-element elementor-element-891616d elementor-section-boxed elementor-section-height-default elementor-section-height-default wpr-particle-no wpr-jarallax-no wpr-parallax-no wpr-sticky-section-no\" data-id=\"891616d\" data-element_type=\"section\" data-settings=\"{&quot;background_background&quot;:&quot;classic&quot;}\">\n\t\t\t\t\t\t<div class=\"elementor-container elementor-column-gap-default\">\n\t\t\t\t\t<div class=\"elementor-column elementor-col-50 elementor-inner-column elementor-element elementor-element-95b72de\" data-id=\"95b72de\" data-element_type=\"column\">\n\t\t\t<div class=\"elementor-widget-wrap elementor-element-populated\">\n\t\t\t\t\t\t<div class=\"elementor-element elementor-element-22bd7c7 elementor-widget elementor-widget-text-editor\" data-id=\"22bd7c7\" data-element_type=\"widget\" data-widget_type=\"text-editor.default\">\n\t\t\t\t<div class=\"elementor-widget-container\">\n\t\t\t\t\t\t\t<h4><span style=\"color: #003366;\"><span class=\"product-tabs tab-pane letter\">C<\/span><span class=\"product-tabs tab-pane letter\">&#8212;&#8212;&#8212;&#8212;&#8212;&#8212;&#8212;&#8212;<\/span><\/span><\/h4><h3 class=\"h3\"><strong><span style=\"color: #003366;\">Interior<\/span><\/strong><\/h3><p class=\" translation-block\">The interior in Memoform and the double-wave shape are designed to react to the weight of the neck, shoulders and cervical area, offering a pleasant feeling of lightness while you rest.<\/p>\t\t\t\t\t\t<\/div>\n\t\t\t\t<\/div>\n\t\t\t\t\t<\/div>\n\t\t<\/div>\n\t\t\t\t<div class=\"elementor-column elementor-col-50 elementor-inner-column elementor-element elementor-element-e31aaaa\" data-id=\"e31aaaa\" data-element_type=\"column\">\n\t\t\t<div class=\"elementor-widget-wrap elementor-element-populated\">\n\t\t\t\t\t\t<div class=\"elementor-element elementor-element-5022852 elementor-widget elementor-widget-text-editor\" data-id=\"5022852\" data-element_type=\"widget\" data-widget_type=\"text-editor.default\">\n\t\t\t\t<div class=\"elementor-widget-container\">\n\t\t\t\t\t\t\t<h4><span style=\"color: #003366;\"><span class=\"product-tabs tab-pane letter\">D<\/span><span class=\"product-tabs tab-pane letter\">&#8212;&#8212;&#8212;&#8212;&#8212;&#8212;&#8212;&#8212;<\/span><\/span><\/h4><h3 class=\"h3\"><strong><span style=\"color: #003366;\">Manufacture<\/span><\/strong><\/h3><p class=\" translation-block\">The airy design of the pillow ensures perfect breathability and optimal dispersion of moisture and heat, thanks to the holes in the middle. The constant air circulation ensures proper heat exchange and optimal dispersion of moisture and heat.<\/p>\t\t\t\t\t\t<\/div>\n\t\t\t\t<\/div>\n\t\t\t\t\t<\/div>\n\t\t<\/div>\n\t\t\t\t\t<\/div>\n\t\t<\/section>\n\t\t\t\t\t<\/div>\n\t\t<\/div>\n\t\t\t\t\t<\/div>\n\t\t<\/section>\n\t\t\t\t<\/div>","protected":false},"excerpt":{"rendered":"<p>Superiore deluxe wave Superiore Deluxe Wave, nga linja Superiore, \u00ebsht\u00eb nj\u00eb jast\u00ebk me form\u00eb dyfishe val\u00eb, q\u00eb ofron dy lloje t\u00eb ndryshme rehatie.Mbulesa Outlast\u00ae siguron nj\u00eb gjum\u00eb t\u00eb fresk\u00ebt dhe t\u00eb that\u00eb gjat\u00eb gjith\u00eb nat\u00ebs. A&#8212;&#8212;&#8212;&#8212;&#8212;&#8212;&#8212;&#8212; Mbulesa P\u00eblhura termorregulluese Outlast\u00ae krijon mikroklim\u00ebn perfekte gjat\u00eb gjith\u00eb nat\u00ebs. Kur temperatura e trupit rritet gjat\u00eb gjumit, nxeht\u00ebsia e tep\u00ebrt thithet, dhe kur temperatura bie n\u00ebn pragun e shkrirjes, qelizat e mikro-bubble-ve rip\u00ebrshtaten dhe \u00e7lirojn\u00eb nxeht\u00ebsin\u00eb e grumbulluar.Mbulesa p\u00ebrfshin nj\u00eb band\u00eb 3D t\u00eb frym\u00ebmarrshme, e cila \u00ebsht\u00eb leht\u00ebsisht e heqshme dhe e lar\u00eb, p\u00ebr higjien\u00eb maksimale. B&#8212;&#8212;&#8212;&#8212;&#8212;&#8212;&#8212;&#8212; Shtresa higjenike Mbron shtres\u00ebn e brendshme dhe rrit nivelin e higjien\u00ebs s\u00eb jast\u00ebkut. C&#8212;&#8212;&#8212;&#8212;&#8212;&#8212;&#8212;&#8212; B\u00ebrthama e brendshme B\u00ebrthama prej Memoform-i dhe forma me dy val\u00eb jan\u00eb projektuar p\u00ebr t\u2019iu p\u00ebrshtatur pesh\u00ebs s\u00eb qaf\u00ebs, shpatullave dhe zon\u00ebs cervikale, duke ofruar nj\u00eb ndjesi rehatie dhe leht\u00ebsie gjat\u00eb pushimit. D&#8212;&#8212;&#8212;&#8212;&#8212;&#8212;&#8212;&#8212; Prodhimi Dizajni i ajrosur i jast\u00ebkut siguron frym\u00ebmarrje t\u00eb p\u00ebrsosur dhe shp\u00ebrndarje optimale t\u00eb nxeht\u00ebsis\u00eb dhe lag\u00ebshtis\u00eb, fal\u00eb vrimave t\u00eb vendosura n\u00eb mes t\u00eb b\u00ebrtham\u00ebs.Qarkullimi i vazhduesh\u00ebm i ajrit garanton shk\u00ebmbim t\u00eb duhur t\u00eb nxeht\u00ebsis\u00eb dhe disperzim optimal t\u00eb lag\u00ebshtis\u00eb dhe nxeht\u00ebsis\u00eb.<\/p>","protected":false},"featured_media":11817,"template":"","meta":{"_monsterinsights_skip_tracking":false,"_monsterinsights_sitenote_active":false,"_monsterinsights_sitenote_note":"","_monsterinsights_sitenote_category":0,"site-sidebar-layout":"default","site-content-layout":"","ast-site-content-layout":"default","site-content-style":"default","site-sidebar-style":"default","ast-global-header-display":"","ast-banner-title-visibility":"","ast-main-header-display":"","ast-hfb-above-header-display":"","ast-hfb-below-header-display":"","ast-hfb-mobile-header-display":"","site-post-title":"","ast-breadcrumbs-content":"","ast-featured-img":"","footer-sml-layout":"","theme-transparent-header-meta":"","adv-header-id-meta":"","stick-header-meta":"","header-above-stick-meta":"","header-main-stick-meta":"","header-below-stick-meta":"","astra-migrate-meta-layouts":"default","ast-page-background-enabled":"default","ast-page-background-meta":{"desktop":{"background-color":"var(--ast-global-color-5)","background-image":"","background-repeat":"repeat","background-position":"center center","background-size":"auto","background-attachment":"scroll","background-type":"","background-media":"","overlay-type":"","overlay-color":"","overlay-opacity":"","overlay-gradient":""},"tablet":{"background-color":"","background-image":"","background-repeat":"repeat","background-position":"center center","background-size":"auto","background-attachment":"scroll","background-type":"","background-media":"","overlay-type":"","overlay-color":"","overlay-opacity":"","overlay-gradient":""},"mobile":{"background-color":"","background-image":"","background-repeat":"repeat","background-position":"center center","background-size":"auto","background-attachment":"scroll","background-type":"","background-media":"","overlay-type":"","overlay-color":"","overlay-opacity":"","overlay-gradient":""}},"ast-content-background-meta":{"desktop":{"background-color":"var(--ast-global-color-4)","background-image":"","background-repeat":"repeat","background-position":"center center","background-size":"auto","background-attachment":"scroll","background-type":"","background-media":"","overlay-type":"","overlay-color":"","overlay-opacity":"","overlay-gradient":""},"tablet":{"background-color":"var(--ast-global-color-4)","background-image":"","background-repeat":"repeat","background-position":"center center","background-size":"auto","background-attachment":"scroll","background-type":"","background-media":"","overlay-type":"","overlay-color":"","overlay-opacity":"","overlay-gradient":""},"mobile":{"background-color":"var(--ast-global-color-4)","background-image":"","background-repeat":"repeat","background-position":"center center","background-size":"auto","background-attachment":"scroll","background-type":"","background-media":"","overlay-type":"","overlay-color":"","overlay-opacity":"","overlay-gradient":""}}},"product_cat":[154,272],"product_tag":[],"class_list":{"0":"post-11816","1":"product","2":"type-product","3":"status-publish","4":"has-post-thumbnail","6":"product_cat-jasteke","7":"product_cat-superiore","8":"desktop-align-left","9":"tablet-align-left","10":"mobile-align-left","12":"first","13":"instock","14":"shipping-taxable","15":"product-type-simple"},"_links":{"self":[{"href":"https:\/\/magniflex.al\/en\/wp-json\/wp\/v2\/product\/11816","targetHints":{"allow":["GET"]}}],"collection":[{"href":"https:\/\/magniflex.al\/en\/wp-json\/wp\/v2\/product"}],"about":[{"href":"https:\/\/magniflex.al\/en\/wp-json\/wp\/v2\/types\/product"}],"version-history":[{"count":13,"href":"https:\/\/magniflex.al\/en\/wp-json\/wp\/v2\/product\/11816\/revisions"}],"predecessor-version":[{"id":21115,"href":"https:\/\/magniflex.al\/en\/wp-json\/wp\/v2\/product\/11816\/revisions\/21115"}],"wp:featuredmedia":[{"embeddable":true,"href":"https:\/\/magniflex.al\/en\/wp-json\/wp\/v2\/media\/11817"}],"wp:attachment":[{"href":"https:\/\/magniflex.al\/en\/wp-json\/wp\/v2\/media?parent=11816"}],"wp:term":[{"taxonomy":"product_cat","embeddable":true,"href":"https:\/\/magniflex.al\/en\/wp-json\/wp\/v2\/product_cat?post=11816"},{"taxonomy":"product_tag","embeddable":true,"href":"https:\/\/magniflex.al\/en\/wp-json\/wp\/v2\/product_tag?post=11816"}],"curies":[{"name":"wp","href":"https:\/\/api.w.org\/{rel}","templated":true}]}}