{"id":11798,"date":"2023-10-08T17:30:01","date_gmt":"2023-10-08T17:30:01","guid":{"rendered":"https:\/\/magniflex.al\/?post_type=product&#038;p=11798"},"modified":"2026-03-27T11:13:23","modified_gmt":"2026-03-27T11:13:23","slug":"superiore-deluxe-standard","status":"publish","type":"product","link":"https:\/\/magniflex.al\/en\/product\/superiore-deluxe-standard\/","title":{"rendered":"Superiore Deluxe Standard"},"content":{"rendered":"<div data-elementor-type=\"wp-post\" data-elementor-id=\"11798\" class=\"elementor elementor-11798\">\n\t\t\t\t\t\t<section class=\"elementor-section elementor-top-section elementor-element elementor-element-f4f977b elementor-section-boxed elementor-section-height-default elementor-section-height-default wpr-particle-no wpr-jarallax-no wpr-parallax-no wpr-sticky-section-no\" data-id=\"f4f977b\" data-element_type=\"section\">\n\t\t\t\t\t\t<div class=\"elementor-container elementor-column-gap-default\">\n\t\t\t\t\t<div class=\"elementor-column elementor-col-50 elementor-top-column elementor-element elementor-element-f1655dd\" data-id=\"f1655dd\" data-element_type=\"column\">\n\t\t\t<div class=\"elementor-widget-wrap elementor-element-populated\">\n\t\t\t\t\t\t<div class=\"elementor-element elementor-element-1110642 elementor-widget elementor-widget-heading\" data-id=\"1110642\" data-element_type=\"widget\" data-widget_type=\"heading.default\">\n\t\t\t\t<div class=\"elementor-widget-container\">\n\t\t\t<h2 class=\"elementor-heading-title elementor-size-default\">Superiore Deluxe Standard\n<\/h2>\t\t<\/div>\n\t\t\t\t<\/div>\n\t\t\t\t<div class=\"elementor-element elementor-element-7412b72 elementor-widget elementor-widget-image\" data-id=\"7412b72\" data-element_type=\"widget\" data-widget_type=\"image.default\">\n\t\t\t\t<div class=\"elementor-widget-container\">\n\t\t\t\t\t\t\t\t\t\t\t\t\t<img fetchpriority=\"high\" decoding=\"async\" width=\"332\" height=\"240\" src=\"https:\/\/magniflex.al\/wp-content\/uploads\/2023\/10\/AMEMDE0212GIT-332x240-desc-1.jpg\" class=\"attachment-large size-large wp-image-21098\" alt=\"\" srcset=\"https:\/\/magniflex.al\/wp-content\/uploads\/2023\/10\/AMEMDE0212GIT-332x240-desc-1.jpg 332w, https:\/\/magniflex.al\/wp-content\/uploads\/2023\/10\/AMEMDE0212GIT-332x240-desc-1-300x217.jpg 300w, https:\/\/magniflex.al\/wp-content\/uploads\/2023\/10\/AMEMDE0212GIT-332x240-desc-1-18x12.jpg 18w\" sizes=\"(max-width: 332px) 100vw, 332px\" \/>\t\t\t\t\t\t\t\t\t\t\t\t\t<\/div>\n\t\t\t\t<\/div>\n\t\t\t\t\t<\/div>\n\t\t<\/div>\n\t\t\t\t<div class=\"elementor-column elementor-col-50 elementor-top-column elementor-element elementor-element-47a7224\" data-id=\"47a7224\" data-element_type=\"column\">\n\t\t\t<div class=\"elementor-widget-wrap elementor-element-populated\">\n\t\t\t\t\t\t<div class=\"elementor-element elementor-element-0f10fc7 elementor-widget elementor-widget-text-editor\" data-id=\"0f10fc7\" data-element_type=\"widget\" data-widget_type=\"text-editor.default\">\n\t\t\t\t<div class=\"elementor-widget-container\">\n\t\t\t\t\t\t\t<p class=\" translation-block\">Superiore Deluxe Standard of the Superiore line with its traditional design combines the innovative cover in Outlast\u00ae with the layer in breathable Memoform and guarantees to always give you a cool and dry rest.<\/p>\t\t\t\t\t\t<\/div>\n\t\t\t\t<\/div>\n\t\t\t\t\t<\/div>\n\t\t<\/div>\n\t\t\t\t\t<\/div>\n\t\t<\/section>\n\t\t\t\t<section class=\"elementor-section elementor-top-section elementor-element elementor-element-0ea1211 elementor-section-full_width elementor-section-height-min-height elementor-section-items-stretch elementor-section-content-middle elementor-section-stretched elementor-section-height-default wpr-particle-no wpr-jarallax-no wpr-parallax-no wpr-sticky-section-no\" data-id=\"0ea1211\" data-element_type=\"section\" data-settings=\"{&quot;stretch_section&quot;:&quot;section-stretched&quot;}\">\n\t\t\t\t\t\t<div class=\"elementor-container elementor-column-gap-no\">\n\t\t\t\t\t<div class=\"elementor-column elementor-col-33 elementor-top-column elementor-element elementor-element-d5a89ac\" data-id=\"d5a89ac\" data-element_type=\"column\" data-settings=\"{&quot;background_background&quot;:&quot;classic&quot;}\">\n\t\t\t<div class=\"elementor-widget-wrap\">\n\t\t\t\t\t\t\t<\/div>\n\t\t<\/div>\n\t\t\t\t<div class=\"elementor-column elementor-col-66 elementor-top-column elementor-element elementor-element-fc2a778\" data-id=\"fc2a778\" data-element_type=\"column\">\n\t\t\t<div class=\"elementor-widget-wrap elementor-element-populated\">\n\t\t\t\t\t\t<section class=\"elementor-section elementor-inner-section elementor-element elementor-element-c60af66 elementor-section-boxed elementor-section-height-default elementor-section-height-default wpr-particle-no wpr-jarallax-no wpr-parallax-no wpr-sticky-section-no\" data-id=\"c60af66\" data-element_type=\"section\" data-settings=\"{&quot;background_background&quot;:&quot;classic&quot;}\">\n\t\t\t\t\t\t<div class=\"elementor-container elementor-column-gap-default\">\n\t\t\t\t\t<div class=\"elementor-column elementor-col-50 elementor-inner-column elementor-element elementor-element-af3fab2\" data-id=\"af3fab2\" data-element_type=\"column\">\n\t\t\t<div class=\"elementor-widget-wrap elementor-element-populated\">\n\t\t\t\t\t\t<div class=\"elementor-element elementor-element-5a9b0e6 elementor-widget__width-initial elementor-widget elementor-widget-text-editor\" data-id=\"5a9b0e6\" data-element_type=\"widget\" data-widget_type=\"text-editor.default\">\n\t\t\t\t<div class=\"elementor-widget-container\">\n\t\t\t\t\t\t\t<h4><span class=\"product-tabs tab-pane letter\" style=\"color: #003366;\">A&#8212;&#8212;&#8212;&#8212;&#8212;&#8212;&#8212;&#8212;<\/span><\/h4><h3 class=\"h3\"><strong><span style=\"color: #003366;\">Cover<\/span><\/strong><\/h3><p class=\" translation-block\">The Outlast\u00ae temperature-regulating fabric creates a perfect microclimate all night long. When your body temperature rises while you are asleep at night, the excess heat is absorbed and when the temperature drops below the melting threshold, the bubbles solidify again and release the built-up heat. It includes a breathable 3D band that you can easily remove and wash.<\/p>\t\t\t\t\t\t<\/div>\n\t\t\t\t<\/div>\n\t\t\t\t\t<\/div>\n\t\t<\/div>\n\t\t\t\t<div class=\"elementor-column elementor-col-50 elementor-inner-column elementor-element elementor-element-dddd4c5\" data-id=\"dddd4c5\" data-element_type=\"column\">\n\t\t\t<div class=\"elementor-widget-wrap elementor-element-populated\">\n\t\t\t\t\t\t<div class=\"elementor-element elementor-element-ce89349 elementor-widget__width-initial elementor-widget elementor-widget-text-editor\" data-id=\"ce89349\" data-element_type=\"widget\" data-widget_type=\"text-editor.default\">\n\t\t\t\t<div class=\"elementor-widget-container\">\n\t\t\t\t\t\t\t<h4><span class=\"product-tabs tab-pane letter\" style=\"color: #003366;\">B&#8212;&#8212;&#8212;&#8212;&#8212;&#8212;&#8212;&#8212;<\/span><\/h4><h3 class=\"h3\"><strong><span style=\"color: #003366;\">Hygienic drape<\/span><\/strong><\/h3><p class=\" translation-block\">Protects the inner layer by increasing the pillow\u2019s level of hygiene.<\/p>\t\t\t\t\t\t<\/div>\n\t\t\t\t<\/div>\n\t\t\t\t\t<\/div>\n\t\t<\/div>\n\t\t\t\t\t<\/div>\n\t\t<\/section>\n\t\t\t\t<section class=\"elementor-section elementor-inner-section elementor-element elementor-element-dd6ca79 elementor-section-boxed elementor-section-height-default elementor-section-height-default wpr-particle-no wpr-jarallax-no wpr-parallax-no wpr-sticky-section-no\" data-id=\"dd6ca79\" data-element_type=\"section\" data-settings=\"{&quot;background_background&quot;:&quot;classic&quot;}\">\n\t\t\t\t\t\t<div class=\"elementor-container elementor-column-gap-default\">\n\t\t\t\t\t<div class=\"elementor-column elementor-col-50 elementor-inner-column elementor-element elementor-element-bb4f1f5\" data-id=\"bb4f1f5\" data-element_type=\"column\">\n\t\t\t<div class=\"elementor-widget-wrap elementor-element-populated\">\n\t\t\t\t\t\t<div class=\"elementor-element elementor-element-82a9c7c elementor-widget elementor-widget-text-editor\" data-id=\"82a9c7c\" data-element_type=\"widget\" data-widget_type=\"text-editor.default\">\n\t\t\t\t<div class=\"elementor-widget-container\">\n\t\t\t\t\t\t\t<h4><span style=\"color: #003366;\"><span class=\"product-tabs tab-pane letter\">C<\/span><span class=\"product-tabs tab-pane letter\">&#8212;&#8212;&#8212;&#8212;&#8212;&#8212;&#8212;&#8212;<\/span><\/span><\/h4><h3 class=\"h3\"><strong><span style=\"color: #003366;\">Interior<\/span><\/strong><\/h3><p class=\" translation-block\">The interior in Memoform is designed to react to the weight of the neck, head and shoulders, offering a pleasant feeling of lightness while you rest.<\/p>\t\t\t\t\t\t<\/div>\n\t\t\t\t<\/div>\n\t\t\t\t\t<\/div>\n\t\t<\/div>\n\t\t\t\t<div class=\"elementor-column elementor-col-50 elementor-inner-column elementor-element elementor-element-c18ee7f\" data-id=\"c18ee7f\" data-element_type=\"column\">\n\t\t\t<div class=\"elementor-widget-wrap elementor-element-populated\">\n\t\t\t\t\t\t<div class=\"elementor-element elementor-element-75f3546 elementor-widget elementor-widget-text-editor\" data-id=\"75f3546\" data-element_type=\"widget\" data-widget_type=\"text-editor.default\">\n\t\t\t\t<div class=\"elementor-widget-container\">\n\t\t\t\t\t\t\t<h4><span style=\"color: #003366;\"><span class=\"product-tabs tab-pane letter\">D<\/span><span class=\"product-tabs tab-pane letter\">&#8212;&#8212;&#8212;&#8212;&#8212;&#8212;&#8212;&#8212;<\/span><\/span><\/h4><h3 class=\"h3\"><strong><span style=\"color: #003366;\">Manufacture<\/span><\/strong><\/h3><p class=\" translation-block\">The airy design of the pillow ensures perfect breathability and optimal dispersion of moisture and heat, thanks to the holes in the middle.<\/p>\t\t\t\t\t\t<\/div>\n\t\t\t\t<\/div>\n\t\t\t\t\t<\/div>\n\t\t<\/div>\n\t\t\t\t\t<\/div>\n\t\t<\/section>\n\t\t\t\t\t<\/div>\n\t\t<\/div>\n\t\t\t\t\t<\/div>\n\t\t<\/section>\n\t\t\t\t<\/div>","protected":false},"excerpt":{"rendered":"<p>Superiore Deluxe Standard Superiore Deluxe Standard, nga linja Superiore, me dizajn tradicional, kombinon mbules\u00ebn inovative Outlast\u00ae me shtres\u00ebn e frym\u00ebmarrshme Memoform, duke garantuar gjithmon\u00eb nj\u00eb gjum\u00eb t\u00eb fresk\u00ebt dhe t\u00eb that\u00eb. A&#8212;&#8212;&#8212;&#8212;&#8212;&#8212;&#8212;&#8212; Mbulesa P\u00eblhura termorregulluese Outlast\u00ae krijon mikroklim\u00ebn perfekte gjat\u00eb gjith\u00eb nat\u00ebs. Kur temperatura e trupit rritet gjat\u00eb gjumit, nxeht\u00ebsia e tep\u00ebrt thithet, dhe kur temperatura bie n\u00ebn pragun e shkrirjes, qelizat e mikro-bubble-ve rip\u00ebrshtaten dhe \u00e7lirojn\u00eb nxeht\u00ebsin\u00eb e grumbulluar. Mbulesa p\u00ebrfshin nj\u00eb band\u00eb 3D t\u00eb frym\u00ebmarrshme, e cila \u00ebsht\u00eb leht\u00ebsisht e heqshme dhe e lar\u00eb, p\u00ebr higjien\u00eb maksimale. B&#8212;&#8212;&#8212;&#8212;&#8212;&#8212;&#8212;&#8212; Shtresa higjenike Mbron shtres\u00ebn e brendshme dhe rrit nivelin e higjien\u00ebs s\u00eb jast\u00ebkut. C&#8212;&#8212;&#8212;&#8212;&#8212;&#8212;&#8212;&#8212; B\u00ebrthama e brendshme B\u00ebrthama prej Memoform-i \u00ebsht\u00eb projektuar p\u00ebr t\u2019iu p\u00ebrshtatur pesh\u00ebs s\u00eb qaf\u00ebs, kok\u00ebs dhe shpatullave, duke ofruar nj\u00eb ndjesi rehatie dhe leht\u00ebsie gjat\u00eb pushimit. D&#8212;&#8212;&#8212;&#8212;&#8212;&#8212;&#8212;&#8212; Prodhimi Dizajni i ajrosur i jast\u00ebkut siguron frym\u00ebmarrje t\u00eb p\u00ebrsosur dhe shp\u00ebrndarje optimale t\u00eb nxeht\u00ebsis\u00eb dhe lag\u00ebshtis\u00eb, fal\u00eb vrimave t\u00eb vendosura n\u00eb mes t\u00eb b\u00ebrtham\u00ebs s\u00eb shkum\u00ebs.<\/p>","protected":false},"featured_media":11799,"template":"","meta":{"_monsterinsights_skip_tracking":false,"_monsterinsights_sitenote_active":false,"_monsterinsights_sitenote_note":"","_monsterinsights_sitenote_category":0,"site-sidebar-layout":"default","site-content-layout":"","ast-site-content-layout":"default","site-content-style":"default","site-sidebar-style":"default","ast-global-header-display":"","ast-banner-title-visibility":"","ast-main-header-display":"","ast-hfb-above-header-display":"","ast-hfb-below-header-display":"","ast-hfb-mobile-header-display":"","site-post-title":"","ast-breadcrumbs-content":"","ast-featured-img":"","footer-sml-layout":"","theme-transparent-header-meta":"default","adv-header-id-meta":"","stick-header-meta":"","header-above-stick-meta":"","header-main-stick-meta":"","header-below-stick-meta":"","astra-migrate-meta-layouts":"set","ast-page-background-enabled":"default","ast-page-background-meta":{"desktop":{"background-color":"var(--ast-global-color-5)","background-image":"","background-repeat":"repeat","background-position":"center center","background-size":"auto","background-attachment":"scroll","background-type":"","background-media":"","overlay-type":"","overlay-color":"","overlay-opacity":"","overlay-gradient":""},"tablet":{"background-color":"","background-image":"","background-repeat":"repeat","background-position":"center center","background-size":"auto","background-attachment":"scroll","background-type":"","background-media":"","overlay-type":"","overlay-color":"","overlay-opacity":"","overlay-gradient":""},"mobile":{"background-color":"","background-image":"","background-repeat":"repeat","background-position":"center center","background-size":"auto","background-attachment":"scroll","background-type":"","background-media":"","overlay-type":"","overlay-color":"","overlay-opacity":"","overlay-gradient":""}},"ast-content-background-meta":{"desktop":{"background-color":"var(--ast-global-color-4)","background-image":"","background-repeat":"repeat","background-position":"center center","background-size":"auto","background-attachment":"scroll","background-type":"","background-media":"","overlay-type":"","overlay-color":"","overlay-opacity":"","overlay-gradient":""},"tablet":{"background-color":"var(--ast-global-color-4)","background-image":"","background-repeat":"repeat","background-position":"center center","background-size":"auto","background-attachment":"scroll","background-type":"","background-media":"","overlay-type":"","overlay-color":"","overlay-opacity":"","overlay-gradient":""},"mobile":{"background-color":"var(--ast-global-color-4)","background-image":"","background-repeat":"repeat","background-position":"center center","background-size":"auto","background-attachment":"scroll","background-type":"","background-media":"","overlay-type":"","overlay-color":"","overlay-opacity":"","overlay-gradient":""}}},"product_cat":[154,272],"product_tag":[],"class_list":{"0":"post-11798","1":"product","2":"type-product","3":"status-publish","4":"has-post-thumbnail","6":"product_cat-jasteke","7":"product_cat-superiore","8":"desktop-align-left","9":"tablet-align-left","10":"mobile-align-left","12":"first","13":"instock","14":"shipping-taxable","15":"purchasable","16":"product-type-simple"},"_links":{"self":[{"href":"https:\/\/magniflex.al\/en\/wp-json\/wp\/v2\/product\/11798","targetHints":{"allow":["GET"]}}],"collection":[{"href":"https:\/\/magniflex.al\/en\/wp-json\/wp\/v2\/product"}],"about":[{"href":"https:\/\/magniflex.al\/en\/wp-json\/wp\/v2\/types\/product"}],"version-history":[{"count":18,"href":"https:\/\/magniflex.al\/en\/wp-json\/wp\/v2\/product\/11798\/revisions"}],"predecessor-version":[{"id":21220,"href":"https:\/\/magniflex.al\/en\/wp-json\/wp\/v2\/product\/11798\/revisions\/21220"}],"wp:featuredmedia":[{"embeddable":true,"href":"https:\/\/magniflex.al\/en\/wp-json\/wp\/v2\/media\/11799"}],"wp:attachment":[{"href":"https:\/\/magniflex.al\/en\/wp-json\/wp\/v2\/media?parent=11798"}],"wp:term":[{"taxonomy":"product_cat","embeddable":true,"href":"https:\/\/magniflex.al\/en\/wp-json\/wp\/v2\/product_cat?post=11798"},{"taxonomy":"product_tag","embeddable":true,"href":"https:\/\/magniflex.al\/en\/wp-json\/wp\/v2\/product_tag?post=11798"}],"curies":[{"name":"wp","href":"https:\/\/api.w.org\/{rel}","templated":true}]}}