{"id":11788,"date":"2023-10-08T17:24:17","date_gmt":"2023-10-08T17:24:17","guid":{"rendered":"https:\/\/magniflex.al\/?post_type=product&#038;p=11788"},"modified":"2025-08-22T00:04:24","modified_gmt":"2025-08-22T00:04:24","slug":"superiore-deluxe-dual","status":"publish","type":"product","link":"https:\/\/magniflex.al\/en\/product\/superiore-deluxe-dual\/","title":{"rendered":"Superiore Deluxe Dual"},"content":{"rendered":"<div data-elementor-type=\"wp-post\" data-elementor-id=\"11788\" class=\"elementor elementor-11788\">\n\t\t\t\t\t\t<section class=\"elementor-section elementor-top-section elementor-element elementor-element-6fb8449 elementor-section-full_width elementor-section-height-min-height elementor-section-items-stretch elementor-section-content-middle elementor-section-stretched elementor-section-height-default wpr-particle-no wpr-jarallax-no wpr-parallax-no wpr-sticky-section-no\" data-id=\"6fb8449\" data-element_type=\"section\" data-settings=\"{&quot;stretch_section&quot;:&quot;section-stretched&quot;}\">\n\t\t\t\t\t\t<div class=\"elementor-container elementor-column-gap-no\">\n\t\t\t\t\t<div class=\"elementor-column elementor-col-33 elementor-top-column elementor-element elementor-element-aefcf7e\" data-id=\"aefcf7e\" data-element_type=\"column\" data-settings=\"{&quot;background_background&quot;:&quot;classic&quot;}\">\n\t\t\t<div class=\"elementor-widget-wrap\">\n\t\t\t\t\t\t\t<\/div>\n\t\t<\/div>\n\t\t\t\t<div class=\"elementor-column elementor-col-66 elementor-top-column elementor-element elementor-element-d5e4aa6\" data-id=\"d5e4aa6\" data-element_type=\"column\">\n\t\t\t<div class=\"elementor-widget-wrap elementor-element-populated\">\n\t\t\t\t\t\t<section class=\"elementor-section elementor-inner-section elementor-element elementor-element-7195799 elementor-section-boxed elementor-section-height-default elementor-section-height-default wpr-particle-no wpr-jarallax-no wpr-parallax-no wpr-sticky-section-no\" data-id=\"7195799\" data-element_type=\"section\" data-settings=\"{&quot;background_background&quot;:&quot;classic&quot;}\">\n\t\t\t\t\t\t<div class=\"elementor-container elementor-column-gap-default\">\n\t\t\t\t\t<div class=\"elementor-column elementor-col-50 elementor-inner-column elementor-element elementor-element-b24b642\" data-id=\"b24b642\" data-element_type=\"column\">\n\t\t\t<div class=\"elementor-widget-wrap elementor-element-populated\">\n\t\t\t\t\t\t<div class=\"elementor-element elementor-element-7537e16 elementor-widget__width-initial elementor-widget elementor-widget-text-editor\" data-id=\"7537e16\" data-element_type=\"widget\" data-widget_type=\"text-editor.default\">\n\t\t\t\t<div class=\"elementor-widget-container\">\n\t\t\t\t\t\t\t<h4><span class=\"product-tabs tab-pane letter\" style=\"color: #003366;\">A&#8212;&#8212;&#8212;&#8212;&#8212;&#8212;&#8212;&#8212;<\/span><\/h4><h3 class=\"h3\"><strong><span style=\"color: #003366;\">Cover<\/span><\/strong><\/h3><p class=\"small\">The Outlast\u00ae thermoregulating fabric absorbs excess heat when the body temperature rises and releases the accumulated heat when the temperature drops. GRS (Global Recycle Standard) and viscose fabric on the bottom is a guarantee of the use of recycled materials in support of the environment.<\/p>\t\t\t\t\t\t<\/div>\n\t\t\t\t<\/div>\n\t\t\t\t\t<\/div>\n\t\t<\/div>\n\t\t\t\t<div class=\"elementor-column elementor-col-50 elementor-inner-column elementor-element elementor-element-8767da8\" data-id=\"8767da8\" data-element_type=\"column\">\n\t\t\t<div class=\"elementor-widget-wrap elementor-element-populated\">\n\t\t\t\t\t\t<div class=\"elementor-element elementor-element-107ee1c elementor-widget__width-initial elementor-widget elementor-widget-text-editor\" data-id=\"107ee1c\" data-element_type=\"widget\" data-widget_type=\"text-editor.default\">\n\t\t\t\t<div class=\"elementor-widget-container\">\n\t\t\t\t\t\t\t<h4><span class=\"product-tabs tab-pane letter\" style=\"color: #003366;\">B&#8212;&#8212;&#8212;&#8212;&#8212;&#8212;&#8212;&#8212;<\/span><\/h4><h3 class=\"h3\"><span style=\"color: #003366;\">Hygienic cover<\/span><\/h3><p class=\"small\">Protects the inner layer by increasing the hygiene level of the pillow.<\/p>\t\t\t\t\t\t<\/div>\n\t\t\t\t<\/div>\n\t\t\t\t\t<\/div>\n\t\t<\/div>\n\t\t\t\t\t<\/div>\n\t\t<\/section>\n\t\t\t\t<section class=\"elementor-section elementor-inner-section elementor-element elementor-element-d5d1808 elementor-section-boxed elementor-section-height-default elementor-section-height-default wpr-particle-no wpr-jarallax-no wpr-parallax-no wpr-sticky-section-no\" data-id=\"d5d1808\" data-element_type=\"section\" data-settings=\"{&quot;background_background&quot;:&quot;classic&quot;}\">\n\t\t\t\t\t\t<div class=\"elementor-container elementor-column-gap-default\">\n\t\t\t\t\t<div class=\"elementor-column elementor-col-50 elementor-inner-column elementor-element elementor-element-cfc6881\" data-id=\"cfc6881\" data-element_type=\"column\">\n\t\t\t<div class=\"elementor-widget-wrap elementor-element-populated\">\n\t\t\t\t\t\t<div class=\"elementor-element elementor-element-96a9451 elementor-widget elementor-widget-text-editor\" data-id=\"96a9451\" data-element_type=\"widget\" data-widget_type=\"text-editor.default\">\n\t\t\t\t<div class=\"elementor-widget-container\">\n\t\t\t\t\t\t\t<h4><span style=\"color: #003366;\"><span class=\"product-tabs tab-pane letter\">C<\/span><span class=\"product-tabs tab-pane letter\">&#8212;&#8212;&#8212;&#8212;&#8212;&#8212;&#8212;&#8212;<\/span><\/span><\/h4><h3 class=\"h3\"><strong><span style=\"color: #003366;\">Inner layer<\/span><\/strong><\/h3><p class=\"small\">The inner part on one side in Memoform is designed to react to the weight of the neck, head and shoulders, offering a pleasant feeling of lightness during rest. The other side in Mallow Foam with calming properties, for the well-being of the nervous system.<\/p>\t\t\t\t\t\t<\/div>\n\t\t\t\t<\/div>\n\t\t\t\t\t<\/div>\n\t\t<\/div>\n\t\t\t\t<div class=\"elementor-column elementor-col-50 elementor-inner-column elementor-element elementor-element-ba7025c\" data-id=\"ba7025c\" data-element_type=\"column\">\n\t\t\t<div class=\"elementor-widget-wrap elementor-element-populated\">\n\t\t\t\t\t\t<div class=\"elementor-element elementor-element-e642919 elementor-widget elementor-widget-text-editor\" data-id=\"e642919\" data-element_type=\"widget\" data-widget_type=\"text-editor.default\">\n\t\t\t\t<div class=\"elementor-widget-container\">\n\t\t\t\t\t\t\t<h4><span style=\"color: #003366;\"><span class=\"product-tabs tab-pane letter\">D<\/span><span class=\"product-tabs tab-pane letter\">&#8212;&#8212;&#8212;&#8212;&#8212;&#8212;&#8212;&#8212;<\/span><\/span><\/h4><h3 class=\"h3\"><strong><span style=\"color: #003366;\">Manufacture<\/span><\/strong><\/h3><p class=\"small\">The transpiration production throughout the layer with large holes provides excellent moisture and heat distribution.<\/p>\t\t\t\t\t\t<\/div>\n\t\t\t\t<\/div>\n\t\t\t\t\t<\/div>\n\t\t<\/div>\n\t\t\t\t\t<\/div>\n\t\t<\/section>\n\t\t\t\t\t<\/div>\n\t\t<\/div>\n\t\t\t\t\t<\/div>\n\t\t<\/section>\n\t\t\t\t<\/div>","protected":false},"excerpt":{"rendered":"<p>A&#8212;&#8212;&#8212;&#8212;&#8212;&#8212;&#8212;&#8212; Mbulesa P\u00eblhura termorregulluese Outlast\u00ae, kur temperatura e trupit rritet, thith nxeht\u00ebsin\u00eb e tep\u00ebrt dhe kur temperatura bie, l\u00ebshon nxeht\u00ebsin\u00eb e akumuluar. GRS (Global Recycle Standard) dhe p\u00eblhura viskoze n\u00eb pjes\u00ebn e poshtme \u00ebsht\u00eb nj\u00eb garanci p\u00ebr p\u00ebrdorimin e materialeve t\u00eb ricikluara n\u00eb mb\u00ebshtetje t\u00eb mjedisit. B&#8212;&#8212;&#8212;&#8212;&#8212;&#8212;&#8212;&#8212; K\u00ebll\u00ebf higjenik Mbron shtres\u00ebn e brendshme duke rritur nivelin e higjien\u00ebs s\u00eb jast\u00ebkut. C&#8212;&#8212;&#8212;&#8212;&#8212;&#8212;&#8212;&#8212; Shtresa e brendshme Pjesa e brendshme n\u00eb nj\u00ebr\u00ebn an\u00eb n\u00eb Memoform \u00ebsht\u00eb krijuar p\u00ebr t\u00eb reaguar ndaj pesh\u00ebs s\u00eb qaf\u00ebs, kok\u00ebs dhe shpatullave, duke ofruar nj\u00eb ndjesi t\u00eb k\u00ebndshme leht\u00ebsie gjat\u00eb pushimit. Ana tjet\u00ebr n\u00eb Shkum\u00eb Malva me veti qet\u00ebsuese, p\u00ebr mir\u00ebqenien e sistemit nervor. D&#8212;&#8212;&#8212;&#8212;&#8212;&#8212;&#8212;&#8212; Ajrosja Prodhimi transpirues n\u00eb t\u00eb gjith\u00eb shtres\u00ebn me vrima t\u00eb m\u00ebdha jep\u00a0 shp\u00ebrndarje t\u00eb shk\u00eblqyer t\u00eb lag\u00ebshtis\u00eb dhe nxeht\u00ebsis\u00eb.<\/p>","protected":false},"featured_media":11789,"template":"","meta":{"_monsterinsights_skip_tracking":false,"_monsterinsights_sitenote_active":false,"_monsterinsights_sitenote_note":"","_monsterinsights_sitenote_category":0,"site-sidebar-layout":"default","site-content-layout":"","ast-site-content-layout":"default","site-content-style":"default","site-sidebar-style":"default","ast-global-header-display":"","ast-banner-title-visibility":"","ast-main-header-display":"","ast-hfb-above-header-display":"","ast-hfb-below-header-display":"","ast-hfb-mobile-header-display":"","site-post-title":"","ast-breadcrumbs-content":"","ast-featured-img":"","footer-sml-layout":"","theme-transparent-header-meta":"","adv-header-id-meta":"","stick-header-meta":"","header-above-stick-meta":"","header-main-stick-meta":"","header-below-stick-meta":"","astra-migrate-meta-layouts":"default","ast-page-background-enabled":"default","ast-page-background-meta":{"desktop":{"background-color":"var(--ast-global-color-5)","background-image":"","background-repeat":"repeat","background-position":"center center","background-size":"auto","background-attachment":"scroll","background-type":"","background-media":"","overlay-type":"","overlay-color":"","overlay-opacity":"","overlay-gradient":""},"tablet":{"background-color":"","background-image":"","background-repeat":"repeat","background-position":"center center","background-size":"auto","background-attachment":"scroll","background-type":"","background-media":"","overlay-type":"","overlay-color":"","overlay-opacity":"","overlay-gradient":""},"mobile":{"background-color":"","background-image":"","background-repeat":"repeat","background-position":"center center","background-size":"auto","background-attachment":"scroll","background-type":"","background-media":"","overlay-type":"","overlay-color":"","overlay-opacity":"","overlay-gradient":""}},"ast-content-background-meta":{"desktop":{"background-color":"var(--ast-global-color-4)","background-image":"","background-repeat":"repeat","background-position":"center center","background-size":"auto","background-attachment":"scroll","background-type":"","background-media":"","overlay-type":"","overlay-color":"","overlay-opacity":"","overlay-gradient":""},"tablet":{"background-color":"var(--ast-global-color-4)","background-image":"","background-repeat":"repeat","background-position":"center center","background-size":"auto","background-attachment":"scroll","background-type":"","background-media":"","overlay-type":"","overlay-color":"","overlay-opacity":"","overlay-gradient":""},"mobile":{"background-color":"var(--ast-global-color-4)","background-image":"","background-repeat":"repeat","background-position":"center center","background-size":"auto","background-attachment":"scroll","background-type":"","background-media":"","overlay-type":"","overlay-color":"","overlay-opacity":"","overlay-gradient":""}}},"product_cat":[154,272],"product_tag":[],"class_list":{"0":"post-11788","1":"product","2":"type-product","3":"status-publish","4":"has-post-thumbnail","6":"product_cat-jasteke","7":"product_cat-superiore","8":"desktop-align-left","9":"tablet-align-left","10":"mobile-align-left","12":"first","13":"instock","14":"shipping-taxable","15":"product-type-simple"},"_links":{"self":[{"href":"https:\/\/magniflex.al\/en\/wp-json\/wp\/v2\/product\/11788","targetHints":{"allow":["GET"]}}],"collection":[{"href":"https:\/\/magniflex.al\/en\/wp-json\/wp\/v2\/product"}],"about":[{"href":"https:\/\/magniflex.al\/en\/wp-json\/wp\/v2\/types\/product"}],"version-history":[{"count":13,"href":"https:\/\/magniflex.al\/en\/wp-json\/wp\/v2\/product\/11788\/revisions"}],"predecessor-version":[{"id":20047,"href":"https:\/\/magniflex.al\/en\/wp-json\/wp\/v2\/product\/11788\/revisions\/20047"}],"wp:featuredmedia":[{"embeddable":true,"href":"https:\/\/magniflex.al\/en\/wp-json\/wp\/v2\/media\/11789"}],"wp:attachment":[{"href":"https:\/\/magniflex.al\/en\/wp-json\/wp\/v2\/media?parent=11788"}],"wp:term":[{"taxonomy":"product_cat","embeddable":true,"href":"https:\/\/magniflex.al\/en\/wp-json\/wp\/v2\/product_cat?post=11788"},{"taxonomy":"product_tag","embeddable":true,"href":"https:\/\/magniflex.al\/en\/wp-json\/wp\/v2\/product_tag?post=11788"}],"curies":[{"name":"wp","href":"https:\/\/api.w.org\/{rel}","templated":true}]}}