{"id":11774,"date":"2023-10-08T17:17:26","date_gmt":"2023-10-08T17:17:26","guid":{"rendered":"https:\/\/magniflex.al\/?post_type=product&#038;p=11774"},"modified":"2026-03-27T09:56:59","modified_gmt":"2026-03-27T09:56:59","slug":"abbraccio-standard","status":"publish","type":"product","link":"https:\/\/magniflex.al\/en\/product\/abbraccio-standard\/","title":{"rendered":"Abbraccio Standard"},"content":{"rendered":"<div data-elementor-type=\"wp-post\" data-elementor-id=\"11774\" class=\"elementor elementor-11774\">\n\t\t\t\t\t\t<section class=\"elementor-section elementor-top-section elementor-element elementor-element-e7d6398 elementor-section-full_width elementor-section-height-min-height elementor-section-items-stretch elementor-section-content-middle elementor-section-stretched elementor-section-height-default wpr-particle-no wpr-jarallax-no wpr-parallax-no wpr-sticky-section-no\" data-id=\"e7d6398\" data-element_type=\"section\" data-settings=\"{&quot;stretch_section&quot;:&quot;section-stretched&quot;}\">\n\t\t\t\t\t\t<div class=\"elementor-container elementor-column-gap-no\">\n\t\t\t\t\t<div class=\"elementor-column elementor-col-33 elementor-top-column elementor-element elementor-element-37c2207\" data-id=\"37c2207\" data-element_type=\"column\" data-settings=\"{&quot;background_background&quot;:&quot;classic&quot;}\">\n\t\t\t<div class=\"elementor-widget-wrap\">\n\t\t\t\t\t\t\t<\/div>\n\t\t<\/div>\n\t\t\t\t<div class=\"elementor-column elementor-col-66 elementor-top-column elementor-element elementor-element-917ec25\" data-id=\"917ec25\" data-element_type=\"column\">\n\t\t\t<div class=\"elementor-widget-wrap elementor-element-populated\">\n\t\t\t\t\t\t<section class=\"elementor-section elementor-inner-section elementor-element elementor-element-3b92769 elementor-section-boxed elementor-section-height-default elementor-section-height-default wpr-particle-no wpr-jarallax-no wpr-parallax-no wpr-sticky-section-no\" data-id=\"3b92769\" data-element_type=\"section\" data-settings=\"{&quot;background_background&quot;:&quot;classic&quot;}\">\n\t\t\t\t\t\t<div class=\"elementor-container elementor-column-gap-default\">\n\t\t\t\t\t<div class=\"elementor-column elementor-col-50 elementor-inner-column elementor-element elementor-element-d33828f\" data-id=\"d33828f\" data-element_type=\"column\">\n\t\t\t<div class=\"elementor-widget-wrap elementor-element-populated\">\n\t\t\t\t\t\t<div class=\"elementor-element elementor-element-dc55926 elementor-widget__width-initial elementor-widget elementor-widget-text-editor\" data-id=\"dc55926\" data-element_type=\"widget\" data-widget_type=\"text-editor.default\">\n\t\t\t\t<div class=\"elementor-widget-container\">\n\t\t\t\t\t\t\t<h4><span class=\"product-tabs tab-pane letter\" style=\"color: #003366;\">A&#8212;&#8212;&#8212;&#8212;&#8212;&#8212;&#8212;&#8212;<\/span><\/h4><h3 class=\"h3\"><strong><span style=\"color: #003366;\">Cover<\/span><\/strong><\/h3><p class=\"small\">The silk thread cover makes the pillow soft to the touch. The Sanitized TH 15-14 treatment provides the pillow with antibacterial and antimicrobial properties.\u00a0<\/p>\t\t\t\t\t\t<\/div>\n\t\t\t\t<\/div>\n\t\t\t\t\t<\/div>\n\t\t<\/div>\n\t\t\t\t<div class=\"elementor-column elementor-col-50 elementor-inner-column elementor-element elementor-element-4400389\" data-id=\"4400389\" data-element_type=\"column\">\n\t\t\t<div class=\"elementor-widget-wrap elementor-element-populated\">\n\t\t\t\t\t\t<div class=\"elementor-element elementor-element-1fee6d0 elementor-widget__width-initial elementor-widget elementor-widget-text-editor\" data-id=\"1fee6d0\" data-element_type=\"widget\" data-widget_type=\"text-editor.default\">\n\t\t\t\t<div class=\"elementor-widget-container\">\n\t\t\t\t\t\t\t<h4><span class=\"product-tabs tab-pane letter\" style=\"color: #003366;\">B&#8212;&#8212;&#8212;&#8212;&#8212;&#8212;&#8212;&#8212;<\/span><\/h4><h3 class=\"h3\"><span style=\"color: #003366;\">Hygienic layer<\/span><\/h3><p class=\"small\"><span style=\"color: #003366;\">Protects the inner layer by increasing the hygiene level of the pillow.<\/span><\/p>\t\t\t\t\t\t<\/div>\n\t\t\t\t<\/div>\n\t\t\t\t\t<\/div>\n\t\t<\/div>\n\t\t\t\t\t<\/div>\n\t\t<\/section>\n\t\t\t\t<section class=\"elementor-section elementor-inner-section elementor-element elementor-element-b1a9a1d elementor-section-boxed elementor-section-height-default elementor-section-height-default wpr-particle-no wpr-jarallax-no wpr-parallax-no wpr-sticky-section-no\" data-id=\"b1a9a1d\" data-element_type=\"section\" data-settings=\"{&quot;background_background&quot;:&quot;classic&quot;}\">\n\t\t\t\t\t\t<div class=\"elementor-container elementor-column-gap-default\">\n\t\t\t\t\t<div class=\"elementor-column elementor-col-50 elementor-inner-column elementor-element elementor-element-e9e6088\" data-id=\"e9e6088\" data-element_type=\"column\">\n\t\t\t<div class=\"elementor-widget-wrap elementor-element-populated\">\n\t\t\t\t\t\t<div class=\"elementor-element elementor-element-ce0adf2 elementor-widget elementor-widget-text-editor\" data-id=\"ce0adf2\" data-element_type=\"widget\" data-widget_type=\"text-editor.default\">\n\t\t\t\t<div class=\"elementor-widget-container\">\n\t\t\t\t\t\t\t<h4><span style=\"color: #003366;\"><span class=\"product-tabs tab-pane letter\">C<\/span><span class=\"product-tabs tab-pane letter\">&#8212;&#8212;&#8212;&#8212;&#8212;&#8212;&#8212;&#8212;<\/span><\/span><\/h4><h3 class=\"h3\"><strong><span style=\"color: #003366;\">Inner layer<\/span><\/strong><\/h3><p class=\"small\"><span style=\"color: #003366;\">The Memoform interior is designed to respond to the weight of the neck, head and shoulders, providing a pleasant feeling of comfort while resting.<\/span><\/p>\t\t\t\t\t\t<\/div>\n\t\t\t\t<\/div>\n\t\t\t\t\t<\/div>\n\t\t<\/div>\n\t\t\t\t<div class=\"elementor-column elementor-col-50 elementor-inner-column elementor-element elementor-element-bbe28f3\" data-id=\"bbe28f3\" data-element_type=\"column\">\n\t\t\t<div class=\"elementor-widget-wrap elementor-element-populated\">\n\t\t\t\t\t\t<div class=\"elementor-element elementor-element-b05cd98 elementor-widget elementor-widget-text-editor\" data-id=\"b05cd98\" data-element_type=\"widget\" data-widget_type=\"text-editor.default\">\n\t\t\t\t<div class=\"elementor-widget-container\">\n\t\t\t\t\t\t\t<h4><span style=\"color: #003366;\"><span class=\"product-tabs tab-pane letter\">D<\/span><span class=\"product-tabs tab-pane letter\">&#8212;&#8212;&#8212;&#8212;&#8212;&#8212;&#8212;&#8212;<\/span><\/span><\/h4><h3 class=\"h3\"><strong><span style=\"color: #003366;\">Manufacture<\/span><\/strong><\/h3><p class=\"small\">The ventilated design of the pillow ensures optimal moisture and heat distribution, thanks to the holes created in the middle of the pillow.<\/p>\t\t\t\t\t\t<\/div>\n\t\t\t\t<\/div>\n\t\t\t\t\t<\/div>\n\t\t<\/div>\n\t\t\t\t\t<\/div>\n\t\t<\/section>\n\t\t\t\t\t<\/div>\n\t\t<\/div>\n\t\t\t\t\t<\/div>\n\t\t<\/section>\n\t\t\t\t<\/div>","protected":false},"excerpt":{"rendered":"<p>A&#8212;&#8212;&#8212;&#8212;&#8212;&#8212;&#8212;&#8212; Mbulesa Mbulesa n\u00eb fije m\u00ebndafshi\u00a0 e b\u00ebn jast\u00ebkun t\u00eb but\u00eb n\u00eb prekje. Trajtimi Sanitized TH 15-14 i siguron jast\u00ebkut veti antibakteriale dhe antimikrobike. B&#8212;&#8212;&#8212;&#8212;&#8212;&#8212;&#8212;&#8212; Perdja higjenike Mbron shtres\u00ebn e brendshme duke rritur nivelin e higjien\u00ebs s\u00eb jast\u00ebkut. C&#8212;&#8212;&#8212;&#8212;&#8212;&#8212;&#8212;&#8212; Shtresa e brendshme Pjesa e brendshme Memoform \u00ebsht\u00eb krijuar p\u00ebr t\u00eb reaguar ndaj pesh\u00ebs s\u00eb qaf\u00ebs, kok\u00ebs dhe shpatullave, duke ofruar nj\u00eb ndjesi t\u00eb k\u00ebndshme leht\u00ebsie gjat\u00eb pushimit. D&#8212;&#8212;&#8212;&#8212;&#8212;&#8212;&#8212;&#8212; Ajrosja Dizajni i ajrosur i jast\u00ebkut siguron shp\u00ebrndarje optimale t\u00eb lag\u00ebshtir\u00ebs dhe nxeht\u00ebsis\u00eb, fal\u00eb vrimave t\u00eb krijuara n\u00eb mesin e jast\u00ebkut.<\/p>","protected":false},"featured_media":11775,"template":"","meta":{"_monsterinsights_skip_tracking":false,"_monsterinsights_sitenote_active":false,"_monsterinsights_sitenote_note":"","_monsterinsights_sitenote_category":0,"site-sidebar-layout":"default","site-content-layout":"","ast-site-content-layout":"default","site-content-style":"default","site-sidebar-style":"default","ast-global-header-display":"","ast-banner-title-visibility":"","ast-main-header-display":"","ast-hfb-above-header-display":"","ast-hfb-below-header-display":"","ast-hfb-mobile-header-display":"","site-post-title":"","ast-breadcrumbs-content":"","ast-featured-img":"","footer-sml-layout":"","theme-transparent-header-meta":"default","adv-header-id-meta":"","stick-header-meta":"","header-above-stick-meta":"","header-main-stick-meta":"","header-below-stick-meta":"","astra-migrate-meta-layouts":"set","ast-page-background-enabled":"default","ast-page-background-meta":{"desktop":{"background-color":"var(--ast-global-color-5)","background-image":"","background-repeat":"repeat","background-position":"center center","background-size":"auto","background-attachment":"scroll","background-type":"","background-media":"","overlay-type":"","overlay-color":"","overlay-opacity":"","overlay-gradient":""},"tablet":{"background-color":"","background-image":"","background-repeat":"repeat","background-position":"center center","background-size":"auto","background-attachment":"scroll","background-type":"","background-media":"","overlay-type":"","overlay-color":"","overlay-opacity":"","overlay-gradient":""},"mobile":{"background-color":"","background-image":"","background-repeat":"repeat","background-position":"center center","background-size":"auto","background-attachment":"scroll","background-type":"","background-media":"","overlay-type":"","overlay-color":"","overlay-opacity":"","overlay-gradient":""}},"ast-content-background-meta":{"desktop":{"background-color":"var(--ast-global-color-4)","background-image":"","background-repeat":"repeat","background-position":"center center","background-size":"auto","background-attachment":"scroll","background-type":"","background-media":"","overlay-type":"","overlay-color":"","overlay-opacity":"","overlay-gradient":""},"tablet":{"background-color":"var(--ast-global-color-4)","background-image":"","background-repeat":"repeat","background-position":"center center","background-size":"auto","background-attachment":"scroll","background-type":"","background-media":"","overlay-type":"","overlay-color":"","overlay-opacity":"","overlay-gradient":""},"mobile":{"background-color":"var(--ast-global-color-4)","background-image":"","background-repeat":"repeat","background-position":"center center","background-size":"auto","background-attachment":"scroll","background-type":"","background-media":"","overlay-type":"","overlay-color":"","overlay-opacity":"","overlay-gradient":""}}},"product_cat":[154,269],"product_tag":[],"class_list":{"0":"post-11774","1":"product","2":"type-product","3":"status-publish","4":"has-post-thumbnail","6":"product_cat-jasteke","7":"product_cat-abbraccio","8":"desktop-align-left","9":"tablet-align-left","10":"mobile-align-left","12":"first","13":"instock","14":"shipping-taxable","15":"purchasable","16":"product-type-simple"},"_links":{"self":[{"href":"https:\/\/magniflex.al\/en\/wp-json\/wp\/v2\/product\/11774","targetHints":{"allow":["GET"]}}],"collection":[{"href":"https:\/\/magniflex.al\/en\/wp-json\/wp\/v2\/product"}],"about":[{"href":"https:\/\/magniflex.al\/en\/wp-json\/wp\/v2\/types\/product"}],"version-history":[{"count":19,"href":"https:\/\/magniflex.al\/en\/wp-json\/wp\/v2\/product\/11774\/revisions"}],"predecessor-version":[{"id":21195,"href":"https:\/\/magniflex.al\/en\/wp-json\/wp\/v2\/product\/11774\/revisions\/21195"}],"wp:featuredmedia":[{"embeddable":true,"href":"https:\/\/magniflex.al\/en\/wp-json\/wp\/v2\/media\/11775"}],"wp:attachment":[{"href":"https:\/\/magniflex.al\/en\/wp-json\/wp\/v2\/media?parent=11774"}],"wp:term":[{"taxonomy":"product_cat","embeddable":true,"href":"https:\/\/magniflex.al\/en\/wp-json\/wp\/v2\/product_cat?post=11774"},{"taxonomy":"product_tag","embeddable":true,"href":"https:\/\/magniflex.al\/en\/wp-json\/wp\/v2\/product_tag?post=11774"}],"curies":[{"name":"wp","href":"https:\/\/api.w.org\/{rel}","templated":true}]}}