{"id":11742,"date":"2023-10-08T16:56:02","date_gmt":"2023-10-08T16:56:02","guid":{"rendered":"https:\/\/magniflex.al\/?post_type=product&#038;p=11742"},"modified":"2025-10-27T22:30:46","modified_gmt":"2025-10-27T22:30:46","slug":"baby","status":"publish","type":"product","link":"https:\/\/magniflex.al\/en\/product\/baby\/","title":{"rendered":"Baby"},"content":{"rendered":"<div data-elementor-type=\"wp-post\" data-elementor-id=\"11742\" class=\"elementor elementor-11742\">\n\t\t\t\t\t\t<section class=\"elementor-section elementor-top-section elementor-element elementor-element-c438e5c elementor-section-boxed elementor-section-height-default elementor-section-height-default wpr-particle-no wpr-jarallax-no wpr-parallax-no wpr-sticky-section-no\" data-id=\"c438e5c\" data-element_type=\"section\" data-settings=\"{&quot;background_background&quot;:&quot;classic&quot;}\">\n\t\t\t\t\t\t<div class=\"elementor-container elementor-column-gap-default\">\n\t\t\t\t\t<div class=\"elementor-column elementor-col-33 elementor-top-column elementor-element elementor-element-57836a7\" data-id=\"57836a7\" data-element_type=\"column\">\n\t\t\t<div class=\"elementor-widget-wrap elementor-element-populated\">\n\t\t\t\t\t\t<div class=\"elementor-element elementor-element-cdcea6b elementor-widget elementor-widget-heading\" data-id=\"cdcea6b\" data-element_type=\"widget\" data-widget_type=\"heading.default\">\n\t\t\t\t<div class=\"elementor-widget-container\">\n\t\t\t<h2 class=\"elementor-heading-title elementor-size-default\">Baby<\/h2>\t\t<\/div>\n\t\t\t\t<\/div>\n\t\t\t\t<div class=\"elementor-element elementor-element-7aa7a92 elementor-widget elementor-widget-image\" data-id=\"7aa7a92\" data-element_type=\"widget\" data-widget_type=\"image.default\">\n\t\t\t\t<div class=\"elementor-widget-container\">\n\t\t\t\t\t\t\t\t\t\t\t\t\t<img fetchpriority=\"high\" decoding=\"async\" width=\"332\" height=\"240\" src=\"https:\/\/magniflex.al\/wp-content\/uploads\/2023\/10\/AMEMBA0305GIT-332x240-desc-1.jpg\" class=\"attachment-large size-large wp-image-11745\" alt=\"\" srcset=\"https:\/\/magniflex.al\/wp-content\/uploads\/2023\/10\/AMEMBA0305GIT-332x240-desc-1.jpg 332w, https:\/\/magniflex.al\/wp-content\/uploads\/2023\/10\/AMEMBA0305GIT-332x240-desc-1-300x217.jpg 300w, https:\/\/magniflex.al\/wp-content\/uploads\/2023\/10\/AMEMBA0305GIT-332x240-desc-1-18x12.jpg 18w\" sizes=\"(max-width: 332px) 100vw, 332px\" \/>\t\t\t\t\t\t\t\t\t\t\t\t\t<\/div>\n\t\t\t\t<\/div>\n\t\t\t\t\t<\/div>\n\t\t<\/div>\n\t\t\t\t<div class=\"elementor-column elementor-col-66 elementor-top-column elementor-element elementor-element-0c2602f\" data-id=\"0c2602f\" data-element_type=\"column\">\n\t\t\t<div class=\"elementor-widget-wrap elementor-element-populated\">\n\t\t\t\t\t\t<div class=\"elementor-element elementor-element-80f128c elementor-widget elementor-widget-text-editor\" data-id=\"80f128c\" data-element_type=\"widget\" data-widget_type=\"text-editor.default\">\n\t\t\t\t<div class=\"elementor-widget-container\">\n\t\t\t\t\t\t\t<p class=\" translation-block\">The care for details of the Magniflex products, when it comes to providing a superior sleeping experience, are combined in the Baby pillow, which is designed to provide the perfect lullaby to your little ones when they sleep. The interior in Memoform offers a pleasant sensation of lightness, and proper support.<\/p>\t\t\t\t\t\t<\/div>\n\t\t\t\t<\/div>\n\t\t\t\t\t<\/div>\n\t\t<\/div>\n\t\t\t\t\t<\/div>\n\t\t<\/section>\n\t\t\t\t<section class=\"elementor-section elementor-top-section elementor-element elementor-element-71e654b elementor-section-boxed elementor-section-height-default elementor-section-height-default wpr-particle-no wpr-jarallax-no wpr-parallax-no wpr-sticky-section-no\" data-id=\"71e654b\" data-element_type=\"section\" data-settings=\"{&quot;background_background&quot;:&quot;classic&quot;}\">\n\t\t\t\t\t\t<div class=\"elementor-container elementor-column-gap-default\">\n\t\t\t\t\t<div class=\"elementor-column elementor-col-66 elementor-top-column elementor-element elementor-element-2375f6c\" data-id=\"2375f6c\" data-element_type=\"column\">\n\t\t\t<div class=\"elementor-widget-wrap elementor-element-populated\">\n\t\t\t\t\t\t<section class=\"elementor-section elementor-inner-section elementor-element elementor-element-d9d8a71 elementor-section-boxed elementor-section-height-default elementor-section-height-default wpr-particle-no wpr-jarallax-no wpr-parallax-no wpr-sticky-section-no\" data-id=\"d9d8a71\" data-element_type=\"section\" data-settings=\"{&quot;background_background&quot;:&quot;classic&quot;}\">\n\t\t\t\t\t\t<div class=\"elementor-container elementor-column-gap-default\">\n\t\t\t\t\t<div class=\"elementor-column elementor-col-50 elementor-inner-column elementor-element elementor-element-5b5c9b4\" data-id=\"5b5c9b4\" data-element_type=\"column\">\n\t\t\t<div class=\"elementor-widget-wrap elementor-element-populated\">\n\t\t\t\t\t\t<div class=\"elementor-element elementor-element-6c37f5d elementor-widget__width-initial elementor-widget elementor-widget-text-editor\" data-id=\"6c37f5d\" data-element_type=\"widget\" data-widget_type=\"text-editor.default\">\n\t\t\t\t<div class=\"elementor-widget-container\">\n\t\t\t\t\t\t\t<h4><span class=\"product-tabs tab-pane letter\" style=\"color: #003366;\">A&#8212;&#8212;&#8212;&#8212;&#8212;&#8212;&#8212;&#8212;<\/span><\/h4><h3 class=\"h3\"><strong><span style=\"color: #003366;\">Cover<\/span><\/strong><\/h3><p class=\" translation-block\">The cloth protects the inner layer, increasing the pillow\u2019s level of hygiene.<\/p>\t\t\t\t\t\t<\/div>\n\t\t\t\t<\/div>\n\t\t\t\t\t<\/div>\n\t\t<\/div>\n\t\t\t\t<div class=\"elementor-column elementor-col-50 elementor-inner-column elementor-element elementor-element-66b5b8a\" data-id=\"66b5b8a\" data-element_type=\"column\">\n\t\t\t<div class=\"elementor-widget-wrap elementor-element-populated\">\n\t\t\t\t\t\t<div class=\"elementor-element elementor-element-fe5433e elementor-widget__width-initial elementor-widget elementor-widget-text-editor\" data-id=\"fe5433e\" data-element_type=\"widget\" data-widget_type=\"text-editor.default\">\n\t\t\t\t<div class=\"elementor-widget-container\">\n\t\t\t\t\t\t\t<h4><span class=\"product-tabs tab-pane letter\" style=\"color: #003366;\">B&#8212;&#8212;&#8212;&#8212;&#8212;&#8212;&#8212;&#8212;<\/span><\/h4><h3 class=\"h3\"><strong><span style=\"color: #003366;\">Hygienic drape<\/span><\/strong><\/h3><p class=\" translation-block\">The interior in Memoform is designed to respond to the weight of the neck, head and shoulders, supporting the baby's head with the same tenderness of a caring parent.<\/p>\t\t\t\t\t\t<\/div>\n\t\t\t\t<\/div>\n\t\t\t\t\t<\/div>\n\t\t<\/div>\n\t\t\t\t\t<\/div>\n\t\t<\/section>\n\t\t\t\t<section class=\"elementor-section elementor-inner-section elementor-element elementor-element-a60c767 elementor-section-boxed elementor-section-height-default elementor-section-height-default wpr-particle-no wpr-jarallax-no wpr-parallax-no wpr-sticky-section-no\" data-id=\"a60c767\" data-element_type=\"section\" data-settings=\"{&quot;background_background&quot;:&quot;classic&quot;}\">\n\t\t\t\t\t\t<div class=\"elementor-container elementor-column-gap-default\">\n\t\t\t\t\t<div class=\"elementor-column elementor-col-50 elementor-inner-column elementor-element elementor-element-94cc099\" data-id=\"94cc099\" data-element_type=\"column\">\n\t\t\t<div class=\"elementor-widget-wrap elementor-element-populated\">\n\t\t\t\t\t\t<div class=\"elementor-element elementor-element-7dff1e9 elementor-widget elementor-widget-text-editor\" data-id=\"7dff1e9\" data-element_type=\"widget\" data-widget_type=\"text-editor.default\">\n\t\t\t\t<div class=\"elementor-widget-container\">\n\t\t\t\t\t\t\t<h4><span style=\"color: #003366;\"><span class=\"product-tabs tab-pane letter\">C<\/span><span class=\"product-tabs tab-pane letter\">&#8212;&#8212;&#8212;&#8212;&#8212;&#8212;&#8212;&#8212;<\/span><\/span><\/h4><h3 class=\"h3\"><strong><span style=\"color: #003366;\">Interior<\/span><\/strong><\/h3><p class=\" translation-block\">The special design with large holes across the surface of the inner layers produces perfect breathability and enables optimal dispersion of moisture and heat.<\/p>\t\t\t\t\t\t<\/div>\n\t\t\t\t<\/div>\n\t\t\t\t\t<\/div>\n\t\t<\/div>\n\t\t\t\t<div class=\"elementor-column elementor-col-50 elementor-inner-column elementor-element elementor-element-e8acb80\" data-id=\"e8acb80\" data-element_type=\"column\">\n\t\t\t<div class=\"elementor-widget-wrap elementor-element-populated\">\n\t\t\t\t\t\t<div class=\"elementor-element elementor-element-1f369b1 elementor-widget elementor-widget-text-editor\" data-id=\"1f369b1\" data-element_type=\"widget\" data-widget_type=\"text-editor.default\">\n\t\t\t\t<div class=\"elementor-widget-container\">\n\t\t\t\t\t\t\t<h4><span style=\"color: #003366;\"><span class=\"product-tabs tab-pane letter\">D<\/span><span class=\"product-tabs tab-pane letter\">&#8212;&#8212;&#8212;&#8212;&#8212;&#8212;&#8212;&#8212;<\/span><\/span><\/h4><h3 class=\"h3\"><strong><span style=\"color: #003366;\">Manufacture<\/span><\/strong><\/h3><p class=\" translation-block\">The special design with large holes that span the entire inner layer adds perfect breathability and ensures optimal dissipation of moisture and heat.<\/p>\t\t\t\t\t\t<\/div>\n\t\t\t\t<\/div>\n\t\t\t\t\t<\/div>\n\t\t<\/div>\n\t\t\t\t\t<\/div>\n\t\t<\/section>\n\t\t\t\t\t<\/div>\n\t\t<\/div>\n\t\t\t\t<div class=\"elementor-column elementor-col-33 elementor-top-column elementor-element elementor-element-c6b6106\" data-id=\"c6b6106\" data-element_type=\"column\">\n\t\t\t<div class=\"elementor-widget-wrap elementor-element-populated\">\n\t\t\t\t\t\t<div class=\"elementor-element elementor-element-3eb902c elementor-widget elementor-widget-image\" data-id=\"3eb902c\" data-element_type=\"widget\" data-widget_type=\"image.default\">\n\t\t\t\t<div class=\"elementor-widget-container\">\n\t\t\t\t\t\t\t\t\t\t\t\t\t<img decoding=\"async\" width=\"770\" height=\"665\" src=\"https:\/\/magniflex.al\/wp-content\/uploads\/2023\/10\/AMEMBA0305GIT-770x665-struttura.jpg\" class=\"attachment-large size-large wp-image-11746\" alt=\"\" srcset=\"https:\/\/magniflex.al\/wp-content\/uploads\/2023\/10\/AMEMBA0305GIT-770x665-struttura.jpg 770w, https:\/\/magniflex.al\/wp-content\/uploads\/2023\/10\/AMEMBA0305GIT-770x665-struttura-300x259.jpg 300w, https:\/\/magniflex.al\/wp-content\/uploads\/2023\/10\/AMEMBA0305GIT-770x665-struttura-768x663.jpg 768w, https:\/\/magniflex.al\/wp-content\/uploads\/2023\/10\/AMEMBA0305GIT-770x665-struttura-14x12.jpg 14w\" sizes=\"(max-width: 770px) 100vw, 770px\" \/>\t\t\t\t\t\t\t\t\t\t\t\t\t<\/div>\n\t\t\t\t<\/div>\n\t\t\t\t\t<\/div>\n\t\t<\/div>\n\t\t\t\t\t<\/div>\n\t\t<\/section>\n\t\t\t\t<\/div>","protected":false},"excerpt":{"rendered":"<p>Baby Kujdesi p\u00ebr detajet q\u00eb karakterizon produktet Magniflex, kur b\u00ebhet fjal\u00eb p\u00ebr t\u00eb ofruar nj\u00eb p\u00ebrvoj\u00eb superiore gjumi, \u00ebsht\u00eb p\u00ebrmbledhur n\u00eb jast\u00ebkun Baby, i krijuar p\u00ebr t\u2019u dhuruar t\u00eb vegj\u00eblve nj\u00eb gjum\u00eb t\u00eb qet\u00eb dhe t\u00eb \u00ebmb\u00ebl. B\u00ebrthama e brendshme prej Memoform-i ofron nj\u00eb ndjesi t\u00eb k\u00ebndshme leht\u00ebsie dhe mb\u00ebshtetje t\u00eb p\u00ebrshtatshme. A&#8212;&#8212;&#8212;&#8212;&#8212;&#8212;&#8212;&#8212; Mbulesa P\u00eblhura mbron shtres\u00ebn e brendshme, duke rritur nivelin e higjien\u00ebs s\u00eb jast\u00ebkut. B&#8212;&#8212;&#8212;&#8212;&#8212;&#8212;&#8212;&#8212; Shtresa higjenike B\u00ebrthama prej Memoform-i \u00ebsht\u00eb krijuar p\u00ebr t\u2019iu p\u00ebrshtatur pesh\u00ebs s\u00eb qaf\u00ebs, kok\u00ebs dhe shpatullave, duke mb\u00ebshtetur kok\u00ebn e foshnj\u00ebs me t\u00eb nj\u00ebjt\u00ebn but\u00ebsi si nj\u00eb prind kujdesh\u00ebm. C&#8212;&#8212;&#8212;&#8212;&#8212;&#8212;&#8212;&#8212; B\u00ebrthama e brendshme Dizajni i ve\u00e7ant\u00eb me vrima t\u00eb m\u00ebdha n\u00eb sip\u00ebrfaqen e shtresave t\u00eb brendshme mund\u00ebson frym\u00ebmarrje t\u00eb p\u00ebrsosur dhe shp\u00ebrndarje optimale t\u00eb nxeht\u00ebsis\u00eb dhe lag\u00ebshtis\u00eb. D&#8212;&#8212;&#8212;&#8212;&#8212;&#8212;&#8212;&#8212; Ajrosja Struktura me vrima t\u00eb gjera q\u00eb shtrihen n\u00eb t\u00eb gjith\u00eb shtres\u00ebn e brendshme siguron ajrosje maksimale dhe largim efikas t\u00eb lag\u00ebshtis\u00eb dhe nxeht\u00ebsis\u00eb, duke garantuar nj\u00eb ambient gjumi t\u00eb past\u00ebr dhe t\u00eb rehatsh\u00ebm p\u00ebr beben.<\/p>","protected":false},"featured_media":11743,"template":"","meta":{"_monsterinsights_skip_tracking":false,"_monsterinsights_sitenote_active":false,"_monsterinsights_sitenote_note":"","_monsterinsights_sitenote_category":0,"site-sidebar-layout":"default","site-content-layout":"","ast-site-content-layout":"default","site-content-style":"default","site-sidebar-style":"default","ast-global-header-display":"","ast-banner-title-visibility":"","ast-main-header-display":"","ast-hfb-above-header-display":"","ast-hfb-below-header-display":"","ast-hfb-mobile-header-display":"","site-post-title":"","ast-breadcrumbs-content":"","ast-featured-img":"","footer-sml-layout":"","theme-transparent-header-meta":"","adv-header-id-meta":"","stick-header-meta":"","header-above-stick-meta":"","header-main-stick-meta":"","header-below-stick-meta":"","astra-migrate-meta-layouts":"default","ast-page-background-enabled":"default","ast-page-background-meta":{"desktop":{"background-color":"var(--ast-global-color-5)","background-image":"","background-repeat":"repeat","background-position":"center center","background-size":"auto","background-attachment":"scroll","background-type":"","background-media":"","overlay-type":"","overlay-color":"","overlay-opacity":"","overlay-gradient":""},"tablet":{"background-color":"","background-image":"","background-repeat":"repeat","background-position":"center center","background-size":"auto","background-attachment":"scroll","background-type":"","background-media":"","overlay-type":"","overlay-color":"","overlay-opacity":"","overlay-gradient":""},"mobile":{"background-color":"","background-image":"","background-repeat":"repeat","background-position":"center center","background-size":"auto","background-attachment":"scroll","background-type":"","background-media":"","overlay-type":"","overlay-color":"","overlay-opacity":"","overlay-gradient":""}},"ast-content-background-meta":{"desktop":{"background-color":"var(--ast-global-color-4)","background-image":"","background-repeat":"repeat","background-position":"center center","background-size":"auto","background-attachment":"scroll","background-type":"","background-media":"","overlay-type":"","overlay-color":"","overlay-opacity":"","overlay-gradient":""},"tablet":{"background-color":"var(--ast-global-color-4)","background-image":"","background-repeat":"repeat","background-position":"center center","background-size":"auto","background-attachment":"scroll","background-type":"","background-media":"","overlay-type":"","overlay-color":"","overlay-opacity":"","overlay-gradient":""},"mobile":{"background-color":"var(--ast-global-color-4)","background-image":"","background-repeat":"repeat","background-position":"center center","background-size":"auto","background-attachment":"scroll","background-type":"","background-media":"","overlay-type":"","overlay-color":"","overlay-opacity":"","overlay-gradient":""}}},"product_cat":[154,273],"product_tag":[],"class_list":{"0":"post-11742","1":"product","2":"type-product","3":"status-publish","4":"has-post-thumbnail","6":"product_cat-jasteke","7":"product_cat-simple","8":"desktop-align-left","9":"tablet-align-left","10":"mobile-align-left","12":"first","13":"instock","14":"shipping-taxable","15":"product-type-simple"},"_links":{"self":[{"href":"https:\/\/magniflex.al\/en\/wp-json\/wp\/v2\/product\/11742","targetHints":{"allow":["GET"]}}],"collection":[{"href":"https:\/\/magniflex.al\/en\/wp-json\/wp\/v2\/product"}],"about":[{"href":"https:\/\/magniflex.al\/en\/wp-json\/wp\/v2\/types\/product"}],"version-history":[{"count":14,"href":"https:\/\/magniflex.al\/en\/wp-json\/wp\/v2\/product\/11742\/revisions"}],"predecessor-version":[{"id":21071,"href":"https:\/\/magniflex.al\/en\/wp-json\/wp\/v2\/product\/11742\/revisions\/21071"}],"wp:featuredmedia":[{"embeddable":true,"href":"https:\/\/magniflex.al\/en\/wp-json\/wp\/v2\/media\/11743"}],"wp:attachment":[{"href":"https:\/\/magniflex.al\/en\/wp-json\/wp\/v2\/media?parent=11742"}],"wp:term":[{"taxonomy":"product_cat","embeddable":true,"href":"https:\/\/magniflex.al\/en\/wp-json\/wp\/v2\/product_cat?post=11742"},{"taxonomy":"product_tag","embeddable":true,"href":"https:\/\/magniflex.al\/en\/wp-json\/wp\/v2\/product_tag?post=11742"}],"curies":[{"name":"wp","href":"https:\/\/api.w.org\/{rel}","templated":true}]}}