{"id":11646,"date":"2023-10-08T15:49:07","date_gmt":"2023-10-08T15:49:07","guid":{"rendered":"https:\/\/magniflex.al\/?post_type=product&#038;p=11646"},"modified":"2026-04-22T21:03:11","modified_gmt":"2026-04-22T21:03:11","slug":"piumino-doca","status":"publish","type":"product","link":"https:\/\/magniflex.al\/en\/product\/piumino-doca\/","title":{"rendered":"PIUMINO D&#8217;OCA"},"content":{"rendered":"<div data-elementor-type=\"wp-post\" data-elementor-id=\"11646\" class=\"elementor elementor-11646\">\n\t\t\t\t\t\t<section class=\"elementor-section elementor-top-section elementor-element elementor-element-58e9edb elementor-section-boxed elementor-section-height-default elementor-section-height-default wpr-particle-no wpr-jarallax-no wpr-parallax-no wpr-sticky-section-no\" data-id=\"58e9edb\" data-element_type=\"section\">\n\t\t\t\t\t\t<div class=\"elementor-container elementor-column-gap-default\">\n\t\t\t\t\t<div class=\"elementor-column elementor-col-50 elementor-top-column elementor-element elementor-element-4fac773\" data-id=\"4fac773\" data-element_type=\"column\">\n\t\t\t<div class=\"elementor-widget-wrap elementor-element-populated\">\n\t\t\t\t\t\t<div class=\"elementor-element elementor-element-a5a6546 elementor-widget elementor-widget-heading\" data-id=\"a5a6546\" data-element_type=\"widget\" data-widget_type=\"heading.default\">\n\t\t\t\t<div class=\"elementor-widget-container\">\n\t\t\t<h2 class=\"elementor-heading-title elementor-size-default\">Piumino Naturale<\/h2>\t\t<\/div>\n\t\t\t\t<\/div>\n\t\t\t\t<div class=\"elementor-element elementor-element-664f5dd elementor-widget elementor-widget-image\" data-id=\"664f5dd\" data-element_type=\"widget\" data-widget_type=\"image.default\">\n\t\t\t\t<div class=\"elementor-widget-container\">\n\t\t\t\t\t\t\t\t\t\t\t\t\t<img fetchpriority=\"high\" decoding=\"async\" width=\"332\" height=\"240\" src=\"https:\/\/magniflex.al\/wp-content\/uploads\/2023\/10\/AIMBOT1001GIT-332x240-desc.jpg\" class=\"attachment-large size-large wp-image-21290\" alt=\"\" srcset=\"https:\/\/magniflex.al\/wp-content\/uploads\/2023\/10\/AIMBOT1001GIT-332x240-desc.jpg 332w, https:\/\/magniflex.al\/wp-content\/uploads\/2023\/10\/AIMBOT1001GIT-332x240-desc-300x217.jpg 300w, https:\/\/magniflex.al\/wp-content\/uploads\/2023\/10\/AIMBOT1001GIT-332x240-desc-18x12.jpg 18w\" sizes=\"(max-width: 332px) 100vw, 332px\" \/>\t\t\t\t\t\t\t\t\t\t\t\t\t<\/div>\n\t\t\t\t<\/div>\n\t\t\t\t\t<\/div>\n\t\t<\/div>\n\t\t\t\t<div class=\"elementor-column elementor-col-50 elementor-top-column elementor-element elementor-element-c2ff880\" data-id=\"c2ff880\" data-element_type=\"column\">\n\t\t\t<div class=\"elementor-widget-wrap elementor-element-populated\">\n\t\t\t\t\t\t<div class=\"elementor-element elementor-element-5336eb8 elementor-widget__width-initial elementor-widget elementor-widget-text-editor\" data-id=\"5336eb8\" data-element_type=\"widget\" data-widget_type=\"text-editor.default\">\n\t\t\t\t<div class=\"elementor-widget-container\">\n\t\t\t\t\t\t\t<p>Jast\u00ebku Piumino Naturale kombinon vetit\u00eb natyrale t\u00eb puplave dhe pushit t\u00eb pat\u00ebs, duke ruajtur mikroklim\u00ebn e trupit konstante p\u00ebrmes kontrollit t\u00eb temperatur\u00ebs dhe duke lejuar l\u00ebkur\u00ebn t\u00eb marr\u00eb frym\u00eb lirsh\u00ebm.<\/p>\t\t\t\t\t\t<\/div>\n\t\t\t\t<\/div>\n\t\t\t\t\t<\/div>\n\t\t<\/div>\n\t\t\t\t\t<\/div>\n\t\t<\/section>\n\t\t\t\t<section class=\"elementor-section elementor-top-section elementor-element elementor-element-112770a elementor-section-full_width elementor-section-height-min-height elementor-section-items-stretch elementor-section-content-middle elementor-section-stretched elementor-section-height-default wpr-particle-no wpr-jarallax-no wpr-parallax-no wpr-sticky-section-no\" data-id=\"112770a\" data-element_type=\"section\" data-settings=\"{&quot;stretch_section&quot;:&quot;section-stretched&quot;}\">\n\t\t\t\t\t\t<div class=\"elementor-container elementor-column-gap-no\">\n\t\t\t\t\t<div class=\"elementor-column elementor-col-66 elementor-top-column elementor-element elementor-element-963fb0f\" data-id=\"963fb0f\" data-element_type=\"column\" data-settings=\"{&quot;background_background&quot;:&quot;classic&quot;}\">\n\t\t\t<div class=\"elementor-widget-wrap elementor-element-populated\">\n\t\t\t\t\t\t<section class=\"elementor-section elementor-inner-section elementor-element elementor-element-26f2225 elementor-section-boxed elementor-section-height-default elementor-section-height-default wpr-particle-no wpr-jarallax-no wpr-parallax-no wpr-sticky-section-no\" data-id=\"26f2225\" data-element_type=\"section\" data-settings=\"{&quot;background_background&quot;:&quot;classic&quot;}\">\n\t\t\t\t\t\t<div class=\"elementor-container elementor-column-gap-default\">\n\t\t\t\t\t<div class=\"elementor-column elementor-col-50 elementor-inner-column elementor-element elementor-element-668c7ab\" data-id=\"668c7ab\" data-element_type=\"column\">\n\t\t\t<div class=\"elementor-widget-wrap elementor-element-populated\">\n\t\t\t\t\t\t<div class=\"elementor-element elementor-element-eecfcf5 elementor-widget__width-initial elementor-widget elementor-widget-text-editor\" data-id=\"eecfcf5\" data-element_type=\"widget\" data-widget_type=\"text-editor.default\">\n\t\t\t\t<div class=\"elementor-widget-container\">\n\t\t\t\t\t\t\t<h3><span style=\"color: #174860; font-weight: 500 !important; font-size: 24px;\"><strong><span class=\"product-tabs tab-pane letter\">A&#8212;&#8212;&#8212;&#8212;&#8212;&#8212;&#8212;&#8212;<\/span><\/strong><\/span><\/h3>\n<h3 class=\"h3\"><span style=\"color: #174860; font-weight: 500 !important; font-size: 24px;\"><strong>Cover\u00a0<\/strong><\/span><\/h3>\nMbulesa prej pambuku me origjin\u00eb 100% bimore, me vetit\u00eb e saj higroskopike, antistatike dhe t\u00eb ajrosshme, \u00ebsht\u00eb e but\u00eb n\u00eb prekje dhe komode, si dhe favorizon djersitjen e mir\u00eb t\u00eb l\u00ebkur\u00ebs, p\u00ebr t\u2019ju dh\u00ebn\u00eb nj\u00eb pushim v\u00ebrtet freskues.\t\t\t\t\t\t<\/div>\n\t\t\t\t<\/div>\n\t\t\t\t\t<\/div>\n\t\t<\/div>\n\t\t\t\t<div class=\"elementor-column elementor-col-50 elementor-inner-column elementor-element elementor-element-4d07677\" data-id=\"4d07677\" data-element_type=\"column\">\n\t\t\t<div class=\"elementor-widget-wrap elementor-element-populated\">\n\t\t\t\t\t\t<div class=\"elementor-element elementor-element-46e5a50 elementor-widget__width-initial elementor-widget elementor-widget-text-editor\" data-id=\"46e5a50\" data-element_type=\"widget\" data-widget_type=\"text-editor.default\">\n\t\t\t\t<div class=\"elementor-widget-container\">\n\t\t\t\t\t\t\t<h3><span style=\"color: #174860; font-weight: 500 !important; font-size: 24px;\"><strong><span class=\"product-tabs tab-pane letter\">B&#8212;&#8212;&#8212;&#8212;&#8212;&#8212;&#8212;&#8212;<\/span><\/strong><\/span><\/h3>\n<h3><span style=\"color: #174860; font-weight: 500 !important; font-size: 24px;\"><strong>Inner layer\n<\/strong><\/span><\/h3>\nPuplat kapin nj\u00eb sasi t\u00eb madhe ajri brenda dhe n\u00eb k\u00ebt\u00eb m\u00ebnyr\u00eb mund t\u00eb ruajn\u00eb nj\u00eb temperatur\u00eb konstante t\u00eb trupit. Me struktur\u00ebn e tij m\u00eb t\u00eb vog\u00ebl dhe edhe m\u00eb t\u00eb but\u00eb krahasuar me at\u00eb t\u00eb puplave, pushi i pat\u00ebs ofron leht\u00ebsin\u00eb dhe volumin maksimal p\u00ebr nj\u00eb rehati ekstra t\u00eb but\u00eb. Mbushja p\u00ebrb\u00ebhet nga 30% push pate dhe 70% pupla.\t\t\t\t\t\t<\/div>\n\t\t\t\t<\/div>\n\t\t\t\t\t<\/div>\n\t\t<\/div>\n\t\t\t\t\t<\/div>\n\t\t<\/section>\n\t\t\t\t\t<\/div>\n\t\t<\/div>\n\t\t\t\t<div class=\"elementor-column elementor-col-33 elementor-top-column elementor-element elementor-element-346e7f4\" data-id=\"346e7f4\" data-element_type=\"column\" data-settings=\"{&quot;background_background&quot;:&quot;classic&quot;}\">\n\t\t\t<div class=\"elementor-widget-wrap\">\n\t\t\t\t\t\t\t<\/div>\n\t\t<\/div>\n\t\t\t\t\t<\/div>\n\t\t<\/section>\n\t\t\t\t<\/div>","protected":false},"excerpt":{"rendered":"<p>Piumino Naturale Jast\u00ebku Piumino Naturale kombinon vetit\u00eb natyrale t\u00eb puplave dhe pushit t\u00eb pat\u00ebs, duke ruajtur mikroklim\u00ebn e trupit konstante p\u00ebrmes kontrollit t\u00eb temperatur\u00ebs dhe duke lejuar l\u00ebkur\u00ebn t\u00eb marr\u00eb frym\u00eb lirsh\u00ebm. A&#8212;&#8212;&#8212;&#8212;&#8212;&#8212;&#8212;&#8212; Mbulesa\u00a0 Mbulesa prej pambuku me origjin\u00eb 100% bimore, me vetit\u00eb e saj higroskopike, antistatike dhe t\u00eb ajrosshme, \u00ebsht\u00eb e but\u00eb n\u00eb prekje dhe komode, si dhe favorizon djersitjen e mir\u00eb t\u00eb l\u00ebkur\u00ebs, p\u00ebr t\u2019ju dh\u00ebn\u00eb nj\u00eb pushim v\u00ebrtet freskues. B&#8212;&#8212;&#8212;&#8212;&#8212;&#8212;&#8212;&#8212; Brend\u00ebsia Puplat kapin nj\u00eb sasi t\u00eb madhe ajri brenda dhe n\u00eb k\u00ebt\u00eb m\u00ebnyr\u00eb mund t\u00eb ruajn\u00eb nj\u00eb temperatur\u00eb konstante t\u00eb trupit. Me struktur\u00ebn e tij m\u00eb t\u00eb vog\u00ebl dhe edhe m\u00eb t\u00eb but\u00eb krahasuar me at\u00eb t\u00eb puplave, pushi i pat\u00ebs ofron leht\u00ebsin\u00eb dhe volumin maksimal p\u00ebr nj\u00eb rehati ekstra t\u00eb but\u00eb. Mbushja p\u00ebrb\u00ebhet nga 30% push pate dhe 70% pupla.<\/p>","protected":false},"featured_media":11647,"template":"","meta":{"_monsterinsights_skip_tracking":false,"_monsterinsights_sitenote_active":false,"_monsterinsights_sitenote_note":"","_monsterinsights_sitenote_category":0,"site-sidebar-layout":"default","site-content-layout":"","ast-site-content-layout":"default","site-content-style":"default","site-sidebar-style":"default","ast-global-header-display":"","ast-banner-title-visibility":"","ast-main-header-display":"","ast-hfb-above-header-display":"","ast-hfb-below-header-display":"","ast-hfb-mobile-header-display":"","site-post-title":"","ast-breadcrumbs-content":"","ast-featured-img":"","footer-sml-layout":"","theme-transparent-header-meta":"default","adv-header-id-meta":"","stick-header-meta":"","header-above-stick-meta":"","header-main-stick-meta":"","header-below-stick-meta":"","astra-migrate-meta-layouts":"set","ast-page-background-enabled":"default","ast-page-background-meta":{"desktop":{"background-color":"var(--ast-global-color-5)","background-image":"","background-repeat":"repeat","background-position":"center center","background-size":"auto","background-attachment":"scroll","background-type":"","background-media":"","overlay-type":"","overlay-color":"","overlay-opacity":"","overlay-gradient":""},"tablet":{"background-color":"","background-image":"","background-repeat":"repeat","background-position":"center center","background-size":"auto","background-attachment":"scroll","background-type":"","background-media":"","overlay-type":"","overlay-color":"","overlay-opacity":"","overlay-gradient":""},"mobile":{"background-color":"","background-image":"","background-repeat":"repeat","background-position":"center center","background-size":"auto","background-attachment":"scroll","background-type":"","background-media":"","overlay-type":"","overlay-color":"","overlay-opacity":"","overlay-gradient":""}},"ast-content-background-meta":{"desktop":{"background-color":"var(--ast-global-color-4)","background-image":"","background-repeat":"repeat","background-position":"center center","background-size":"auto","background-attachment":"scroll","background-type":"","background-media":"","overlay-type":"","overlay-color":"","overlay-opacity":"","overlay-gradient":""},"tablet":{"background-color":"var(--ast-global-color-4)","background-image":"","background-repeat":"repeat","background-position":"center center","background-size":"auto","background-attachment":"scroll","background-type":"","background-media":"","overlay-type":"","overlay-color":"","overlay-opacity":"","overlay-gradient":""},"mobile":{"background-color":"var(--ast-global-color-4)","background-image":"","background-repeat":"repeat","background-position":"center center","background-size":"auto","background-attachment":"scroll","background-type":"","background-media":"","overlay-type":"","overlay-color":"","overlay-opacity":"","overlay-gradient":""}}},"product_cat":[154,261],"product_tag":[],"class_list":{"0":"post-11646","1":"product","2":"type-product","3":"status-publish","4":"has-post-thumbnail","6":"product_cat-jasteke","7":"product_cat-piumino","8":"desktop-align-left","9":"tablet-align-left","10":"mobile-align-left","12":"first","13":"instock","14":"shipping-taxable","15":"purchasable","16":"product-type-simple"},"_links":{"self":[{"href":"https:\/\/magniflex.al\/en\/wp-json\/wp\/v2\/product\/11646","targetHints":{"allow":["GET"]}}],"collection":[{"href":"https:\/\/magniflex.al\/en\/wp-json\/wp\/v2\/product"}],"about":[{"href":"https:\/\/magniflex.al\/en\/wp-json\/wp\/v2\/types\/product"}],"version-history":[{"count":9,"href":"https:\/\/magniflex.al\/en\/wp-json\/wp\/v2\/product\/11646\/revisions"}],"predecessor-version":[{"id":21308,"href":"https:\/\/magniflex.al\/en\/wp-json\/wp\/v2\/product\/11646\/revisions\/21308"}],"wp:featuredmedia":[{"embeddable":true,"href":"https:\/\/magniflex.al\/en\/wp-json\/wp\/v2\/media\/11647"}],"wp:attachment":[{"href":"https:\/\/magniflex.al\/en\/wp-json\/wp\/v2\/media?parent=11646"}],"wp:term":[{"taxonomy":"product_cat","embeddable":true,"href":"https:\/\/magniflex.al\/en\/wp-json\/wp\/v2\/product_cat?post=11646"},{"taxonomy":"product_tag","embeddable":true,"href":"https:\/\/magniflex.al\/en\/wp-json\/wp\/v2\/product_tag?post=11646"}],"curies":[{"name":"wp","href":"https:\/\/api.w.org\/{rel}","templated":true}]}}