{"id":11508,"date":"2023-10-08T13:39:51","date_gmt":"2023-10-08T13:39:51","guid":{"rendered":"https:\/\/magniflex.al\/?post_type=product&#038;p=11508"},"modified":"2025-10-27T22:14:13","modified_gmt":"2025-10-27T22:14:13","slug":"dolce-vita-dual-12","status":"publish","type":"product","link":"https:\/\/magniflex.al\/en\/product\/dolce-vita-dual-12\/","title":{"rendered":"DOLCE VITA DUAL 12 Firm Firm \/ Medium Firm 30 cm"},"content":{"rendered":"<div data-elementor-type=\"wp-post\" data-elementor-id=\"11508\" class=\"elementor elementor-11508\">\n\t\t\t\t\t\t<section class=\"elementor-section elementor-top-section elementor-element elementor-element-0c7ca92 elementor-section-full_width elementor-section-height-min-height elementor-section-items-stretch elementor-section-content-middle elementor-section-stretched elementor-section-height-default wpr-particle-no wpr-jarallax-no wpr-parallax-no wpr-sticky-section-no\" data-id=\"0c7ca92\" data-element_type=\"section\" data-settings=\"{&quot;stretch_section&quot;:&quot;section-stretched&quot;}\">\n\t\t\t\t\t\t<div class=\"elementor-container elementor-column-gap-no\">\n\t\t\t\t\t<div class=\"elementor-column elementor-col-33 elementor-top-column elementor-element elementor-element-9bb03e2\" data-id=\"9bb03e2\" data-element_type=\"column\" data-settings=\"{&quot;background_background&quot;:&quot;classic&quot;}\">\n\t\t\t<div class=\"elementor-widget-wrap\">\n\t\t\t\t\t\t\t<\/div>\n\t\t<\/div>\n\t\t\t\t<div class=\"elementor-column elementor-col-66 elementor-top-column elementor-element elementor-element-b4318b9\" data-id=\"b4318b9\" data-element_type=\"column\">\n\t\t\t<div class=\"elementor-widget-wrap elementor-element-populated\">\n\t\t\t\t\t\t<section class=\"elementor-section elementor-inner-section elementor-element elementor-element-e79242b elementor-section-boxed elementor-section-height-default elementor-section-height-default wpr-particle-no wpr-jarallax-no wpr-parallax-no wpr-sticky-section-no\" data-id=\"e79242b\" data-element_type=\"section\" data-settings=\"{&quot;background_background&quot;:&quot;classic&quot;}\">\n\t\t\t\t\t\t<div class=\"elementor-container elementor-column-gap-default\">\n\t\t\t\t\t<div class=\"elementor-column elementor-col-50 elementor-inner-column elementor-element elementor-element-8ad561b\" data-id=\"8ad561b\" data-element_type=\"column\">\n\t\t\t<div class=\"elementor-widget-wrap elementor-element-populated\">\n\t\t\t\t\t\t<div class=\"elementor-element elementor-element-87a027d elementor-widget__width-initial elementor-widget elementor-widget-text-editor\" data-id=\"87a027d\" data-element_type=\"widget\" data-widget_type=\"text-editor.default\">\n\t\t\t\t<div class=\"elementor-widget-container\">\n\t\t\t\t\t\t\t<h4><span class=\"product-tabs tab-pane letter\" style=\"color: #003366;\">A&#8212;&#8212;&#8212;&#8212;&#8212;&#8212;&#8212;&#8212;<\/span><\/h4><h3 class=\"h3\"><strong><span style=\"color: #003366;\">Cover<\/span><\/strong><\/h3><p class=\" translation-block\">The Outlast\u00ae thermoregulating fabric creates the perfect microclimate at night;\n\nViscose fabric that is soft to the touch.\n\nGRS-certified, eco-friendly fabric made from recycled raw materials.\n\nThe mattress cover is removable and easy to wash.<\/p>\t\t\t\t\t\t<\/div>\n\t\t\t\t<\/div>\n\t\t\t\t\t<\/div>\n\t\t<\/div>\n\t\t\t\t<div class=\"elementor-column elementor-col-50 elementor-inner-column elementor-element elementor-element-1372c83\" data-id=\"1372c83\" data-element_type=\"column\">\n\t\t\t<div class=\"elementor-widget-wrap elementor-element-populated\">\n\t\t\t\t\t\t<div class=\"elementor-element elementor-element-1036270 elementor-widget__width-initial elementor-widget elementor-widget-text-editor\" data-id=\"1036270\" data-element_type=\"widget\" data-widget_type=\"text-editor.default\">\n\t\t\t\t<div class=\"elementor-widget-container\">\n\t\t\t\t\t\t\t<h4><span style=\"color: #003366;\"><span class=\"product-tabs tab-pane letter\">B<\/span><span class=\"product-tabs tab-pane letter\">&#8212;&#8212;&#8212;&#8212;&#8212;&#8212;&#8212;&#8212;<\/span><\/span><\/h4><h3 class=\"h3\"><strong><span style=\"color: #003366;\">The padding<\/span><\/strong><\/h3><p class=\" translation-block\">Three different materials:<\/p><ul><li class=\" translation-block\">Hypoallergenic and breathable fiber that provides added comfort during the night.<\/li><li class=\" translation-block\">Memoform is an anatomical material that perfectly adapts to the shape of your body.<\/li><li class=\" translation-block\">Super Soft fiber, soft and breathable to give you added comfort and hygiene while you sleep.<\/li><\/ul>\t\t\t\t\t\t<\/div>\n\t\t\t\t<\/div>\n\t\t\t\t\t<\/div>\n\t\t<\/div>\n\t\t\t\t\t<\/div>\n\t\t<\/section>\n\t\t\t\t<section class=\"elementor-section elementor-inner-section elementor-element elementor-element-6b6d84d elementor-section-boxed elementor-section-height-default elementor-section-height-default wpr-particle-no wpr-jarallax-no wpr-parallax-no wpr-sticky-section-no\" data-id=\"6b6d84d\" data-element_type=\"section\" data-settings=\"{&quot;background_background&quot;:&quot;classic&quot;}\">\n\t\t\t\t\t\t<div class=\"elementor-container elementor-column-gap-default\">\n\t\t\t\t\t<div class=\"elementor-column elementor-col-50 elementor-inner-column elementor-element elementor-element-b7dd9d9\" data-id=\"b7dd9d9\" data-element_type=\"column\">\n\t\t\t<div class=\"elementor-widget-wrap elementor-element-populated\">\n\t\t\t\t\t\t<div class=\"elementor-element elementor-element-d31a221 elementor-widget elementor-widget-text-editor\" data-id=\"d31a221\" data-element_type=\"widget\" data-widget_type=\"text-editor.default\">\n\t\t\t\t<div class=\"elementor-widget-container\">\n\t\t\t\t\t\t\t<h4><span style=\"color: #003366;\"><span class=\"product-tabs tab-pane letter\">C<\/span><span class=\"product-tabs tab-pane letter\">&#8212;&#8212;&#8212;&#8212;&#8212;&#8212;&#8212;&#8212;<\/span><\/span><\/h4><h3 class=\"h3\"><strong><span style=\"color: #003366;\">Level of comfort<\/span><\/strong><\/h3><p class=\" translation-block\">The Dual Core system gives you the perception of a different comfort level simply by turning over the mattress interior.<\/p><ul><li class=\" translation-block\">The board in Memoform 5 cm high reacts to the weight of your body to perfectly adapt to your particular build, thus offering a snug type of comfort and anatomical support for the whole body.<\/li><li class=\" translation-block\">The board in Elioform 3 cm high provides optimal and firm support to your back.<\/li><\/ul>\t\t\t\t\t\t<\/div>\n\t\t\t\t<\/div>\n\t\t\t\t\t<\/div>\n\t\t<\/div>\n\t\t\t\t<div class=\"elementor-column elementor-col-50 elementor-inner-column elementor-element elementor-element-eca5ab1\" data-id=\"eca5ab1\" data-element_type=\"column\">\n\t\t\t<div class=\"elementor-widget-wrap elementor-element-populated\">\n\t\t\t\t\t\t<div class=\"elementor-element elementor-element-6478aab elementor-widget elementor-widget-text-editor\" data-id=\"6478aab\" data-element_type=\"widget\" data-widget_type=\"text-editor.default\">\n\t\t\t\t<div class=\"elementor-widget-container\">\n\t\t\t\t\t\t\t<h4><span style=\"color: #003366;\"><span class=\"product-tabs tab-pane letter\">D<\/span><span class=\"product-tabs tab-pane letter\">&#8212;&#8212;&#8212;&#8212;&#8212;&#8212;&#8212;&#8212;<\/span><\/span><\/h4><h3 class=\"h3\"><strong><span style=\"color: #003366;\">Base layer<\/span><\/strong><\/h3><p><strong>Shtresa n\u00eb Eliosoft<\/strong>, me trash\u00ebsi <strong>19 cm<\/strong>, garanton <strong>mb\u00ebshtetje t\u00eb q\u00ebndrueshme, por t\u00eb but\u00eb<\/strong>, p\u00ebr shpin\u00ebn, <strong>pa ushtruar presion mbi shtyll\u00ebn kurrizore<\/strong>.<\/p>\t\t\t\t\t\t<\/div>\n\t\t\t\t<\/div>\n\t\t\t\t\t<\/div>\n\t\t<\/div>\n\t\t\t\t\t<\/div>\n\t\t<\/section>\n\t\t\t\t\t<\/div>\n\t\t<\/div>\n\t\t\t\t\t<\/div>\n\t\t<\/section>\n\t\t\t\t<\/div>","protected":false},"excerpt":{"rendered":"<p>A&#8212;&#8212;&#8212;&#8212;&#8212;&#8212;&#8212;&#8212; Mbulesa P\u00eblhura termorregulluese Outlast\u00ae krijon mikroklim\u00ebn perfekte gjat\u00eb nat\u00ebs, duke ruajtur temperatur\u00ebn ideale t\u00eb trupit.P\u00eblhura viskoze \u00ebsht\u00eb e but\u00eb dhe e k\u00ebndshme n\u00eb prekje, duke ofruar nj\u00eb ndjesi natyrale komoditeti.Materiali \u00ebsht\u00eb i certifikuar GRS (Global Recycle Standard), miq\u00ebsor me mjedisin dhe i prodhuar nga l\u00ebnd\u00eb t\u00eb para t\u00eb ricikluara.Mbulesa e dyshekut \u00ebsht\u00eb e heqshme dhe e leht\u00eb p\u00ebr t\u2019u lar\u00eb, p\u00ebr t\u00eb garantuar prakticitet dhe higjien\u00eb maksimale. B&#8212;&#8212;&#8212;&#8212;&#8212;&#8212;&#8212;&#8212; Mbushja E p\u00ebrb\u00ebr\u00eb nga tre materiale t\u00eb ndryshme, q\u00eb kombinojn\u00eb rehati, mb\u00ebshtetje dhe higjien\u00eb: Fibr\u00eb hipoalergjike dhe e frym\u00ebmarrshme, q\u00eb ofron rehati shtes\u00eb gjat\u00eb nat\u00ebs. Memoform, material anatomik q\u00eb p\u00ebrshtatet n\u00eb m\u00ebnyr\u00eb perfekte me format e trupit, duke garantuar mb\u00ebshtetje t\u00eb personalizuar. Super Soft Fiber, nj\u00eb fibr\u00eb shum\u00eb e but\u00eb dhe e ajrosshme, q\u00eb shton komfort dhe past\u00ebrti gjat\u00eb gjumit. C&#8212;&#8212;&#8212;&#8212;&#8212;&#8212;&#8212;&#8212; Niveli i rehatis\u00eb Sistemi inovativ Dual Core ju lejon t\u00eb zgjidhni nivelin e preferuar t\u00eb rehatis\u00eb, thjesht duke rrotulluar b\u00ebrtham\u00ebn e brendshme t\u00eb dyshekut. Shtresa n\u00eb Memoform, me trash\u00ebsi 5 cm, reagon ndaj pesh\u00ebs s\u00eb trupit dhe p\u00ebrshtatet n\u00eb m\u00ebnyr\u00eb ergonomike me siluet\u00ebn tuaj, duke ofruar rehati t\u00eb ngroht\u00eb dhe mb\u00ebshtetje anatomike p\u00ebr t\u00eb gjith\u00eb trupin. Shtresa n\u00eb Elioform, me trash\u00ebsi 3 cm, siguron mb\u00ebshtetje optimale dhe t\u00eb fort\u00eb p\u00ebr shpin\u00ebn, duke ndihmuar n\u00eb ruajtjen e pozicionit t\u00eb sakt\u00eb gjat\u00eb gjumit. D&#8212;&#8212;&#8212;&#8212;&#8212;&#8212;&#8212;&#8212; Shtresa baz\u00eb Shtresa n\u00eb Eliosoft, me trash\u00ebsi 19 cm, garanton mb\u00ebshtetje t\u00eb q\u00ebndrueshme, por t\u00eb but\u00eb, p\u00ebr shpin\u00ebn, pa ushtruar presion mbi shtyll\u00ebn kurrizore.<\/p>","protected":false},"featured_media":11509,"template":"","meta":{"_monsterinsights_skip_tracking":false,"_monsterinsights_sitenote_active":false,"_monsterinsights_sitenote_note":"","_monsterinsights_sitenote_category":0,"site-sidebar-layout":"default","site-content-layout":"","ast-site-content-layout":"default","site-content-style":"default","site-sidebar-style":"default","ast-global-header-display":"","ast-banner-title-visibility":"","ast-main-header-display":"","ast-hfb-above-header-display":"","ast-hfb-below-header-display":"","ast-hfb-mobile-header-display":"","site-post-title":"","ast-breadcrumbs-content":"","ast-featured-img":"","footer-sml-layout":"","theme-transparent-header-meta":"","adv-header-id-meta":"","stick-header-meta":"","header-above-stick-meta":"","header-main-stick-meta":"","header-below-stick-meta":"","astra-migrate-meta-layouts":"default","ast-page-background-enabled":"default","ast-page-background-meta":{"desktop":{"background-color":"var(--ast-global-color-5)","background-image":"","background-repeat":"repeat","background-position":"center center","background-size":"auto","background-attachment":"scroll","background-type":"","background-media":"","overlay-type":"","overlay-color":"","overlay-opacity":"","overlay-gradient":""},"tablet":{"background-color":"","background-image":"","background-repeat":"repeat","background-position":"center center","background-size":"auto","background-attachment":"scroll","background-type":"","background-media":"","overlay-type":"","overlay-color":"","overlay-opacity":"","overlay-gradient":""},"mobile":{"background-color":"","background-image":"","background-repeat":"repeat","background-position":"center center","background-size":"auto","background-attachment":"scroll","background-type":"","background-media":"","overlay-type":"","overlay-color":"","overlay-opacity":"","overlay-gradient":""}},"ast-content-background-meta":{"desktop":{"background-color":"var(--ast-global-color-4)","background-image":"","background-repeat":"repeat","background-position":"center center","background-size":"auto","background-attachment":"scroll","background-type":"","background-media":"","overlay-type":"","overlay-color":"","overlay-opacity":"","overlay-gradient":""},"tablet":{"background-color":"var(--ast-global-color-4)","background-image":"","background-repeat":"repeat","background-position":"center center","background-size":"auto","background-attachment":"scroll","background-type":"","background-media":"","overlay-type":"","overlay-color":"","overlay-opacity":"","overlay-gradient":""},"mobile":{"background-color":"var(--ast-global-color-4)","background-image":"","background-repeat":"repeat","background-position":"center center","background-size":"auto","background-attachment":"scroll","background-type":"","background-media":"","overlay-type":"","overlay-color":"","overlay-opacity":"","overlay-gradient":""}}},"product_cat":[153,253],"product_tag":[],"class_list":{"0":"post-11508","1":"product","2":"type-product","3":"status-publish","4":"has-post-thumbnail","6":"product_cat-dysheke","7":"product_cat-dolcevita","8":"desktop-align-left","9":"tablet-align-left","10":"mobile-align-left","12":"first","13":"instock","14":"shipping-taxable","15":"purchasable","16":"product-type-variable"},"_links":{"self":[{"href":"https:\/\/magniflex.al\/en\/wp-json\/wp\/v2\/product\/11508","targetHints":{"allow":["GET"]}}],"collection":[{"href":"https:\/\/magniflex.al\/en\/wp-json\/wp\/v2\/product"}],"about":[{"href":"https:\/\/magniflex.al\/en\/wp-json\/wp\/v2\/types\/product"}],"version-history":[{"count":26,"href":"https:\/\/magniflex.al\/en\/wp-json\/wp\/v2\/product\/11508\/revisions"}],"predecessor-version":[{"id":21039,"href":"https:\/\/magniflex.al\/en\/wp-json\/wp\/v2\/product\/11508\/revisions\/21039"}],"wp:featuredmedia":[{"embeddable":true,"href":"https:\/\/magniflex.al\/en\/wp-json\/wp\/v2\/media\/11509"}],"wp:attachment":[{"href":"https:\/\/magniflex.al\/en\/wp-json\/wp\/v2\/media?parent=11508"}],"wp:term":[{"taxonomy":"product_cat","embeddable":true,"href":"https:\/\/magniflex.al\/en\/wp-json\/wp\/v2\/product_cat?post=11508"},{"taxonomy":"product_tag","embeddable":true,"href":"https:\/\/magniflex.al\/en\/wp-json\/wp\/v2\/product_tag?post=11508"}],"curies":[{"name":"wp","href":"https:\/\/api.w.org\/{rel}","templated":true}]}}