{"id":6664,"date":"2023-06-24T20:56:26","date_gmt":"2023-06-24T20:56:26","guid":{"rendered":"http:\/\/localhost\/magniflex\/?page_id=6664"},"modified":"2026-03-31T18:25:45","modified_gmt":"2026-03-31T18:25:45","slug":"jasteke","status":"publish","type":"page","link":"https:\/\/magniflex.al\/en\/jasteke\/","title":{"rendered":"Pillows"},"content":{"rendered":"<div data-elementor-type=\"wp-page\" data-elementor-id=\"6664\" class=\"elementor elementor-6664\">\n\t\t\t\t\t\t<section class=\"elementor-section elementor-top-section elementor-element elementor-element-21b8fd5 elementor-section-stretched elementor-section-boxed elementor-section-height-default elementor-section-height-default wpr-particle-no wpr-jarallax-no wpr-parallax-no wpr-sticky-section-no\" data-id=\"21b8fd5\" data-element_type=\"section\" data-settings=\"{&quot;stretch_section&quot;:&quot;section-stretched&quot;,&quot;background_background&quot;:&quot;classic&quot;}\">\n\t\t\t\t\t\t<div class=\"elementor-container elementor-column-gap-default\">\n\t\t\t\t\t<div class=\"elementor-column elementor-col-100 elementor-top-column elementor-element elementor-element-0782c63\" data-id=\"0782c63\" data-element_type=\"column\">\n\t\t\t<div class=\"elementor-widget-wrap elementor-element-populated\">\n\t\t\t\t\t\t<div class=\"elementor-element elementor-element-ece0060 elementor-widget elementor-widget-heading\" data-id=\"ece0060\" data-element_type=\"widget\" data-widget_type=\"heading.default\">\n\t\t\t\t<div class=\"elementor-widget-container\">\n\t\t\t<h1 class=\"elementor-heading-title elementor-size-default\">Jast\u00ebk Magniflex n\u00eb Shqip\u00ebri \u2013 Komfort dhe Teknologji Italiane<\/h1>\t\t<\/div>\n\t\t\t\t<\/div>\n\t\t\t\t<div class=\"elementor-element elementor-element-52f65ce elementor-widget elementor-widget-text-editor\" data-id=\"52f65ce\" data-element_type=\"widget\" data-widget_type=\"text-editor.default\">\n\t\t\t\t<div class=\"elementor-widget-container\">\n\t\t\t\t\t\t\t<p>Zbuloni koleksionin e jast\u00ebk\u00ebve premium Magniflex \u2014 nga memory foam anatomik tek fibrat natyrale. \u00c7do jast\u00ebk \u00ebsht\u00eb projektuar p\u00ebr t\u00eb mb\u00ebshtetur qaf\u00ebn dhe kok\u00ebn n\u00eb pozicionin ideal, duke garantuar gjum\u00eb t\u00eb sh\u00ebndetsh\u00ebm dhe t\u00eb rehatsh\u00ebm \u00e7do nat\u00eb. Gjeni jast\u00ebkun e duhur sipas stilit tuaj t\u00eb gjumit.<\/p>\t\t\t\t\t\t<\/div>\n\t\t\t\t<\/div>\n\t\t\t\t\t<\/div>\n\t\t<\/div>\n\t\t\t\t\t<\/div>\n\t\t<\/section>\n\t\t\t\t<section class=\"elementor-section elementor-top-section elementor-element elementor-element-d730dc0 elementor-section-boxed elementor-section-height-default elementor-section-height-default wpr-particle-no wpr-jarallax-no wpr-parallax-no wpr-sticky-section-no\" data-id=\"d730dc0\" data-element_type=\"section\">\n\t\t\t\t\t\t<div class=\"elementor-container elementor-column-gap-default\">\n\t\t\t\t\t<div class=\"elementor-column elementor-col-20 elementor-top-column elementor-element elementor-element-ff3c3a0\" data-id=\"ff3c3a0\" data-element_type=\"column\">\n\t\t\t<div class=\"elementor-widget-wrap elementor-element-populated\">\n\t\t\t\t\t\t<div class=\"elementor-element elementor-element-9b5b816 elementor-position-top elementor-widget elementor-widget-image-box\" data-id=\"9b5b816\" data-element_type=\"widget\" data-widget_type=\"image-box.default\">\n\t\t\t\t<div class=\"elementor-widget-container\">\n\t\t\t<div class=\"elementor-image-box-wrapper\"><figure class=\"elementor-image-box-img\"><a href=\"https:\/\/magniflex.al\/en\/product\/abbraccio-standard\/\" tabindex=\"-1\"><img fetchpriority=\"high\" decoding=\"async\" width=\"574\" height=\"460\" src=\"https:\/\/magniflex.al\/wp-content\/uploads\/2025\/08\/Abbraccio-final.png\" class=\"attachment-full size-full wp-image-19872\" alt=\"\" srcset=\"https:\/\/magniflex.al\/wp-content\/uploads\/2025\/08\/Abbraccio-final.png 574w, https:\/\/magniflex.al\/wp-content\/uploads\/2025\/08\/Abbraccio-final-300x240.png 300w, https:\/\/magniflex.al\/wp-content\/uploads\/2025\/08\/Abbraccio-final-15x12.png 15w, https:\/\/magniflex.al\/wp-content\/uploads\/2025\/08\/Abbraccio-final-562x450.png 562w\" sizes=\"(max-width: 574px) 100vw, 574px\" \/><\/a><\/figure><div class=\"elementor-image-box-content\"><h3 class=\"elementor-image-box-title\"><a href=\"https:\/\/magniflex.al\/en\/product\/abbraccio-standard\/\">ABBRACCIO<\/a><\/h3><p class=\"elementor-image-box-description\">Jast\u00ebk memory foam q\u00eb p\u00ebrqafon kok\u00ebn dhe qaf\u00ebn p\u00ebr rehati maksimale dhe gjum\u00eb t\u00eb thell\u00eb.\n<\/p><\/div><\/div>\t\t<\/div>\n\t\t\t\t<\/div>\n\t\t\t\t\t<\/div>\n\t\t<\/div>\n\t\t\t\t<div class=\"elementor-column elementor-col-20 elementor-top-column elementor-element elementor-element-4d39345\" data-id=\"4d39345\" data-element_type=\"column\">\n\t\t\t<div class=\"elementor-widget-wrap elementor-element-populated\">\n\t\t\t\t\t\t<div class=\"elementor-element elementor-element-62cff36 elementor-position-top elementor-widget elementor-widget-image-box\" data-id=\"62cff36\" data-element_type=\"widget\" data-widget_type=\"image-box.default\">\n\t\t\t\t<div class=\"elementor-widget-container\">\n\t\t\t<div class=\"elementor-image-box-wrapper\"><figure class=\"elementor-image-box-img\"><a href=\"https:\/\/magniflex.al\/en\/product\/classico-standard\/\" tabindex=\"-1\"><img decoding=\"async\" width=\"574\" height=\"460\" src=\"https:\/\/magniflex.al\/wp-content\/uploads\/2025\/08\/classico-guanciale.jpg\" class=\"attachment-full size-full wp-image-19874\" alt=\"\" srcset=\"https:\/\/magniflex.al\/wp-content\/uploads\/2025\/08\/classico-guanciale.jpg 574w, https:\/\/magniflex.al\/wp-content\/uploads\/2025\/08\/classico-guanciale-300x240.jpg 300w, https:\/\/magniflex.al\/wp-content\/uploads\/2025\/08\/classico-guanciale-15x12.jpg 15w, https:\/\/magniflex.al\/wp-content\/uploads\/2025\/08\/classico-guanciale-562x450.jpg 562w\" sizes=\"(max-width: 574px) 100vw, 574px\" \/><\/a><\/figure><div class=\"elementor-image-box-content\"><h3 class=\"elementor-image-box-title\"><a href=\"https:\/\/magniflex.al\/en\/product\/classico-standard\/\">CLASSICO<\/a><\/h3><p class=\"elementor-image-box-description\">Jast\u00ebk klasik ortopedik me mb\u00ebshtetje ideale p\u00ebr qaf\u00ebn dhe gjum\u00eb t\u00eb rehatsh\u00ebm \u00e7do nat\u00eb.\n<\/p><\/div><\/div>\t\t<\/div>\n\t\t\t\t<\/div>\n\t\t\t\t\t<\/div>\n\t\t<\/div>\n\t\t\t\t<div class=\"elementor-column elementor-col-20 elementor-top-column elementor-element elementor-element-5bfb88e\" data-id=\"5bfb88e\" data-element_type=\"column\">\n\t\t\t<div class=\"elementor-widget-wrap elementor-element-populated\">\n\t\t\t\t\t\t<div class=\"elementor-element elementor-element-2765a03 elementor-position-top elementor-widget elementor-widget-image-box\" data-id=\"2765a03\" data-element_type=\"widget\" data-widget_type=\"image-box.default\">\n\t\t\t\t<div class=\"elementor-widget-container\">\n\t\t\t<div class=\"elementor-image-box-wrapper\"><figure class=\"elementor-image-box-img\"><a href=\"https:\/\/magniflex.al\/en\/product\/cotton-deluxe-standard\/\" tabindex=\"-1\"><img decoding=\"async\" width=\"574\" height=\"460\" src=\"https:\/\/magniflex.al\/wp-content\/uploads\/2025\/08\/COTTON-FINAL.png\" class=\"attachment-full size-full wp-image-19875\" alt=\"\" srcset=\"https:\/\/magniflex.al\/wp-content\/uploads\/2025\/08\/COTTON-FINAL.png 574w, https:\/\/magniflex.al\/wp-content\/uploads\/2025\/08\/COTTON-FINAL-300x240.png 300w, https:\/\/magniflex.al\/wp-content\/uploads\/2025\/08\/COTTON-FINAL-15x12.png 15w, https:\/\/magniflex.al\/wp-content\/uploads\/2025\/08\/COTTON-FINAL-562x450.png 562w\" sizes=\"(max-width: 574px) 100vw, 574px\" \/><\/a><\/figure><div class=\"elementor-image-box-content\"><h3 class=\"elementor-image-box-title\"><a href=\"https:\/\/magniflex.al\/en\/product\/cotton-deluxe-standard\/\">COTTON<\/a><\/h3><p class=\"elementor-image-box-description\">Jast\u00ebk me pambuk natyral q\u00eb garanton freski, frym\u00ebmarrje dhe gjum\u00eb t\u00eb sh\u00ebndetsh\u00ebm.\n<\/p><\/div><\/div>\t\t<\/div>\n\t\t\t\t<\/div>\n\t\t\t\t\t<\/div>\n\t\t<\/div>\n\t\t\t\t<div class=\"elementor-column elementor-col-20 elementor-top-column elementor-element elementor-element-fb86590\" data-id=\"fb86590\" data-element_type=\"column\">\n\t\t\t<div class=\"elementor-widget-wrap elementor-element-populated\">\n\t\t\t\t\t\t<div class=\"elementor-element elementor-element-1341cb9 elementor-position-top elementor-widget elementor-widget-image-box\" data-id=\"1341cb9\" data-element_type=\"widget\" data-widget_type=\"image-box.default\">\n\t\t\t\t<div class=\"elementor-widget-container\">\n\t\t\t<div class=\"elementor-image-box-wrapper\"><figure class=\"elementor-image-box-img\"><a href=\"https:\/\/magniflex.al\/en\/product\/magnicool\/\" tabindex=\"-1\"><img loading=\"lazy\" decoding=\"async\" width=\"574\" height=\"460\" src=\"https:\/\/magniflex.al\/wp-content\/uploads\/2025\/08\/magnicool-guanciali.jpg\" class=\"attachment-full size-full wp-image-19876\" alt=\"\" srcset=\"https:\/\/magniflex.al\/wp-content\/uploads\/2025\/08\/magnicool-guanciali.jpg 574w, https:\/\/magniflex.al\/wp-content\/uploads\/2025\/08\/magnicool-guanciali-300x240.jpg 300w, https:\/\/magniflex.al\/wp-content\/uploads\/2025\/08\/magnicool-guanciali-15x12.jpg 15w, https:\/\/magniflex.al\/wp-content\/uploads\/2025\/08\/magnicool-guanciali-562x450.jpg 562w\" sizes=\"(max-width: 574px) 100vw, 574px\" \/><\/a><\/figure><div class=\"elementor-image-box-content\"><h3 class=\"elementor-image-box-title\"><a href=\"https:\/\/magniflex.al\/en\/product\/magnicool\/\">MAGNICOOL<\/a><\/h3><p class=\"elementor-image-box-description\">Jast\u00ebk freskues q\u00eb ul djersitjen dhe mban temperatur\u00ebn perfekte gjat\u00eb gjumit.\n\n<\/p><\/div><\/div>\t\t<\/div>\n\t\t\t\t<\/div>\n\t\t\t\t\t<\/div>\n\t\t<\/div>\n\t\t\t\t<div class=\"elementor-column elementor-col-20 elementor-top-column elementor-element elementor-element-6049fe4\" data-id=\"6049fe4\" data-element_type=\"column\">\n\t\t\t<div class=\"elementor-widget-wrap elementor-element-populated\">\n\t\t\t\t\t\t<div class=\"elementor-element elementor-element-2d58250 elementor-position-top elementor-widget elementor-widget-image-box\" data-id=\"2d58250\" data-element_type=\"widget\" data-widget_type=\"image-box.default\">\n\t\t\t\t<div class=\"elementor-widget-container\">\n\t\t\t<div class=\"elementor-image-box-wrapper\"><figure class=\"elementor-image-box-img\"><a href=\"https:\/\/magniflex.al\/en\/product\/jastek-magnistretch-m\/\" tabindex=\"-1\"><img loading=\"lazy\" decoding=\"async\" width=\"574\" height=\"460\" src=\"https:\/\/magniflex.al\/wp-content\/uploads\/2025\/10\/magnistretch-jastekkk.png\" class=\"attachment-full size-full wp-image-20975\" alt=\"\" srcset=\"https:\/\/magniflex.al\/wp-content\/uploads\/2025\/10\/magnistretch-jastekkk.png 574w, https:\/\/magniflex.al\/wp-content\/uploads\/2025\/10\/magnistretch-jastekkk-300x240.png 300w, https:\/\/magniflex.al\/wp-content\/uploads\/2025\/10\/magnistretch-jastekkk-15x12.png 15w, https:\/\/magniflex.al\/wp-content\/uploads\/2025\/10\/magnistretch-jastekkk-562x450.png 562w\" sizes=\"(max-width: 574px) 100vw, 574px\" \/><\/a><\/figure><div class=\"elementor-image-box-content\"><h3 class=\"elementor-image-box-title\"><a href=\"https:\/\/magniflex.al\/en\/product\/jastek-magnistretch-m\/\">MAGNISTRETCH<\/a><\/h3><p class=\"elementor-image-box-description\">Jast\u00ebk q\u00eb ndihmon n\u00eb shtrirjen e qaf\u00ebs dhe redukton tensionin n\u00eb zon\u00ebn cervikale.\n<\/p><\/div><\/div>\t\t<\/div>\n\t\t\t\t<\/div>\n\t\t\t\t\t<\/div>\n\t\t<\/div>\n\t\t\t\t\t<\/div>\n\t\t<\/section>\n\t\t\t\t<section class=\"elementor-section elementor-top-section elementor-element elementor-element-91abadb elementor-section-boxed elementor-section-height-default elementor-section-height-default wpr-particle-no wpr-jarallax-no wpr-parallax-no wpr-sticky-section-no\" data-id=\"91abadb\" data-element_type=\"section\">\n\t\t\t\t\t\t<div class=\"elementor-container elementor-column-gap-default\">\n\t\t\t\t\t<div class=\"elementor-column elementor-col-25 elementor-top-column elementor-element elementor-element-8c32c17\" data-id=\"8c32c17\" data-element_type=\"column\">\n\t\t\t<div class=\"elementor-widget-wrap elementor-element-populated\">\n\t\t\t\t\t\t<div class=\"elementor-element elementor-element-610b405 elementor-position-top elementor-widget elementor-widget-image-box\" data-id=\"610b405\" data-element_type=\"widget\" data-widget_type=\"image-box.default\">\n\t\t\t\t<div class=\"elementor-widget-container\">\n\t\t\t<div class=\"elementor-image-box-wrapper\"><figure class=\"elementor-image-box-img\"><a href=\"https:\/\/magniflex.al\/en\/product\/piumino-doca\/\" tabindex=\"-1\"><img loading=\"lazy\" decoding=\"async\" width=\"574\" height=\"460\" src=\"https:\/\/magniflex.al\/wp-content\/uploads\/2025\/08\/piumino-guanciali.jpg\" class=\"attachment-full size-full wp-image-19877\" alt=\"\" srcset=\"https:\/\/magniflex.al\/wp-content\/uploads\/2025\/08\/piumino-guanciali.jpg 574w, https:\/\/magniflex.al\/wp-content\/uploads\/2025\/08\/piumino-guanciali-300x240.jpg 300w, https:\/\/magniflex.al\/wp-content\/uploads\/2025\/08\/piumino-guanciali-15x12.jpg 15w, https:\/\/magniflex.al\/wp-content\/uploads\/2025\/08\/piumino-guanciali-562x450.jpg 562w\" sizes=\"(max-width: 574px) 100vw, 574px\" \/><\/a><\/figure><div class=\"elementor-image-box-content\"><h3 class=\"elementor-image-box-title\"><a href=\"https:\/\/magniflex.al\/en\/product\/piumino-doca\/\">PIUMINO<\/a><\/h3><p class=\"elementor-image-box-description\">Jast\u00ebk super i but\u00eb q\u00eb ofron rehati klasike dhe mb\u00ebshtetje t\u00eb leht\u00eb p\u00ebr \u00e7do pozicion gjumi.\n<\/p><\/div><\/div>\t\t<\/div>\n\t\t\t\t<\/div>\n\t\t\t\t\t<\/div>\n\t\t<\/div>\n\t\t\t\t<div class=\"elementor-column elementor-col-25 elementor-top-column elementor-element elementor-element-6162031\" data-id=\"6162031\" data-element_type=\"column\">\n\t\t\t<div class=\"elementor-widget-wrap elementor-element-populated\">\n\t\t\t\t\t\t<div class=\"elementor-element elementor-element-f3798de elementor-position-top elementor-widget elementor-widget-image-box\" data-id=\"f3798de\" data-element_type=\"widget\" data-widget_type=\"image-box.default\">\n\t\t\t\t<div class=\"elementor-widget-container\">\n\t\t\t<div class=\"elementor-image-box-wrapper\"><figure class=\"elementor-image-box-img\"><a href=\"https:\/\/magniflex.al\/en\/product\/memoform-simple\/\" tabindex=\"-1\"><img loading=\"lazy\" decoding=\"async\" width=\"574\" height=\"460\" src=\"https:\/\/magniflex.al\/wp-content\/uploads\/2025\/08\/SIMPLE.jpg\" class=\"attachment-full size-full wp-image-19873\" alt=\"\" srcset=\"https:\/\/magniflex.al\/wp-content\/uploads\/2025\/08\/SIMPLE.jpg 574w, https:\/\/magniflex.al\/wp-content\/uploads\/2025\/08\/SIMPLE-300x240.jpg 300w, https:\/\/magniflex.al\/wp-content\/uploads\/2025\/08\/SIMPLE-15x12.jpg 15w, https:\/\/magniflex.al\/wp-content\/uploads\/2025\/08\/SIMPLE-562x450.jpg 562w\" sizes=\"(max-width: 574px) 100vw, 574px\" \/><\/a><\/figure><div class=\"elementor-image-box-content\"><h3 class=\"elementor-image-box-title\"><a href=\"https:\/\/magniflex.al\/en\/product\/memoform-simple\/\">SIMPLE<\/a><\/h3><p class=\"elementor-image-box-description\">Jast\u00ebk memory foam praktik q\u00eb p\u00ebrshtatet me kok\u00ebn p\u00ebr mb\u00ebshtetje t\u00eb p\u00ebrditshme dhe komoditet.\n<\/p><\/div><\/div>\t\t<\/div>\n\t\t\t\t<\/div>\n\t\t\t\t\t<\/div>\n\t\t<\/div>\n\t\t\t\t<div class=\"elementor-column elementor-col-25 elementor-top-column elementor-element elementor-element-43c9ffa\" data-id=\"43c9ffa\" data-element_type=\"column\">\n\t\t\t<div class=\"elementor-widget-wrap elementor-element-populated\">\n\t\t\t\t\t\t<div class=\"elementor-element elementor-element-9105a04 elementor-position-top elementor-widget elementor-widget-image-box\" data-id=\"9105a04\" data-element_type=\"widget\" data-widget_type=\"image-box.default\">\n\t\t\t\t<div class=\"elementor-widget-container\">\n\t\t\t<div class=\"elementor-image-box-wrapper\"><figure class=\"elementor-image-box-img\"><a href=\"https:\/\/magniflex.al\/en\/product\/superiore-deluxe-standard\/\" tabindex=\"-1\"><img loading=\"lazy\" decoding=\"async\" width=\"574\" height=\"460\" src=\"https:\/\/magniflex.al\/wp-content\/uploads\/2025\/08\/superiore-guanciali.jpg\" class=\"attachment-full size-full wp-image-19879\" alt=\"\" srcset=\"https:\/\/magniflex.al\/wp-content\/uploads\/2025\/08\/superiore-guanciali.jpg 574w, https:\/\/magniflex.al\/wp-content\/uploads\/2025\/08\/superiore-guanciali-300x240.jpg 300w, https:\/\/magniflex.al\/wp-content\/uploads\/2025\/08\/superiore-guanciali-15x12.jpg 15w, https:\/\/magniflex.al\/wp-content\/uploads\/2025\/08\/superiore-guanciali-562x450.jpg 562w\" sizes=\"(max-width: 574px) 100vw, 574px\" \/><\/a><\/figure><div class=\"elementor-image-box-content\"><h3 class=\"elementor-image-box-title\"><a href=\"https:\/\/magniflex.al\/en\/product\/superiore-deluxe-standard\/\">SUPERIORE<\/a><\/h3><p class=\"elementor-image-box-description\">Jast\u00ebk premium me teknologji termorregulluese p\u00ebr gjum\u00eb t\u00eb fresk\u00ebt dhe pa nd\u00ebrprerje.\n<\/p><\/div><\/div>\t\t<\/div>\n\t\t\t\t<\/div>\n\t\t\t\t\t<\/div>\n\t\t<\/div>\n\t\t\t\t<div class=\"elementor-column elementor-col-25 elementor-top-column elementor-element elementor-element-c418982\" data-id=\"c418982\" data-element_type=\"column\">\n\t\t\t<div class=\"elementor-widget-wrap elementor-element-populated\">\n\t\t\t\t\t\t<div class=\"elementor-element elementor-element-f65b114 elementor-position-top elementor-widget elementor-widget-image-box\" data-id=\"f65b114\" data-element_type=\"widget\" data-widget_type=\"image-box.default\">\n\t\t\t\t<div class=\"elementor-widget-container\">\n\t\t\t<div class=\"elementor-image-box-wrapper\"><figure class=\"elementor-image-box-img\"><a href=\"https:\/\/magniflex.al\/en\/product\/virtuoso-mallow-standard\/\" tabindex=\"-1\"><img loading=\"lazy\" decoding=\"async\" width=\"574\" height=\"460\" src=\"https:\/\/magniflex.al\/wp-content\/uploads\/2025\/08\/virtuoso-guanciali.jpg\" class=\"attachment-full size-full wp-image-19880\" alt=\"\" srcset=\"https:\/\/magniflex.al\/wp-content\/uploads\/2025\/08\/virtuoso-guanciali.jpg 574w, https:\/\/magniflex.al\/wp-content\/uploads\/2025\/08\/virtuoso-guanciali-300x240.jpg 300w, https:\/\/magniflex.al\/wp-content\/uploads\/2025\/08\/virtuoso-guanciali-15x12.jpg 15w, https:\/\/magniflex.al\/wp-content\/uploads\/2025\/08\/virtuoso-guanciali-562x450.jpg 562w\" sizes=\"(max-width: 574px) 100vw, 574px\" \/><\/a><\/figure><div class=\"elementor-image-box-content\"><h3 class=\"elementor-image-box-title\"><a href=\"https:\/\/magniflex.al\/en\/product\/virtuoso-mallow-standard\/\">VIRTUOSO<\/a><\/h3><p class=\"elementor-image-box-description\">Jast\u00ebk luksoz me materiale t\u00eb rafinuara p\u00ebr rehati elegante dhe mb\u00ebshtetje superiore.<\/p><\/div><\/div>\t\t<\/div>\n\t\t\t\t<\/div>\n\t\t\t\t\t<\/div>\n\t\t<\/div>\n\t\t\t\t\t<\/div>\n\t\t<\/section>\n\t\t\t\t<\/div>","protected":false},"excerpt":{"rendered":"<p>Jast\u00ebk Magniflex n\u00eb Shqip\u00ebri \u2013 Komfort dhe Teknologji Italiane Zbuloni koleksionin e jast\u00ebk\u00ebve premium Magniflex \u2014 nga memory foam anatomik tek fibrat natyrale. \u00c7do jast\u00ebk \u00ebsht\u00eb projektuar p\u00ebr t\u00eb mb\u00ebshtetur qaf\u00ebn dhe kok\u00ebn n\u00eb pozicionin ideal, duke garantuar gjum\u00eb t\u00eb sh\u00ebndetsh\u00ebm dhe t\u00eb rehatsh\u00ebm \u00e7do nat\u00eb. Gjeni jast\u00ebkun e duhur sipas stilit tuaj t\u00eb gjumit. ABBRACCIO Jast\u00ebk memory foam q\u00eb p\u00ebrqafon kok\u00ebn dhe qaf\u00ebn p\u00ebr rehati maksimale dhe gjum\u00eb t\u00eb thell\u00eb. CLASSICO Jast\u00ebk klasik ortopedik me mb\u00ebshtetje ideale p\u00ebr qaf\u00ebn dhe gjum\u00eb t\u00eb rehatsh\u00ebm \u00e7do nat\u00eb. COTTON Jast\u00ebk me pambuk natyral q\u00eb garanton freski, frym\u00ebmarrje dhe gjum\u00eb t\u00eb sh\u00ebndetsh\u00ebm. MAGNICOOL Jast\u00ebk freskues q\u00eb ul djersitjen dhe mban temperatur\u00ebn perfekte gjat\u00eb gjumit. MAGNISTRETCH Jast\u00ebk q\u00eb ndihmon n\u00eb shtrirjen e qaf\u00ebs dhe redukton tensionin n\u00eb zon\u00ebn cervikale. PIUMINO Jast\u00ebk super i but\u00eb q\u00eb ofron rehati klasike dhe mb\u00ebshtetje t\u00eb leht\u00eb p\u00ebr \u00e7do pozicion gjumi. SIMPLE Jast\u00ebk memory foam praktik q\u00eb p\u00ebrshtatet me kok\u00ebn p\u00ebr mb\u00ebshtetje t\u00eb p\u00ebrditshme dhe komoditet. SUPERIORE Jast\u00ebk premium me teknologji termorregulluese p\u00ebr gjum\u00eb t\u00eb fresk\u00ebt dhe pa nd\u00ebrprerje. VIRTUOSO Jast\u00ebk luksoz me materiale t\u00eb rafinuara p\u00ebr rehati elegante dhe mb\u00ebshtetje superiore.<\/p>","protected":false},"author":1,"featured_media":21076,"parent":0,"menu_order":0,"comment_status":"closed","ping_status":"closed","template":"elementor_canvas","meta":{"_monsterinsights_skip_tracking":false,"_monsterinsights_sitenote_active":false,"_monsterinsights_sitenote_note":"","_monsterinsights_sitenote_category":0,"site-sidebar-layout":"default","site-content-layout":"","ast-site-content-layout":"default","site-content-style":"default","site-sidebar-style":"default","ast-global-header-display":"","ast-banner-title-visibility":"","ast-main-header-display":"","ast-hfb-above-header-display":"","ast-hfb-below-header-display":"","ast-hfb-mobile-header-display":"","site-post-title":"","ast-breadcrumbs-content":"","ast-featured-img":"","footer-sml-layout":"","theme-transparent-header-meta":"","adv-header-id-meta":"","stick-header-meta":"","header-above-stick-meta":"","header-main-stick-meta":"","header-below-stick-meta":"","astra-migrate-meta-layouts":"default","ast-page-background-enabled":"default","ast-page-background-meta":{"desktop":{"background-color":"var(--ast-global-color-5)","background-image":"","background-repeat":"repeat","background-position":"center center","background-size":"auto","background-attachment":"scroll","background-type":"","background-media":"","overlay-type":"","overlay-color":"","overlay-opacity":"","overlay-gradient":""},"tablet":{"background-color":"","background-image":"","background-repeat":"repeat","background-position":"center center","background-size":"auto","background-attachment":"scroll","background-type":"","background-media":"","overlay-type":"","overlay-color":"","overlay-opacity":"","overlay-gradient":""},"mobile":{"background-color":"","background-image":"","background-repeat":"repeat","background-position":"center center","background-size":"auto","background-attachment":"scroll","background-type":"","background-media":"","overlay-type":"","overlay-color":"","overlay-opacity":"","overlay-gradient":""}},"ast-content-background-meta":{"desktop":{"background-color":"var(--ast-global-color-4)","background-image":"","background-repeat":"repeat","background-position":"center center","background-size":"auto","background-attachment":"scroll","background-type":"","background-media":"","overlay-type":"","overlay-color":"","overlay-opacity":"","overlay-gradient":""},"tablet":{"background-color":"var(--ast-global-color-4)","background-image":"","background-repeat":"repeat","background-position":"center center","background-size":"auto","background-attachment":"scroll","background-type":"","background-media":"","overlay-type":"","overlay-color":"","overlay-opacity":"","overlay-gradient":""},"mobile":{"background-color":"var(--ast-global-color-4)","background-image":"","background-repeat":"repeat","background-position":"center center","background-size":"auto","background-attachment":"scroll","background-type":"","background-media":"","overlay-type":"","overlay-color":"","overlay-opacity":"","overlay-gradient":""}},"footnotes":""},"class_list":["post-6664","page","type-page","status-publish","has-post-thumbnail","hentry"],"_links":{"self":[{"href":"https:\/\/magniflex.al\/en\/wp-json\/wp\/v2\/pages\/6664","targetHints":{"allow":["GET"]}}],"collection":[{"href":"https:\/\/magniflex.al\/en\/wp-json\/wp\/v2\/pages"}],"about":[{"href":"https:\/\/magniflex.al\/en\/wp-json\/wp\/v2\/types\/page"}],"author":[{"embeddable":true,"href":"https:\/\/magniflex.al\/en\/wp-json\/wp\/v2\/users\/1"}],"replies":[{"embeddable":true,"href":"https:\/\/magniflex.al\/en\/wp-json\/wp\/v2\/comments?post=6664"}],"version-history":[{"count":207,"href":"https:\/\/magniflex.al\/en\/wp-json\/wp\/v2\/pages\/6664\/revisions"}],"predecessor-version":[{"id":21252,"href":"https:\/\/magniflex.al\/en\/wp-json\/wp\/v2\/pages\/6664\/revisions\/21252"}],"wp:featuredmedia":[{"embeddable":true,"href":"https:\/\/magniflex.al\/en\/wp-json\/wp\/v2\/media\/21076"}],"wp:attachment":[{"href":"https:\/\/magniflex.al\/en\/wp-json\/wp\/v2\/media?parent=6664"}],"curies":[{"name":"wp","href":"https:\/\/api.w.org\/{rel}","templated":true}]}}