{"id":6199,"date":"2023-06-19T09:17:57","date_gmt":"2023-06-19T09:17:57","guid":{"rendered":"http:\/\/localhost\/magniflex\/?page_id=6199"},"modified":"2024-01-14T19:45:41","modified_gmt":"2024-01-14T19:45:41","slug":"garancite","status":"publish","type":"page","link":"https:\/\/magniflex.al\/en\/garancite\/","title":{"rendered":"Garancit\u00eb"},"content":{"rendered":"<div data-elementor-type=\"wp-page\" data-elementor-id=\"6199\" class=\"elementor elementor-6199\">\n\t\t\t\t\t\t<section class=\"elementor-section elementor-top-section elementor-element elementor-element-c8b82fd elementor-section-boxed elementor-section-height-default elementor-section-height-default wpr-particle-no wpr-jarallax-no wpr-parallax-no wpr-sticky-section-no\" data-id=\"c8b82fd\" data-element_type=\"section\">\n\t\t\t\t\t\t<div class=\"elementor-container elementor-column-gap-default\">\n\t\t\t\t\t<div class=\"elementor-column elementor-col-100 elementor-top-column elementor-element elementor-element-a716fd9\" data-id=\"a716fd9\" data-element_type=\"column\">\n\t\t\t<div class=\"elementor-widget-wrap elementor-element-populated\">\n\t\t\t\t\t\t<div class=\"elementor-element elementor-element-ea40345 elementor-widget elementor-widget-text-editor\" data-id=\"ea40345\" data-element_type=\"widget\" data-widget_type=\"text-editor.default\">\n\t\t\t\t<div class=\"elementor-widget-container\">\n\t\t\t\t\t\t\t<h2 class=\"wp-block-heading\">Garanci ligjore<\/h2><p>Ky dyshek p\u00ebrfiton nga nj\u00eb garanci e cil\u00ebsis\u00eb dhe konformitetit n\u00eb p\u00ebrputhje me dispozitat e Dekretit Legjislativ Italian nr. 206 dat\u00eb 6 shtator 2005 (\u201cKodi i Konsumatorit\u201d). Kjo garanci ofrohet nga Alessanderx SpA dhe \u00ebsht\u00eb e vlefshme p\u00ebr dy vjet nga data e blerjes e regjistruar n\u00eb fatur\u00ebn e taks\u00ebs, e cila duhet t\u00eb paraqitet nga bler\u00ebsi n\u00eb m\u00ebnyr\u00eb q\u00eb t\u00eb provoj\u00eb dat\u00ebn e blerjes. Garancia zbatohet kur ndonj\u00eb defekt dhe deformim raportohet brenda dy muajve nga data n\u00eb t\u00eb cil\u00ebn jan\u00eb konstatuar, me post\u00eb t\u00eb d\u00ebrguar t\u00eb regjistruar ose telegram p\u00ebr t\u2019u d\u00ebrguar n\u00eb Alessanderx SpA n\u00eb Prato, Via San Leonardo da Porto Maurizio 24\/26\/28 ose nga faksi n\u00eb numrin +39 0574 5101235. Ku, pas njoftimit t\u00eb shpejt\u00eb nga konsumatori, konstatohet ekzistenca e defekteve dhe \/ ose deformimeve t\u00eb raportuara, Alessanderx SpAdo t\u00eb jet\u00eb i detyruar t\u00eb riparoj\u00eb ose z\u00ebvend\u00ebsoj\u00eb \u2013 sipas gjykimit t\u00eb tij \u2013 dyshekun, me shpenzimet e tij.<\/p>\t\t\t\t\t\t<\/div>\n\t\t\t\t<\/div>\n\t\t\t\t\t<\/div>\n\t\t<\/div>\n\t\t\t\t\t<\/div>\n\t\t<\/section>\n\t\t\t\t<section class=\"elementor-section elementor-top-section elementor-element elementor-element-af95e1e elementor-section-boxed elementor-section-height-default elementor-section-height-default wpr-particle-no wpr-jarallax-no wpr-parallax-no wpr-sticky-section-no\" data-id=\"af95e1e\" data-element_type=\"section\">\n\t\t\t\t\t\t<div class=\"elementor-container elementor-column-gap-default\">\n\t\t\t\t\t<div class=\"elementor-column elementor-col-100 elementor-top-column elementor-element elementor-element-568fca2\" data-id=\"568fca2\" data-element_type=\"column\">\n\t\t\t<div class=\"elementor-widget-wrap elementor-element-populated\">\n\t\t\t\t\t\t<div class=\"elementor-element elementor-element-32fec30 elementor-widget elementor-widget-text-editor\" data-id=\"32fec30\" data-element_type=\"widget\" data-widget_type=\"text-editor.default\">\n\t\t\t\t<div class=\"elementor-widget-container\">\n\t\t\t\t\t\t\t<h2 class=\"wp-block-heading\">\u00c7far\u00eb nuk mbulon garancia<\/h2>\n<p>Vlefshm\u00ebria e garancis\u00eb ligjore dhe t\u00eb prodhuesit \u00ebsht\u00eb e kusht\u00ebzuar nga p\u00ebrdorimi i duhur i dyshekut dhe respektimi i rregullave t\u00eb p\u00ebrdorimit dhe mir\u00ebmbajtjes. \u00c7do ankes\u00eb p\u00ebr shkak t\u00eb fijeve t\u00eb grisura, vrimave ose njollave n\u00eb p\u00eblhur\u00eb ose defekteve t\u00eb tjera t\u00eb mundshme t\u00eb dukshme dhe \/ ose deformimeve, t\u00eb cilat nuk ndikojn\u00eb n\u00eb funksionalitetin e dyshekut, duhet t\u00eb raportohet menj\u00ebher\u00eb pas dor\u00ebzimit, dhe n\u00eb \u00e7do rast nga dhe jo m\u00eb shum\u00eb se shtat\u00eb dit\u00eb nga dor\u00ebzimi, n\u00eb Alessanderx SpA n\u00eb Prato, Via San Leonardo da Porto Maurizio 24\/26\/28 me post\u00eb t\u00eb regjistruar t\u00eb d\u00ebrgimit ose telegram ose me faks n\u00eb numrin +39 0574 5101235. P\u00ebr q\u00ebllime t\u00eb llogaritjes s\u00eb kushteve, mb\u00ebshtetja do t\u00eb vendoset tek pull\u00eb postare e vendosur nga zyra postare e d\u00ebrguesit. Kur afati i lartp\u00ebrmendur prej shtat\u00eb dit\u00ebsh nuk respektohet,dysheku nuk do t\u00eb mbulohet nga asnj\u00eb garanci p\u00ebr defekte dhe \/ ose deformime t\u00eb dukshme. \u00c7do zhytje n\u00ebn 15% t\u00eb lart\u00ebsis\u00eb s\u00eb dyshekut konsiderohet fiziologjike dhe p\u00ebr k\u00ebt\u00eb arsye p\u00ebrjashtohet nga garancia. Garancia p\u00ebrjashtohet gjithashtu n\u00ebse dysheku \u00ebsht\u00eb mbajtur n\u00eb kushte q\u00eb mund t\u00eb shkaktojn\u00eb deformime ose formimin e mykut. Nj\u00eb toleranc\u00eb prej +\/- 2 cm n\u00eb matjet p\u00ebr shkak t\u00eb montimit t\u00eb p\u00ebrb\u00ebr\u00ebsve elastik\u00eb vler\u00ebsohet t\u00eb jet\u00eb normale dhe p\u00ebr k\u00ebt\u00eb arsye p\u00ebrjashtohet nga garancia. Defektet e shkaktuara nga trajtimi i pasakt\u00eb, p\u00ebrdorimi i forc\u00ebs, ngarkesa e tep\u00ebrt, papast\u00ebrtia, lag\u00ebshtia ose riparimet e kryera nga nj\u00eb pal\u00eb e tret\u00eb nuk mbulohen nga garancia. P\u00ebrve\u00e7 k\u00ebsaj, garancia nuk mbulon njollat n\u00eb dyshek dhe \u00e7do efekt t\u00eb konsumit q\u00eb rrjedh nga p\u00ebrdorimi normal i produktit. Alessanderx SpArezervon t\u00eb drejt\u00ebn t\u00eb d\u00ebrgoj\u00eb nj\u00eb agjent p\u00ebr t\u00eb verifikuar dyshekun e d\u00ebmtuar dhe p\u00ebr t\u00eb konstatuar shkaqet e problemit para se ta mbledh\u00eb at\u00eb p\u00ebr riparim. Kur hiqet, dysheku duhet t\u00eb mbrohet nga nj\u00eb flet\u00eb plastike n\u00eb m\u00ebnyr\u00eb q\u00eb t\u00eb shmanget d\u00ebmtimi.<br><strong>P\u00ebr t\u00eb marr\u00eb m\u00eb shum\u00eb informacion mbi P\u00cbRDORIMIN dhe MIR\u00cb<\/strong><strong style=\"letter-spacing: 0.4px;\">MBAJTJEN e produktit, dhe p\u00ebr t\u00eb pasur t\u00eb drejt\u00ebn p\u00ebr nj\u00eb Zgjatje n\u00eb vitet e garancis\u00eb, plot\u00ebsoni regjistrimin.&nbsp;<a href=\"https:\/\/www-magniflex-com.translate.goog\/international\/warranties\/?_x_tr_sl=en&amp;_x_tr_tl=sq&amp;_x_tr_hl=en-US&amp;_x_tr_pto=ajax,se\" target=\"_blank\" rel=\"noopener\">(Kliko k\u00ebtu)<\/a><\/strong><\/p>\t\t\t\t\t\t<\/div>\n\t\t\t\t<\/div>\n\t\t\t\t\t<\/div>\n\t\t<\/div>\n\t\t\t\t\t<\/div>\n\t\t<\/section>\n\t\t\t\t<\/div>","protected":false},"excerpt":{"rendered":"<p>Garanci ligjore Ky dyshek p\u00ebrfiton nga nj\u00eb garanci e cil\u00ebsis\u00eb dhe konformitetit n\u00eb p\u00ebrputhje me dispozitat e Dekretit Legjislativ Italian nr. 206 dat\u00eb 6 shtator 2005 (\u201cKodi i Konsumatorit\u201d). Kjo garanci ofrohet nga Alessanderx SpA dhe \u00ebsht\u00eb e vlefshme p\u00ebr dy vjet nga data e blerjes e regjistruar n\u00eb fatur\u00ebn e taks\u00ebs, e cila duhet t\u00eb paraqitet nga bler\u00ebsi n\u00eb m\u00ebnyr\u00eb q\u00eb t\u00eb provoj\u00eb dat\u00ebn e blerjes. Garancia zbatohet kur ndonj\u00eb defekt dhe deformim raportohet brenda dy muajve nga data n\u00eb t\u00eb cil\u00ebn jan\u00eb konstatuar, me post\u00eb t\u00eb d\u00ebrguar t\u00eb regjistruar ose telegram p\u00ebr t\u2019u d\u00ebrguar n\u00eb Alessanderx SpA n\u00eb Prato, Via San Leonardo da Porto Maurizio 24\/26\/28 ose nga faksi n\u00eb numrin +39 0574 5101235. Ku, pas njoftimit t\u00eb shpejt\u00eb nga konsumatori, konstatohet ekzistenca e defekteve dhe \/ ose deformimeve t\u00eb raportuara, Alessanderx SpAdo t\u00eb jet\u00eb i detyruar t\u00eb riparoj\u00eb ose z\u00ebvend\u00ebsoj\u00eb \u2013 sipas gjykimit t\u00eb tij \u2013 dyshekun, me shpenzimet e tij. \u00c7far\u00eb nuk mbulon garancia Vlefshm\u00ebria e garancis\u00eb ligjore dhe t\u00eb prodhuesit \u00ebsht\u00eb e kusht\u00ebzuar nga p\u00ebrdorimi i duhur i dyshekut dhe respektimi i rregullave t\u00eb p\u00ebrdorimit dhe mir\u00ebmbajtjes. \u00c7do ankes\u00eb p\u00ebr shkak t\u00eb fijeve t\u00eb grisura, vrimave ose njollave n\u00eb p\u00eblhur\u00eb ose defekteve t\u00eb tjera t\u00eb mundshme t\u00eb dukshme dhe \/ ose deformimeve, t\u00eb cilat nuk ndikojn\u00eb n\u00eb funksionalitetin e dyshekut, duhet t\u00eb raportohet menj\u00ebher\u00eb pas dor\u00ebzimit, dhe n\u00eb \u00e7do rast nga dhe jo m\u00eb shum\u00eb se shtat\u00eb dit\u00eb nga dor\u00ebzimi, n\u00eb Alessanderx SpA n\u00eb Prato, Via San Leonardo da Porto Maurizio 24\/26\/28 me post\u00eb t\u00eb regjistruar t\u00eb d\u00ebrgimit ose telegram ose me faks n\u00eb numrin +39 0574 5101235. P\u00ebr q\u00ebllime t\u00eb llogaritjes s\u00eb kushteve, mb\u00ebshtetja do t\u00eb vendoset tek pull\u00eb postare e vendosur nga zyra postare e d\u00ebrguesit. Kur afati i lartp\u00ebrmendur prej shtat\u00eb dit\u00ebsh nuk respektohet,dysheku nuk do t\u00eb mbulohet nga asnj\u00eb garanci p\u00ebr defekte dhe \/ ose deformime t\u00eb dukshme. \u00c7do zhytje n\u00ebn 15% t\u00eb lart\u00ebsis\u00eb s\u00eb dyshekut konsiderohet fiziologjike dhe p\u00ebr k\u00ebt\u00eb arsye p\u00ebrjashtohet nga garancia. Garancia p\u00ebrjashtohet gjithashtu n\u00ebse dysheku \u00ebsht\u00eb mbajtur n\u00eb kushte q\u00eb mund t\u00eb shkaktojn\u00eb deformime ose formimin e mykut. Nj\u00eb toleranc\u00eb prej +\/- 2 cm n\u00eb matjet p\u00ebr shkak t\u00eb montimit t\u00eb p\u00ebrb\u00ebr\u00ebsve elastik\u00eb vler\u00ebsohet t\u00eb jet\u00eb normale dhe p\u00ebr k\u00ebt\u00eb arsye p\u00ebrjashtohet nga garancia. Defektet e shkaktuara nga trajtimi i pasakt\u00eb, p\u00ebrdorimi i forc\u00ebs, ngarkesa e tep\u00ebrt, papast\u00ebrtia, lag\u00ebshtia ose riparimet e kryera nga nj\u00eb pal\u00eb e tret\u00eb nuk mbulohen nga garancia. P\u00ebrve\u00e7 k\u00ebsaj, garancia nuk mbulon njollat n\u00eb dyshek dhe \u00e7do efekt t\u00eb konsumit q\u00eb rrjedh nga p\u00ebrdorimi normal i produktit. Alessanderx SpArezervon t\u00eb drejt\u00ebn t\u00eb d\u00ebrgoj\u00eb nj\u00eb agjent p\u00ebr t\u00eb verifikuar dyshekun e d\u00ebmtuar dhe p\u00ebr t\u00eb konstatuar shkaqet e problemit para se ta mbledh\u00eb at\u00eb p\u00ebr riparim. Kur hiqet, dysheku duhet t\u00eb mbrohet nga nj\u00eb flet\u00eb plastike n\u00eb m\u00ebnyr\u00eb q\u00eb t\u00eb shmanget d\u00ebmtimi.P\u00ebr t\u00eb marr\u00eb m\u00eb shum\u00eb informacion mbi P\u00cbRDORIMIN dhe MIR\u00cbMBAJTJEN e produktit, dhe p\u00ebr t\u00eb pasur t\u00eb drejt\u00ebn p\u00ebr nj\u00eb Zgjatje n\u00eb vitet e garancis\u00eb, plot\u00ebsoni regjistrimin.&nbsp;(Kliko k\u00ebtu)<\/p>","protected":false},"author":1,"featured_media":0,"parent":0,"menu_order":0,"comment_status":"closed","ping_status":"closed","template":"","meta":{"_monsterinsights_skip_tracking":false,"_monsterinsights_sitenote_active":false,"_monsterinsights_sitenote_note":"","_monsterinsights_sitenote_category":0,"site-sidebar-layout":"default","site-content-layout":"","ast-site-content-layout":"default","site-content-style":"default","site-sidebar-style":"default","ast-global-header-display":"","ast-banner-title-visibility":"","ast-main-header-display":"","ast-hfb-above-header-display":"","ast-hfb-below-header-display":"","ast-hfb-mobile-header-display":"","site-post-title":"","ast-breadcrumbs-content":"","ast-featured-img":"","footer-sml-layout":"","theme-transparent-header-meta":"","adv-header-id-meta":"","stick-header-meta":"","header-above-stick-meta":"","header-main-stick-meta":"","header-below-stick-meta":"","astra-migrate-meta-layouts":"default","ast-page-background-enabled":"default","ast-page-background-meta":{"desktop":{"background-color":"var(--ast-global-color-5)","background-image":"","background-repeat":"repeat","background-position":"center center","background-size":"auto","background-attachment":"scroll","background-type":"","background-media":"","overlay-type":"","overlay-color":"","overlay-opacity":"","overlay-gradient":""},"tablet":{"background-color":"","background-image":"","background-repeat":"repeat","background-position":"center center","background-size":"auto","background-attachment":"scroll","background-type":"","background-media":"","overlay-type":"","overlay-color":"","overlay-opacity":"","overlay-gradient":""},"mobile":{"background-color":"","background-image":"","background-repeat":"repeat","background-position":"center center","background-size":"auto","background-attachment":"scroll","background-type":"","background-media":"","overlay-type":"","overlay-color":"","overlay-opacity":"","overlay-gradient":""}},"ast-content-background-meta":{"desktop":{"background-color":"var(--ast-global-color-4)","background-image":"","background-repeat":"repeat","background-position":"center center","background-size":"auto","background-attachment":"scroll","background-type":"","background-media":"","overlay-type":"","overlay-color":"","overlay-opacity":"","overlay-gradient":""},"tablet":{"background-color":"var(--ast-global-color-4)","background-image":"","background-repeat":"repeat","background-position":"center center","background-size":"auto","background-attachment":"scroll","background-type":"","background-media":"","overlay-type":"","overlay-color":"","overlay-opacity":"","overlay-gradient":""},"mobile":{"background-color":"var(--ast-global-color-4)","background-image":"","background-repeat":"repeat","background-position":"center center","background-size":"auto","background-attachment":"scroll","background-type":"","background-media":"","overlay-type":"","overlay-color":"","overlay-opacity":"","overlay-gradient":""}},"footnotes":""},"class_list":["post-6199","page","type-page","status-publish","hentry"],"_links":{"self":[{"href":"https:\/\/magniflex.al\/en\/wp-json\/wp\/v2\/pages\/6199","targetHints":{"allow":["GET"]}}],"collection":[{"href":"https:\/\/magniflex.al\/en\/wp-json\/wp\/v2\/pages"}],"about":[{"href":"https:\/\/magniflex.al\/en\/wp-json\/wp\/v2\/types\/page"}],"author":[{"embeddable":true,"href":"https:\/\/magniflex.al\/en\/wp-json\/wp\/v2\/users\/1"}],"replies":[{"embeddable":true,"href":"https:\/\/magniflex.al\/en\/wp-json\/wp\/v2\/comments?post=6199"}],"version-history":[{"count":10,"href":"https:\/\/magniflex.al\/en\/wp-json\/wp\/v2\/pages\/6199\/revisions"}],"predecessor-version":[{"id":8253,"href":"https:\/\/magniflex.al\/en\/wp-json\/wp\/v2\/pages\/6199\/revisions\/8253"}],"wp:attachment":[{"href":"https:\/\/magniflex.al\/en\/wp-json\/wp\/v2\/media?parent=6199"}],"curies":[{"name":"wp","href":"https:\/\/api.w.org\/{rel}","templated":true}]}}